{"id":1251,"date":"2025-08-26T13:12:56","date_gmt":"2025-08-26T13:12:56","guid":{"rendered":"https:\/\/itop.hu\/?page_id=1251"},"modified":"2025-08-26T13:12:56","modified_gmt":"2025-08-26T13:12:56","slug":"ibf","status":"publish","type":"page","link":"https:\/\/itop.hu\/eng\/ibf\/","title":{"rendered":"IBF"},"content":{"rendered":"<p>[et_pb_section fb_built=&#8221;1&#8243; admin_label=&#8221;Header&#8221; _builder_version=&#8221;4.22.1&#8243; _module_preset=&#8221;default&#8221; background_color=&#8221;#000000&#8243; da_disable_devices=&#8221;off|off|off&#8221; collapsed=&#8221;on&#8221; global_colors_info=&#8221;{}&#8221; theme_builder_area=&#8221;post_content&#8221; da_is_popup=&#8221;off&#8221; da_exit_intent=&#8221;off&#8221; da_has_close=&#8221;on&#8221; da_alt_close=&#8221;off&#8221; da_dark_close=&#8221;off&#8221; da_not_modal=&#8221;on&#8221; da_is_singular=&#8221;off&#8221; da_with_loader=&#8221;off&#8221; da_has_shadow=&#8221;on&#8221;][et_pb_row make_equal=&#8221;on&#8221; _builder_version=&#8221;4.22.1&#8243; _module_preset=&#8221;default&#8221; global_colors_info=&#8221;{}&#8221; theme_builder_area=&#8221;post_content&#8221;][et_pb_column type=&#8221;4_4&#8243; _builder_version=&#8221;4.22.1&#8243; _module_preset=&#8221;default&#8221; global_colors_info=&#8221;{}&#8221; theme_builder_area=&#8221;post_content&#8221;][et_pb_text _builder_version=&#8221;4.27.4&#8243; _module_preset=&#8221;43dd899b-591a-470f-9463-b85aac6780e8&#8243; header_4_text_color=&#8221;gcid-afa30cf2-6f5d-4b9c-aa39-7dbe1ac3b7a3&#8243; global_colors_info=&#8221;{%22gcid-afa30cf2-6f5d-4b9c-aa39-7dbe1ac3b7a3%22:%91%22header_4_text_color%22%93}&#8221; theme_builder_area=&#8221;post_content&#8221;]<\/p>\n<h4><span style=\"color: #ff6600;\">ITOP.HU<\/span><\/h4>\n<p>[\/et_pb_text][et_pb_text _builder_version=&#8221;4.27.4&#8243; _module_preset=&#8221;12a96b61-a78c-4e84-b142-ec40d25973ae&#8221; header_text_color=&#8221;#FFFFFF&#8221; hover_enabled=&#8221;0&#8243; global_colors_info=&#8221;{}&#8221; theme_builder_area=&#8221;post_content&#8221; sticky_enabled=&#8221;0&#8243;]<\/p>\n<h1 data-pm-slice=\"1 1 [&quot;document&quot;,{&quot;aiOptions&quot;:{&quot;preserveLayouts&quot;:false,&quot;imageOptions&quot;:{&quot;license&quot;:&quot;All&quot;,&quot;provider&quot;:&quot;aiGenerated&quot;,&quot;generateStyle&quot;:&quot;bright colors, yellows&quot;,&quot;model&quot;:&quot;imagen-3-pro&quot;,&quot;stylePreset&quot;:&quot;Theme&quot;}},&quot;docId&quot;:&quot;oetd14m284983e7&quot;,&quot;background&quot;:{&quot;type&quot;:&quot;none&quot;},&quot;docFlags&quot;:{&quot;cardLayoutsEnabled&quot;:true},&quot;format&quot;:&quot;deck&quot;,&quot;customCode&quot;:{},&quot;settings&quot;:{&quot;defaultFullBleed&quot;:&quot;contained&quot;,&quot;stylesDerivedFrom&quot;:&quot;deck_default&quot;,&quot;cardDimensions&quot;:&quot;fluid&quot;,&quot;verticalAlign&quot;:&quot;center&quot;,&quot;defaultContentWidth&quot;:&quot;lg&quot;,&quot;fontSize&quot;:&quot;md&quot;,&quot;scaleContentToFit&quot;:false,&quot;animationsEnabled&quot;:true},&quot;generateStatus&quot;:&quot;done&quot;,&quot;generateInfo&quot;:{&quot;interactionId&quot;:&quot;uweganmiyglx5eo&quot;,&quot;streamId&quot;:&quot;oetd14m284983e7&quot;,&quot;lastEventId&quot;:&quot;8&quot;,&quot;lastCompletedCardId&quot;:&quot;k1qflrwuvrattmo&quot;,&quot;lastCompletedCardIndex&quot;:7}},&quot;card&quot;,{&quot;id&quot;:&quot;pprtozuzmpj3ct3&quot;,&quot;previewContent&quot;:null,&quot;background&quot;:{&quot;type&quot;:&quot;none&quot;},&quot;container&quot;:{},&quot;cardSize&quot;:&quot;default&quot;,&quot;layout&quot;:&quot;left&quot;,&quot;layoutTemplateColumns&quot;:null,&quot;layoutTemplateRows&quot;:null,&quot;verticalAlign&quot;:null,&quot;generatorInput&quot;:null,&quot;fontScale&quot;:null,&quot;cardMarginSettings&quot;:{},&quot;hidden&quot;:false},&quot;cardLayoutItem&quot;,{&quot;itemId&quot;:&quot;body&quot;}]\" style=\"text-align: left;\">IBF &#8211;\u00a0<\/h1>\n<p>[\/et_pb_text][\/et_pb_column][\/et_pb_row][et_pb_row _builder_version=&#8221;4.27.4&#8243; _module_preset=&#8221;default&#8221; global_colors_info=&#8221;{}&#8221; theme_builder_area=&#8221;post_content&#8221;][et_pb_column type=&#8221;4_4&#8243; _builder_version=&#8221;4.27.4&#8243; _module_preset=&#8221;default&#8221; global_colors_info=&#8221;{}&#8221; theme_builder_area=&#8221;post_content&#8221;][\/et_pb_column][\/et_pb_row][\/et_pb_section][et_pb_section fb_built=&#8221;1&#8243; _builder_version=&#8221;4.27.4&#8243; _module_preset=&#8221;default&#8221; background_color=&#8221;#000000&#8243; da_disable_devices=&#8221;off|off|off&#8221; global_colors_info=&#8221;{}&#8221; theme_builder_area=&#8221;post_content&#8221; da_is_popup=&#8221;off&#8221; da_exit_intent=&#8221;off&#8221; da_has_close=&#8221;on&#8221; da_alt_close=&#8221;off&#8221; da_dark_close=&#8221;off&#8221; da_not_modal=&#8221;on&#8221; da_is_singular=&#8221;off&#8221; da_with_loader=&#8221;off&#8221; da_has_shadow=&#8221;on&#8221;][et_pb_row _builder_version=&#8221;4.27.4&#8243; _module_preset=&#8221;default&#8221; global_colors_info=&#8221;{}&#8221; theme_builder_area=&#8221;post_content&#8221;][et_pb_column type=&#8221;4_4&#8243; _builder_version=&#8221;4.27.4&#8243; _module_preset=&#8221;default&#8221; global_colors_info=&#8221;{}&#8221; theme_builder_area=&#8221;post_content&#8221;][et_pb_button button_url=&#8221;https:\/\/itop.hu\/kapcsolat\/&#8221; button_text=&#8221;AJ\u00c1NLATOT K\u00c9REK&#8221; button_alignment=&#8221;center&#8221; _builder_version=&#8221;4.27.4&#8243; _module_preset=&#8221;default&#8221; custom_button=&#8221;on&#8221; button_text_color=&#8221;#FFFFFF&#8221; button_bg_color=&#8221;#8300E9&#8243; button_border_width=&#8221;0px&#8221; button_border_radius=&#8221;20px&#8221; button_icon=&#8221;&#x3d;||divi||400&#8243; background_layout=&#8221;dark&#8221; global_colors_info=&#8221;{}&#8221; theme_builder_area=&#8221;post_content&#8221;][\/et_pb_button][\/et_pb_column][\/et_pb_row][\/et_pb_section][et_pb_section fb_built=&#8221;1&#8243; admin_label=&#8221;Footer&#8221; _builder_version=&#8221;4.24.2&#8243; _module_preset=&#8221;default&#8221; background_color=&#8221;#000000&#8243; use_background_color_gradient=&#8221;on&#8221; background_color_gradient_stops=&#8221;#000000 10%|rgba(0,0,0,0.5) 50%|#000000 90%&#8221; background_color_gradient_overlays_image=&#8221;on&#8221; background_image=&#8221;https:\/\/itop.hu\/wp-content\/uploads\/2024\/12\/augmented-reality-2.jpg&#8221; background_enable_image=&#8221;off&#8221; custom_padding=&#8221;6vw||6vw||true|false&#8221; da_disable_devices=&#8221;off|off|off&#8221; saved_tabs=&#8221;all&#8221; collapsed=&#8221;on&#8221; global_colors_info=&#8221;{}&#8221; theme_builder_area=&#8221;post_content&#8221; da_is_popup=&#8221;off&#8221; da_exit_intent=&#8221;off&#8221; da_has_close=&#8221;on&#8221; da_alt_close=&#8221;off&#8221; da_dark_close=&#8221;off&#8221; da_not_modal=&#8221;on&#8221; da_is_singular=&#8221;off&#8221; da_with_loader=&#8221;off&#8221; da_has_shadow=&#8221;on&#8221;][et_pb_row _builder_version=&#8221;4.24.2&#8243; _module_preset=&#8221;default&#8221; global_colors_info=&#8221;{}&#8221; theme_builder_area=&#8221;post_content&#8221;][et_pb_column type=&#8221;4_4&#8243; _builder_version=&#8221;4.22.1&#8243; _module_preset=&#8221;default&#8221; global_colors_info=&#8221;{}&#8221; theme_builder_area=&#8221;post_content&#8221;][et_pb_image src=&#8221;https:\/\/itop.hu\/wp-content\/uploads\/2024\/12\/logobluebackground-300&#215;143.webp&#8221; title_text=&#8221;logobluebackground&#8221; _builder_version=&#8221;4.27.4&#8243; _module_preset=&#8221;default&#8221; max_height=&#8221;56px&#8221; global_colors_info=&#8221;{}&#8221; theme_builder_area=&#8221;post_content&#8221;][\/et_pb_image][et_pb_text _builder_version=&#8221;4.27.4&#8243; _dynamic_attributes=&#8221;content&#8221; _module_preset=&#8221;43dd899b-591a-470f-9463-b85aac6780e8&#8243; header_4_text_color=&#8221;#FFFFFF&#8221; locked=&#8221;off&#8221; global_colors_info=&#8221;{}&#8221; theme_builder_area=&#8221;post_content&#8221;]@ET-DC@eyJkeW5hbWljIjp0cnVlLCJjb250ZW50IjoiY3VycmVudF9kYXRlIiwic2V0dGluZ3MiOnsiYmVmb3JlIjoiPGg0PkNvcHlyaWdodCAmY29weTsgIiwiYWZ0ZXIiOiIgSVRPUC5IVSBBbGwgUmlnaHRzIFJlc2VydmVkLjwvaDQ+IiwiZGF0ZV9mb3JtYXQiOiJjdXN0b20iLCJjdXN0b21fZGF0ZV9mb3JtYXQiOiJZIn19@[\/et_pb_text][\/et_pb_column][\/et_pb_row][\/et_pb_section]<\/p>\n","protected":false},"excerpt":{"rendered":"<p>ITOP.HUIBF &#8211;\u00a0<\/p>","protected":false},"author":1,"featured_media":0,"parent":0,"menu_order":0,"comment_status":"closed","ping_status":"closed","template":"","meta":{"_et_pb_use_builder":"on","_et_pb_old_content":"","_et_gb_content_width":"","footnotes":""},"class_list":["post-1251","page","type-page","status-publish","hentry"],"yoast_head":"<!-- This site is optimized with the Yoast SEO plugin v27.5 - https:\/\/yoast.com\/product\/yoast-seo-wordpress\/ -->\n<title>IBF - itop<\/title>\n<meta name=\"robots\" content=\"index, follow, max-snippet:-1, max-image-preview:large, max-video-preview:-1\" \/>\n<link rel=\"canonical\" href=\"https:\/\/itop.hu\/eng\/ibf\/\" \/>\n<meta property=\"og:locale\" content=\"en_GB\" \/>\n<meta property=\"og:type\" content=\"article\" \/>\n<meta property=\"og:title\" content=\"IBF - itop\" \/>\n<meta property=\"og:description\" content=\"ITOP.HUIBF -\u00a0\" \/>\n<meta property=\"og:url\" content=\"https:\/\/itop.hu\/eng\/ibf\/\" \/>\n<meta property=\"og:site_name\" content=\"itop\" \/>\n<meta property=\"article:publisher\" content=\"https:\/\/www.facebook.com\/profile.php?id=61560571456979\" \/>\n<meta property=\"og:image\" content=\"https:\/\/itop.hu\/wp-content\/uploads\/2024\/02\/logoitop.png\" \/>\n\t<meta property=\"og:image:width\" content=\"144\" \/>\n\t<meta property=\"og:image:height\" content=\"71\" \/>\n\t<meta property=\"og:image:type\" content=\"image\/png\" \/>\n<meta name=\"twitter:card\" content=\"summary_large_image\" \/>\n<script type=\"application\/ld+json\" class=\"yoast-schema-graph\">{\"@context\":\"https:\\\/\\\/schema.org\",\"@graph\":[{\"@type\":\"WebPage\",\"@id\":\"https:\\\/\\\/itop.hu\\\/ibf\\\/\",\"url\":\"https:\\\/\\\/itop.hu\\\/ibf\\\/\",\"name\":\"IBF - itop\",\"isPartOf\":{\"@id\":\"https:\\\/\\\/itop.hu\\\/#website\"},\"datePublished\":\"2025-08-26T13:12:56+00:00\",\"breadcrumb\":{\"@id\":\"https:\\\/\\\/itop.hu\\\/ibf\\\/#breadcrumb\"},\"inLanguage\":\"en-GB\",\"potentialAction\":[{\"@type\":\"ReadAction\",\"target\":[\"https:\\\/\\\/itop.hu\\\/ibf\\\/\"]}]},{\"@type\":\"BreadcrumbList\",\"@id\":\"https:\\\/\\\/itop.hu\\\/ibf\\\/#breadcrumb\",\"itemListElement\":[{\"@type\":\"ListItem\",\"position\":1,\"name\":\"Kezd\u0151lap\",\"item\":\"https:\\\/\\\/itop.hu\\\/\"},{\"@type\":\"ListItem\",\"position\":2,\"name\":\"IBF\"}]},{\"@type\":\"WebSite\",\"@id\":\"https:\\\/\\\/itop.hu\\\/#website\",\"url\":\"https:\\\/\\\/itop.hu\\\/\",\"name\":\"itop\",\"description\":\"Ha nyugodtan akar haj\u00f3zni, b\u00edzza r\u00e1nk az \u00fczemeltet\u00e9st!\",\"publisher\":{\"@id\":\"https:\\\/\\\/itop.hu\\\/#organization\"},\"potentialAction\":[{\"@type\":\"SearchAction\",\"target\":{\"@type\":\"EntryPoint\",\"urlTemplate\":\"https:\\\/\\\/itop.hu\\\/?s={search_term_string}\"},\"query-input\":{\"@type\":\"PropertyValueSpecification\",\"valueRequired\":true,\"valueName\":\"search_term_string\"}}],\"inLanguage\":\"en-GB\"},{\"@type\":\"Organization\",\"@id\":\"https:\\\/\\\/itop.hu\\\/#organization\",\"name\":\"itop - A legjobb ITSM megold\u00e1s a piacon! - CMDB - \u00fczemeltet\u00e9s - kiberbiztons\u00e1g\",\"url\":\"https:\\\/\\\/itop.hu\\\/\",\"logo\":{\"@type\":\"ImageObject\",\"inLanguage\":\"en-GB\",\"@id\":\"https:\\\/\\\/itop.hu\\\/#\\\/schema\\\/logo\\\/image\\\/\",\"url\":\"https:\\\/\\\/itop.hu\\\/wp-content\\\/uploads\\\/2024\\\/02\\\/logoitop.png\",\"contentUrl\":\"https:\\\/\\\/itop.hu\\\/wp-content\\\/uploads\\\/2024\\\/02\\\/logoitop.png\",\"width\":144,\"height\":71,\"caption\":\"itop - A legjobb ITSM megold\u00e1s a piacon! - CMDB - \u00fczemeltet\u00e9s - kiberbiztons\u00e1g\"},\"image\":{\"@id\":\"https:\\\/\\\/itop.hu\\\/#\\\/schema\\\/logo\\\/image\\\/\"},\"sameAs\":[\"https:\\\/\\\/www.facebook.com\\\/profile.php?id=61560571456979\"]}]}<\/script>\n<!-- \/ Yoast SEO plugin. -->","yoast_head_json":{"title":"IBF - itop","robots":{"index":"index","follow":"follow","max-snippet":"max-snippet:-1","max-image-preview":"max-image-preview:large","max-video-preview":"max-video-preview:-1"},"canonical":"https:\/\/itop.hu\/eng\/ibf\/","og_locale":"en_GB","og_type":"article","og_title":"IBF - itop","og_description":"ITOP.HUIBF -\u00a0","og_url":"https:\/\/itop.hu\/eng\/ibf\/","og_site_name":"itop","article_publisher":"https:\/\/www.facebook.com\/profile.php?id=61560571456979","og_image":[{"width":144,"height":71,"url":"https:\/\/itop.hu\/wp-content\/uploads\/2024\/02\/logoitop.png","type":"image\/png"}],"twitter_card":"summary_large_image","schema":{"@context":"https:\/\/schema.org","@graph":[{"@type":"WebPage","@id":"https:\/\/itop.hu\/ibf\/","url":"https:\/\/itop.hu\/ibf\/","name":"IBF - itop","isPartOf":{"@id":"https:\/\/itop.hu\/#website"},"datePublished":"2025-08-26T13:12:56+00:00","breadcrumb":{"@id":"https:\/\/itop.hu\/ibf\/#breadcrumb"},"inLanguage":"en-GB","potentialAction":[{"@type":"ReadAction","target":["https:\/\/itop.hu\/ibf\/"]}]},{"@type":"BreadcrumbList","@id":"https:\/\/itop.hu\/ibf\/#breadcrumb","itemListElement":[{"@type":"ListItem","position":1,"name":"Kezd\u0151lap","item":"https:\/\/itop.hu\/"},{"@type":"ListItem","position":2,"name":"IBF"}]},{"@type":"WebSite","@id":"https:\/\/itop.hu\/#website","url":"https:\/\/itop.hu\/","name":"ITOP","description":"Ha nyugodtan akar haj\u00f3zni, b\u00edzza r\u00e1nk az \u00fczemeltet\u00e9st!","publisher":{"@id":"https:\/\/itop.hu\/#organization"},"potentialAction":[{"@type":"SearchAction","target":{"@type":"EntryPoint","urlTemplate":"https:\/\/itop.hu\/?s={search_term_string}"},"query-input":{"@type":"PropertyValueSpecification","valueRequired":true,"valueName":"search_term_string"}}],"inLanguage":"en-GB"},{"@type":"Organization","@id":"https:\/\/itop.hu\/#organization","name":"itop - A legjobb ITSM megold\u00e1s a piacon! - CMDB - \u00fczemeltet\u00e9s - kiberbiztons\u00e1g","url":"https:\/\/itop.hu\/","logo":{"@type":"ImageObject","inLanguage":"en-GB","@id":"https:\/\/itop.hu\/#\/schema\/logo\/image\/","url":"https:\/\/itop.hu\/wp-content\/uploads\/2024\/02\/logoitop.png","contentUrl":"https:\/\/itop.hu\/wp-content\/uploads\/2024\/02\/logoitop.png","width":144,"height":71,"caption":"itop - A legjobb ITSM megold\u00e1s a piacon! - CMDB - \u00fczemeltet\u00e9s - kiberbiztons\u00e1g"},"image":{"@id":"https:\/\/itop.hu\/#\/schema\/logo\/image\/"},"sameAs":["https:\/\/www.facebook.com\/profile.php?id=61560571456979"]}]}},"_links":{"self":[{"href":"https:\/\/itop.hu\/eng\/wp-json\/wp\/v2\/pages\/1251","targetHints":{"allow":["GET"]}}],"collection":[{"href":"https:\/\/itop.hu\/eng\/wp-json\/wp\/v2\/pages"}],"about":[{"href":"https:\/\/itop.hu\/eng\/wp-json\/wp\/v2\/types\/page"}],"author":[{"embeddable":true,"href":"https:\/\/itop.hu\/eng\/wp-json\/wp\/v2\/users\/1"}],"replies":[{"embeddable":true,"href":"https:\/\/itop.hu\/eng\/wp-json\/wp\/v2\/comments?post=1251"}],"version-history":[{"count":3,"href":"https:\/\/itop.hu\/eng\/wp-json\/wp\/v2\/pages\/1251\/revisions"}],"predecessor-version":[{"id":1254,"href":"https:\/\/itop.hu\/eng\/wp-json\/wp\/v2\/pages\/1251\/revisions\/1254"}],"wp:attachment":[{"href":"https:\/\/itop.hu\/eng\/wp-json\/wp\/v2\/media?parent=1251"}],"curies":[{"name":"wp","href":"https:\/\/api.w.org\/{rel}","templated":true}]}}