{"id":605,"date":"2024-12-16T14:42:13","date_gmt":"2024-12-16T14:42:13","guid":{"rendered":"https:\/\/itop.hu\/?page_id=605"},"modified":"2024-12-22T10:36:13","modified_gmt":"2024-12-22T10:36:13","slug":"infrastruktura","status":"publish","type":"page","link":"https:\/\/itop.hu\/eng\/infrastruktura\/","title":{"rendered":"IT Infrastructure"},"content":{"rendered":"\n[et_pb_section fb_built=&#8221;1&#8243; admin_label=&#8221;Header&#8221; _builder_version=&#8221;4.22.1&#8243; _module_preset=&#8221;default&#8221; background_color=&#8221;#000000&#8243; da_disable_devices=&#8221;off|off|off&#8221; collapsed=&#8221;on&#8221; global_colors_info=&#8221;{}&#8221; da_is_popup=&#8221;off&#8221; da_exit_intent=&#8221;off&#8221; da_has_close=&#8221;on&#8221; da_alt_close=&#8221;off&#8221; da_dark_close=&#8221;off&#8221; da_not_modal=&#8221;on&#8221; da_is_singular=&#8221;off&#8221; da_with_loader=&#8221;off&#8221; da_has_shadow=&#8221;on&#8221;][et_pb_row _builder_version=&#8221;4.22.1&#8243; _module_preset=&#8221;default&#8221; global_colors_info=&#8221;{}&#8221;][et_pb_column type=&#8221;4_4&#8243; _builder_version=&#8221;4.22.1&#8243; _module_preset=&#8221;default&#8221; global_colors_info=&#8221;{}&#8221;][et_pb_text _builder_version=&#8221;4.27.4&#8243; _module_preset=&#8221;9df86ee7-f614-4387-b2c0-fd92f13f0547&#8243; header_4_text_color=&#8221;gcid-afa30cf2-6f5d-4b9c-aa39-7dbe1ac3b7a3&#8243; text_orientation=&#8221;center&#8221; global_colors_info=&#8221;{%22gcid-afa30cf2-6f5d-4b9c-aa39-7dbe1ac3b7a3%22:%91%22header_4_text_color%22%93}&#8221;]<h4><span style=\"color: #ff6600;\">itop.HU<\/span><\/h4>[\/et_pb_text][et_pb_text _builder_version=&#8221;4.27.4&#8243; _module_preset=&#8221;f547ba81-640e-4235-9224-1d799b36149e&#8221; text_font_size=&#8221;24px&#8221; header_text_color=&#8221;#FFFFFF&#8221; text_orientation=&#8221;center&#8221; global_colors_info=&#8221;{}&#8221;]<h1>IT infrastrukt\u00fara<\/h1>\n<p>&nbsp;<\/p>\n<p><span style=\"color: #ffffff;\"><strong>tervez\u00e9se, m\u00e9retez\u00e9se, kialak\u00edt\u00e1sa<\/strong><\/span><\/p>[\/et_pb_text][\/et_pb_column][\/et_pb_row][et_pb_row _builder_version=&#8221;4.27.4&#8243; _module_preset=&#8221;default&#8221; global_colors_info=&#8221;{}&#8221;][et_pb_column type=&#8221;4_4&#8243; _builder_version=&#8221;4.27.4&#8243; _module_preset=&#8221;default&#8221; global_colors_info=&#8221;{}&#8221;][\/et_pb_column][\/et_pb_row][et_pb_row column_structure=&#8221;2_5,3_5&#8243; _builder_version=&#8221;4.27.4&#8243; _module_preset=&#8221;default&#8221; global_colors_info=&#8221;{}&#8221;][et_pb_column type=&#8221;2_5&#8243; _builder_version=&#8221;4.27.4&#8243; _module_preset=&#8221;default&#8221; global_colors_info=&#8221;{}&#8221;][et_pb_image src=&#8221;https:\/\/itop.hu\/wp-content\/uploads\/2024\/12\/itopdata.webp&#8221; title_text=&#8221;itopdata&#8221; _builder_version=&#8221;4.27.4&#8243; _module_preset=&#8221;default&#8221; global_colors_info=&#8221;{}&#8221;][\/et_pb_image][\/et_pb_column][et_pb_column type=&#8221;3_5&#8243; _builder_version=&#8221;4.27.4&#8243; _module_preset=&#8221;default&#8221; global_colors_info=&#8221;{}&#8221;][et_pb_text _builder_version=&#8221;4.27.4&#8243; _module_preset=&#8221;default&#8221; text_font_size=&#8221;16px&#8221; global_colors_info=&#8221;{}&#8221;]<p style=\"text-align: justify;\"><span style=\"color: #ffffff;\"><\/span><\/p>\n<p style=\"text-align: justify;\"><span style=\"color: #ffffff;\"><\/span><\/p>\n<p style=\"text-align: justify;\"><span style=\"color: #ff0000;\"><\/span><\/p>\n<p style=\"text-align: justify;\"><span style=\"color: #ffffff;\">Szeretn\u00e9 fejleszteni IT Infrastrukt\u00far\u00e1j\u00e1t, de nincs hozz\u00e1 szak\u00e9rt\u0151je?<\/span><\/p>\n<p><span style=\"color: #ffffff;\">\u00d6ssze szeretne vonni t\u00f6bb g\u00e9ptermet?<\/span><\/p>\n<p><span style=\"color: #ffffff;\">Vagy b\u0151v\u00fclni szeretne? Estleg DR site-ot szeretne kialak\u00edtani?<\/span><\/p>\n<p style=\"text-align: justify;\"><span style=\"color: #ffffff;\">Gondolkozik a felh\u0151ben? Nem tudja eld\u00f6nteni, hogy publikus vagy priv\u00e1t felh\u0151t alak\u00edtson ki?<\/span><\/p>\n<p style=\"text-align: justify;\"><span style=\"color: #ffffff;\">\u00a0<\/span><\/p>\n<p style=\"text-align: justify;\"><span style=\"color: #ffffff;\">T\u00f6bb \u00e9vtizedes nagyv\u00e1llalati \u00e9s banki tapasztalattal a h\u00e1tunk m\u00f6g\u00f6tt mi b\u00e1rmekkora IT infrastrukt\u00far\u00e1t fel tudunk m\u00e9rni, ki tudunk alak\u00edtani, vagy konszolid\u00e1lni tudjuk a megl\u00e9v\u0151t.<\/span><\/p>\n<p style=\"text-align: justify;\"><span style=\"color: #ffffff;\">Szak\u00e9rt\u0151 csapatunk szem\u00e9lyre szabott megold\u00e1sokat k\u00edn\u00e1l, legyen sz\u00f3 ak\u00e1r komplex informatikai rendszerek tervez\u00e9s\u00e9r\u0151l, vagy a leg\u00fajabb megold\u00e1sok bevezet\u00e9s\u00e9r\u0151l. Rugalmas szolg\u00e1ltat\u00e1sainkkal nemcsak a jelenlegi ig\u00e9nyeit el\u00e9g\u00edtj\u00fck ki, de felk\u00e9sz\u00edtj\u00fck v\u00e1llalkoz\u00e1s\u00e1t a j\u00f6v\u0151 technol\u00f3giai kih\u00edv\u00e1saira is. B\u00edzza r\u00e1nk IT infrastrukt\u00far\u00e1j\u00e1nak optimaliz\u00e1l\u00e1s\u00e1t, \u00e9s koncentr\u00e1ljon arra, ami igaz\u00e1n sz\u00e1m\u00edt: az \u00fczleti n\u00f6veked\u00e9sre \u00e9s az innov\u00e1ci\u00f3ra.<\/span><\/p>\n<p style=\"text-align: justify;\"><span style=\"color: #ffffff;\">Az \u00d6n IT infrastrukt\u00far\u00e1ja &#8211; a mi szaktud\u00e1sunk.<\/span><\/p>[\/et_pb_text][\/et_pb_column][\/et_pb_row][et_pb_row _builder_version=&#8221;4.27.4&#8243; _module_preset=&#8221;default&#8221; global_colors_info=&#8221;{}&#8221;][et_pb_column type=&#8221;4_4&#8243; _builder_version=&#8221;4.27.4&#8243; _module_preset=&#8221;default&#8221; global_colors_info=&#8221;{}&#8221;][et_pb_button button_text=&#8221;AJ\u00c1NLATOT K\u00c9REK&#8221; button_alignment=&#8221;center&#8221; _builder_version=&#8221;4.27.4&#8243; _module_preset=&#8221;default&#8221; custom_button=&#8221;on&#8221; button_text_color=&#8221;#FFFFFF&#8221; button_bg_color=&#8221;#8300E9&#8243; button_border_width=&#8221;0px&#8221; button_border_radius=&#8221;22px&#8221; button_icon=&#8221;&#x3d;||divi||400&#8243; hover_enabled=&#8221;0&#8243; global_colors_info=&#8221;{}&#8221; button_url=&#8221;https:\/\/itop.hu\/kapcsolat\/&#8221; sticky_enabled=&#8221;0&#8243;][\/et_pb_button][\/et_pb_column][\/et_pb_row][\/et_pb_section][et_pb_section fb_built=&#8221;1&#8243; admin_label=&#8221;Footer&#8221; _builder_version=&#8221;4.24.2&#8243; _module_preset=&#8221;default&#8221; background_color=&#8221;#000000&#8243; use_background_color_gradient=&#8221;on&#8221; background_color_gradient_stops=&#8221;#000000 10%|rgba(0,0,0,0.5) 50%|#000000 90%&#8221; background_color_gradient_overlays_image=&#8221;on&#8221; background_image=&#8221;https:\/\/itop.hu\/wp-content\/uploads\/2024\/12\/augmented-reality-2.jpg&#8221; background_enable_image=&#8221;off&#8221; custom_padding=&#8221;6vw||6vw||true|false&#8221; da_disable_devices=&#8221;off|off|off&#8221; saved_tabs=&#8221;all&#8221; collapsed=&#8221;on&#8221; global_colors_info=&#8221;{}&#8221; da_is_popup=&#8221;off&#8221; da_exit_intent=&#8221;off&#8221; da_has_close=&#8221;on&#8221; da_alt_close=&#8221;off&#8221; da_dark_close=&#8221;off&#8221; da_not_modal=&#8221;on&#8221; da_is_singular=&#8221;off&#8221; da_with_loader=&#8221;off&#8221; da_has_shadow=&#8221;on&#8221;][et_pb_row _builder_version=&#8221;4.24.2&#8243; _module_preset=&#8221;default&#8221; global_colors_info=&#8221;{}&#8221;][et_pb_column type=&#8221;4_4&#8243; _builder_version=&#8221;4.22.1&#8243; _module_preset=&#8221;default&#8221; global_colors_info=&#8221;{}&#8221;][et_pb_image src=&#8221;https:\/\/itop.hu\/wp-content\/uploads\/2024\/12\/logobluebackground-300&#215;143.webp&#8221; title_text=&#8221;logobluebackground&#8221; _builder_version=&#8221;4.27.4&#8243; _module_preset=&#8221;default&#8221; max_height=&#8221;56px&#8221; global_colors_info=&#8221;{}&#8221;][\/et_pb_image][et_pb_text _builder_version=&#8221;4.27.4&#8243; _dynamic_attributes=&#8221;content&#8221; _module_preset=&#8221;9df86ee7-f614-4387-b2c0-fd92f13f0547&#8243; header_4_text_color=&#8221;#FFFFFF&#8221; locked=&#8221;off&#8221; global_colors_info=&#8221;{}&#8221;]@ET-DC@eyJkeW5hbWljIjp0cnVlLCJjb250ZW50IjoiY3VycmVudF9kYXRlIiwic2V0dGluZ3MiOnsiYmVmb3JlIjoiPGg0PkNvcHlyaWdodCAmY29weTsgIiwiYWZ0ZXIiOiIgSVRPUC5IVSBBbGwgUmlnaHRzIFJlc2VydmVkLjwvaDQ+IiwiZGF0ZV9mb3JtYXQiOiJjdXN0b20iLCJjdXN0b21fZGF0ZV9mb3JtYXQiOiJZIn19@[\/et_pb_text][\/et_pb_column][\/et_pb_row][\/et_pb_section]\n","protected":false},"excerpt":{"rendered":"<p>itop.HUIT infrastrukt\u00fara &nbsp; tervez\u00e9se, m\u00e9retez\u00e9se, kialak\u00edt\u00e1sa Szeretn\u00e9 fejleszteni IT Infrastrukt\u00far\u00e1j\u00e1t, de nincs hozz\u00e1 szak\u00e9rt\u0151je? \u00d6ssze szeretne vonni t\u00f6bb g\u00e9ptermet? Vagy b\u0151v\u00fclni szeretne? Estleg DR site-ot szeretne kialak\u00edtani? Gondolkozik a felh\u0151ben? Nem tudja eld\u00f6nteni, hogy publikus vagy priv\u00e1t felh\u0151t alak\u00edtson ki? \u00a0 T\u00f6bb \u00e9vtizedes nagyv\u00e1llalati \u00e9s banki tapasztalattal a h\u00e1tunk m\u00f6g\u00f6tt mi b\u00e1rmekkora IT infrastrukt\u00far\u00e1t fel [&hellip;]<\/p>\n","protected":false},"author":1,"featured_media":0,"parent":0,"menu_order":0,"comment_status":"closed","ping_status":"closed","template":"","meta":{"_et_pb_use_builder":"on","_et_pb_old_content":"","_et_gb_content_width":"","footnotes":""},"class_list":["post-605","page","type-page","status-publish","hentry"],"yoast_head":"<!-- This site is optimized with the Yoast SEO plugin v27.3 - https:\/\/yoast.com\/product\/yoast-seo-wordpress\/ -->\n<title>Infrastrukt\u00fara - itop<\/title>\n<meta name=\"description\" content=\"Korszer\u0171 IT infrastrukt\u00fara megold\u00e1sok az ITOP-t\u00f3l. Testre szabott h\u00e1l\u00f3zati rendszerek, adatt\u00e1rol\u00e1s \u00e9s szerverszolg\u00e1ltat\u00e1sok. Optimaliz\u00e1lja v\u00e1llalkoz\u00e1sa technol\u00f3giai alapjait \u00e9s n\u00f6velje hat\u00e9konys\u00e1g\u00e1t vel\u00fcnk!\" \/>\n<meta name=\"robots\" content=\"index, follow, max-snippet:-1, max-image-preview:large, max-video-preview:-1\" \/>\n<link rel=\"canonical\" href=\"https:\/\/itop.hu\/eng\/infrastruktura\/\" \/>\n<meta property=\"og:locale\" content=\"en_GB\" \/>\n<meta property=\"og:type\" content=\"article\" \/>\n<meta property=\"og:title\" content=\"Infrastrukt\u00fara - itop\" \/>\n<meta property=\"og:description\" content=\"Korszer\u0171 IT infrastrukt\u00fara megold\u00e1sok az ITOP-t\u00f3l. Testre szabott h\u00e1l\u00f3zati rendszerek, adatt\u00e1rol\u00e1s \u00e9s szerverszolg\u00e1ltat\u00e1sok. Optimaliz\u00e1lja v\u00e1llalkoz\u00e1sa technol\u00f3giai alapjait \u00e9s n\u00f6velje hat\u00e9konys\u00e1g\u00e1t vel\u00fcnk!\" \/>\n<meta property=\"og:url\" content=\"https:\/\/itop.hu\/eng\/infrastruktura\/\" \/>\n<meta property=\"og:site_name\" content=\"itop\" \/>\n<meta property=\"article:publisher\" content=\"https:\/\/www.facebook.com\/profile.php?id=61560571456979\" \/>\n<meta property=\"article:modified_time\" content=\"2024-12-22T10:36:13+00:00\" \/>\n<meta property=\"og:image\" content=\"https:\/\/itop.hu\/wp-content\/uploads\/2024\/02\/logoitop.png\" \/>\n\t<meta property=\"og:image:width\" content=\"144\" \/>\n\t<meta property=\"og:image:height\" content=\"71\" \/>\n\t<meta property=\"og:image:type\" content=\"image\/png\" \/>\n<meta name=\"twitter:card\" content=\"summary_large_image\" \/>\n<meta name=\"twitter:label1\" content=\"Estimated reading time\" \/>\n\t<meta name=\"twitter:data1\" content=\"2 minutes\" \/>\n<script type=\"application\/ld+json\" class=\"yoast-schema-graph\">{\"@context\":\"https:\\\/\\\/schema.org\",\"@graph\":[{\"@type\":\"WebPage\",\"@id\":\"https:\\\/\\\/itop.hu\\\/infrastruktura\\\/\",\"url\":\"https:\\\/\\\/itop.hu\\\/infrastruktura\\\/\",\"name\":\"Infrastrukt\u00fara - itop\",\"isPartOf\":{\"@id\":\"https:\\\/\\\/itop.hu\\\/#website\"},\"datePublished\":\"2024-12-16T14:42:13+00:00\",\"dateModified\":\"2024-12-22T10:36:13+00:00\",\"description\":\"Korszer\u0171 IT infrastrukt\u00fara megold\u00e1sok az ITOP-t\u00f3l. Testre szabott h\u00e1l\u00f3zati rendszerek, adatt\u00e1rol\u00e1s \u00e9s szerverszolg\u00e1ltat\u00e1sok. Optimaliz\u00e1lja v\u00e1llalkoz\u00e1sa technol\u00f3giai alapjait \u00e9s n\u00f6velje hat\u00e9konys\u00e1g\u00e1t vel\u00fcnk!\",\"breadcrumb\":{\"@id\":\"https:\\\/\\\/itop.hu\\\/infrastruktura\\\/#breadcrumb\"},\"inLanguage\":\"en-GB\",\"potentialAction\":[{\"@type\":\"ReadAction\",\"target\":[\"https:\\\/\\\/itop.hu\\\/infrastruktura\\\/\"]}]},{\"@type\":\"BreadcrumbList\",\"@id\":\"https:\\\/\\\/itop.hu\\\/infrastruktura\\\/#breadcrumb\",\"itemListElement\":[{\"@type\":\"ListItem\",\"position\":1,\"name\":\"Kezd\u0151lap\",\"item\":\"https:\\\/\\\/itop.hu\\\/\"},{\"@type\":\"ListItem\",\"position\":2,\"name\":\"Infrastrukt\u00fara\"}]},{\"@type\":\"WebSite\",\"@id\":\"https:\\\/\\\/itop.hu\\\/#website\",\"url\":\"https:\\\/\\\/itop.hu\\\/\",\"name\":\"itop\",\"description\":\"Ha nyugodtan akar haj\u00f3zni, b\u00edzza r\u00e1nk az \u00fczemeltet\u00e9st!\",\"publisher\":{\"@id\":\"https:\\\/\\\/itop.hu\\\/#organization\"},\"potentialAction\":[{\"@type\":\"SearchAction\",\"target\":{\"@type\":\"EntryPoint\",\"urlTemplate\":\"https:\\\/\\\/itop.hu\\\/?s={search_term_string}\"},\"query-input\":{\"@type\":\"PropertyValueSpecification\",\"valueRequired\":true,\"valueName\":\"search_term_string\"}}],\"inLanguage\":\"en-GB\"},{\"@type\":\"Organization\",\"@id\":\"https:\\\/\\\/itop.hu\\\/#organization\",\"name\":\"itop - A legjobb ITSM megold\u00e1s a piacon! - CMDB - \u00fczemeltet\u00e9s - kiberbiztons\u00e1g\",\"url\":\"https:\\\/\\\/itop.hu\\\/\",\"logo\":{\"@type\":\"ImageObject\",\"inLanguage\":\"en-GB\",\"@id\":\"https:\\\/\\\/itop.hu\\\/#\\\/schema\\\/logo\\\/image\\\/\",\"url\":\"https:\\\/\\\/itop.hu\\\/wp-content\\\/uploads\\\/2024\\\/02\\\/logoitop.png\",\"contentUrl\":\"https:\\\/\\\/itop.hu\\\/wp-content\\\/uploads\\\/2024\\\/02\\\/logoitop.png\",\"width\":144,\"height\":71,\"caption\":\"itop - A legjobb ITSM megold\u00e1s a piacon! - CMDB - \u00fczemeltet\u00e9s - kiberbiztons\u00e1g\"},\"image\":{\"@id\":\"https:\\\/\\\/itop.hu\\\/#\\\/schema\\\/logo\\\/image\\\/\"},\"sameAs\":[\"https:\\\/\\\/www.facebook.com\\\/profile.php?id=61560571456979\"]}]}<\/script>\n<!-- \/ Yoast SEO plugin. -->","yoast_head_json":{"title":"Infrastrukt\u00fara - itop","description":"Korszer\u0171 IT infrastrukt\u00fara megold\u00e1sok az ITOP-t\u00f3l. Testre szabott h\u00e1l\u00f3zati rendszerek, adatt\u00e1rol\u00e1s \u00e9s szerverszolg\u00e1ltat\u00e1sok. Optimaliz\u00e1lja v\u00e1llalkoz\u00e1sa technol\u00f3giai alapjait \u00e9s n\u00f6velje hat\u00e9konys\u00e1g\u00e1t vel\u00fcnk!","robots":{"index":"index","follow":"follow","max-snippet":"max-snippet:-1","max-image-preview":"max-image-preview:large","max-video-preview":"max-video-preview:-1"},"canonical":"https:\/\/itop.hu\/eng\/infrastruktura\/","og_locale":"en_GB","og_type":"article","og_title":"Infrastrukt\u00fara - itop","og_description":"Korszer\u0171 IT infrastrukt\u00fara megold\u00e1sok az ITOP-t\u00f3l. Testre szabott h\u00e1l\u00f3zati rendszerek, adatt\u00e1rol\u00e1s \u00e9s szerverszolg\u00e1ltat\u00e1sok. Optimaliz\u00e1lja v\u00e1llalkoz\u00e1sa technol\u00f3giai alapjait \u00e9s n\u00f6velje hat\u00e9konys\u00e1g\u00e1t vel\u00fcnk!","og_url":"https:\/\/itop.hu\/eng\/infrastruktura\/","og_site_name":"itop","article_publisher":"https:\/\/www.facebook.com\/profile.php?id=61560571456979","article_modified_time":"2024-12-22T10:36:13+00:00","og_image":[{"width":144,"height":71,"url":"https:\/\/itop.hu\/wp-content\/uploads\/2024\/02\/logoitop.png","type":"image\/png"}],"twitter_card":"summary_large_image","twitter_misc":{"Estimated reading time":"2 minutes"},"schema":{"@context":"https:\/\/schema.org","@graph":[{"@type":"WebPage","@id":"https:\/\/itop.hu\/infrastruktura\/","url":"https:\/\/itop.hu\/infrastruktura\/","name":"Infrastrukt\u00fara - itop","isPartOf":{"@id":"https:\/\/itop.hu\/#website"},"datePublished":"2024-12-16T14:42:13+00:00","dateModified":"2024-12-22T10:36:13+00:00","description":"Korszer\u0171 IT infrastrukt\u00fara megold\u00e1sok az ITOP-t\u00f3l. Testre szabott h\u00e1l\u00f3zati rendszerek, adatt\u00e1rol\u00e1s \u00e9s szerverszolg\u00e1ltat\u00e1sok. Optimaliz\u00e1lja v\u00e1llalkoz\u00e1sa technol\u00f3giai alapjait \u00e9s n\u00f6velje hat\u00e9konys\u00e1g\u00e1t vel\u00fcnk!","breadcrumb":{"@id":"https:\/\/itop.hu\/infrastruktura\/#breadcrumb"},"inLanguage":"en-GB","potentialAction":[{"@type":"ReadAction","target":["https:\/\/itop.hu\/infrastruktura\/"]}]},{"@type":"BreadcrumbList","@id":"https:\/\/itop.hu\/infrastruktura\/#breadcrumb","itemListElement":[{"@type":"ListItem","position":1,"name":"Kezd\u0151lap","item":"https:\/\/itop.hu\/"},{"@type":"ListItem","position":2,"name":"Infrastrukt\u00fara"}]},{"@type":"WebSite","@id":"https:\/\/itop.hu\/#website","url":"https:\/\/itop.hu\/","name":"ITOP","description":"Ha nyugodtan akar haj\u00f3zni, b\u00edzza r\u00e1nk az \u00fczemeltet\u00e9st!","publisher":{"@id":"https:\/\/itop.hu\/#organization"},"potentialAction":[{"@type":"SearchAction","target":{"@type":"EntryPoint","urlTemplate":"https:\/\/itop.hu\/?s={search_term_string}"},"query-input":{"@type":"PropertyValueSpecification","valueRequired":true,"valueName":"search_term_string"}}],"inLanguage":"en-GB"},{"@type":"Organization","@id":"https:\/\/itop.hu\/#organization","name":"itop - A legjobb ITSM megold\u00e1s a piacon! - CMDB - \u00fczemeltet\u00e9s - kiberbiztons\u00e1g","url":"https:\/\/itop.hu\/","logo":{"@type":"ImageObject","inLanguage":"en-GB","@id":"https:\/\/itop.hu\/#\/schema\/logo\/image\/","url":"https:\/\/itop.hu\/wp-content\/uploads\/2024\/02\/logoitop.png","contentUrl":"https:\/\/itop.hu\/wp-content\/uploads\/2024\/02\/logoitop.png","width":144,"height":71,"caption":"itop - A legjobb ITSM megold\u00e1s a piacon! - CMDB - \u00fczemeltet\u00e9s - kiberbiztons\u00e1g"},"image":{"@id":"https:\/\/itop.hu\/#\/schema\/logo\/image\/"},"sameAs":["https:\/\/www.facebook.com\/profile.php?id=61560571456979"]}]}},"_links":{"self":[{"href":"https:\/\/itop.hu\/eng\/wp-json\/wp\/v2\/pages\/605","targetHints":{"allow":["GET"]}}],"collection":[{"href":"https:\/\/itop.hu\/eng\/wp-json\/wp\/v2\/pages"}],"about":[{"href":"https:\/\/itop.hu\/eng\/wp-json\/wp\/v2\/types\/page"}],"author":[{"embeddable":true,"href":"https:\/\/itop.hu\/eng\/wp-json\/wp\/v2\/users\/1"}],"replies":[{"embeddable":true,"href":"https:\/\/itop.hu\/eng\/wp-json\/wp\/v2\/comments?post=605"}],"version-history":[{"count":5,"href":"https:\/\/itop.hu\/eng\/wp-json\/wp\/v2\/pages\/605\/revisions"}],"predecessor-version":[{"id":1056,"href":"https:\/\/itop.hu\/eng\/wp-json\/wp\/v2\/pages\/605\/revisions\/1056"}],"wp:attachment":[{"href":"https:\/\/itop.hu\/eng\/wp-json\/wp\/v2\/media?parent=605"}],"curies":[{"name":"wp","href":"https:\/\/api.w.org\/{rel}","templated":true}]}}