{"id":614,"date":"2024-12-16T15:06:17","date_gmt":"2024-12-16T15:06:17","guid":{"rendered":"https:\/\/itop.hu\/?page_id=614"},"modified":"2024-12-22T10:46:03","modified_gmt":"2024-12-22T10:46:03","slug":"feladatatvetel","status":"publish","type":"page","link":"https:\/\/itop.hu\/eng\/feladatatvetel\/","title":{"rendered":"Outsourcing"},"content":{"rendered":"\n[et_pb_section fb_built=&#8221;1&#8243; admin_label=&#8221;Header&#8221; _builder_version=&#8221;4.22.1&#8243; _module_preset=&#8221;default&#8221; background_color=&#8221;#000000&#8243; da_disable_devices=&#8221;off|off|off&#8221; collapsed=&#8221;on&#8221; global_colors_info=&#8221;{}&#8221; da_is_popup=&#8221;off&#8221; da_exit_intent=&#8221;off&#8221; da_has_close=&#8221;on&#8221; da_alt_close=&#8221;off&#8221; da_dark_close=&#8221;off&#8221; da_not_modal=&#8221;on&#8221; da_is_singular=&#8221;off&#8221; da_with_loader=&#8221;off&#8221; da_has_shadow=&#8221;on&#8221;][et_pb_row _builder_version=&#8221;4.22.1&#8243; _module_preset=&#8221;default&#8221; global_colors_info=&#8221;{}&#8221;][et_pb_column type=&#8221;4_4&#8243; _builder_version=&#8221;4.22.1&#8243; _module_preset=&#8221;default&#8221; global_colors_info=&#8221;{}&#8221;][et_pb_text _builder_version=&#8221;4.27.4&#8243; _module_preset=&#8221;dc1caac3-f664-4735-b7d9-0904560cb139&#8243; header_4_text_color=&#8221;gcid-afa30cf2-6f5d-4b9c-aa39-7dbe1ac3b7a3&#8243; text_orientation=&#8221;center&#8221; global_colors_info=&#8221;{%22gcid-afa30cf2-6f5d-4b9c-aa39-7dbe1ac3b7a3%22:%91%22header_4_text_color%22%93}&#8221;]<h4><span style=\"color: #ff6600;\">itop.HU<\/span><\/h4>[\/et_pb_text][et_pb_text _builder_version=&#8221;4.27.4&#8243; _module_preset=&#8221;1ab972cf-b739-4b4c-9475-84d98c06cb32&#8243; header_text_color=&#8221;#FFFFFF&#8221; text_orientation=&#8221;center&#8221; global_colors_info=&#8221;{}&#8221;]<h1><strong>Szak\u00e9rt\u0151k kihelyez\u00e9se \u00fczemeltet\u00e9sre<\/strong><\/h1>[\/et_pb_text][\/et_pb_column][\/et_pb_row][\/et_pb_section][et_pb_section fb_built=&#8221;1&#8243; admin_label=&#8221;Feature&#8221; _builder_version=&#8221;4.24.2&#8243; _module_preset=&#8221;default&#8221; background_color=&#8221;#000000&#8243; da_disable_devices=&#8221;off|off|off&#8221; collapsed=&#8221;on&#8221; global_colors_info=&#8221;{}&#8221; da_is_popup=&#8221;off&#8221; da_exit_intent=&#8221;off&#8221; da_has_close=&#8221;on&#8221; da_alt_close=&#8221;off&#8221; da_dark_close=&#8221;off&#8221; da_not_modal=&#8221;on&#8221; da_is_singular=&#8221;off&#8221; da_with_loader=&#8221;off&#8221; da_has_shadow=&#8221;on&#8221;][et_pb_row column_structure=&#8221;1_2,1_2&#8243; _builder_version=&#8221;4.24.2&#8243; _module_preset=&#8221;default&#8221; global_colors_info=&#8221;{}&#8221;][et_pb_column type=&#8221;1_2&#8243; _builder_version=&#8221;4.22.1&#8243; _module_preset=&#8221;default&#8221; global_colors_info=&#8221;{}&#8221;][et_pb_image src=&#8221;https:\/\/itop.hu\/wp-content\/uploads\/2024\/12\/augmented-reality-06.jpg&#8221; title_text=&#8221;augmented-reality-06&#8243; _builder_version=&#8221;4.24.2&#8243; _module_preset=&#8221;default&#8221; global_colors_info=&#8221;{}&#8221;][\/et_pb_image][\/et_pb_column][et_pb_column type=&#8221;1_2&#8243; _builder_version=&#8221;4.22.1&#8243; _module_preset=&#8221;default&#8221; global_colors_info=&#8221;{}&#8221;][et_pb_text _builder_version=&#8221;4.27.4&#8243; _module_preset=&#8221;default&#8221; text_font_size=&#8221;16px&#8221; global_colors_info=&#8221;{}&#8221;]<p style=\"text-align: justify;\"><span style=\"color: #ffffff;\">Elment a rendszergazda az adott ter\u00fcletr\u0151l \u00e9s nem tudja p\u00f3tolni?<\/span><\/p>\n<p style=\"text-align: justify;\"><span style=\"color: #ffffff;\">\u00daj technol\u00f3gi\u00e1t vezetnek be \u00e9s nincs hozz\u00e1 megfelel\u0151 szak\u00e9rt\u0151je?<\/span><\/p>\n<p style=\"text-align: justify;\"><span style=\"color: #ffffff;\">B\u0151v\u00edteni szeretn\u00e9 a megl\u00e9v\u0151 csapatot, de nem tal\u00e1l megfelel\u0151 szakembert?<\/span><\/p>\n<p style=\"text-align: justify;\"><span style=\"color: #ffffff;\">\u00a0<\/span><\/p>\n<p style=\"text-align: justify;\"><span style=\"color: #ffffff;\">N\u00e1lunk van megold\u00e1s a probl\u00e9m\u00e1j\u00e1ra! Szak\u00e9rt\u0151ink az alkalmaz\u00e1sszerverek, webszerverek \u00e9s adatb\u00e1zisszerverek nagy r\u00e9sz\u00e9t tudj\u00e1k \u00fczemeltetni havid\u00edjas szolg\u00e1ltat\u00e1s alapj\u00e1n.<\/span><\/p>\n<p style=\"text-align: justify;\"><span style=\"color: #ffffff;\">\u00a0<\/span><\/p>\n<p style=\"text-align: justify;\"><span style=\"color: #ffffff;\">Vel\u00fcnk nem kell agg\u00f3dnia a kies\u00e9sek miatt \u2013 tapasztalt szakembereink gyorsan \u00e9s hat\u00e9konyan k\u00e9pesek felm\u00e9rni a vonatkoz\u00f3 rendszereket, szolg\u00e1ltat\u00e1sokat \u00e9s alkalmaz\u00e1sokat.<\/span><\/p>\n<p style=\"text-align: justify;\"><span style=\"color: #ffffff;\">Rugalmass\u00e1got k\u00edn\u00e1lunk: ak\u00e1r r\u00f6vid t\u00e1v\u00fa helyettes\u00edt\u00e9sr\u0151l, ak\u00e1r hossz\u00fa t\u00e1v\u00fa \u00fczemeltet\u00e9sr\u0151l van sz\u00f3, sz\u00e1m\u00edthat r\u00e1nk.<\/span><\/p>\n<p style=\"text-align: justify;\"><span style=\"color: #ffffff;\">Minimaliz\u00e1lja az \u00e1ll\u00e1sid\u0151t \u00e9s maximaliz\u00e1lja a hat\u00e9konys\u00e1got professzion\u00e1lis t\u00e1mogat\u00e1sunkkal!<\/span><\/p>\n<p style=\"text-align: justify;\"><span style=\"color: #ffffff;\">B\u00edzza r\u00e1nk IT rendszereinek stabil m\u0171k\u00f6d\u00e9s\u00e9t, hogy \u00d6n az \u00fczleti c\u00e9lokra koncentr\u00e1lhasson.<\/span><\/p>[\/et_pb_text][\/et_pb_column][\/et_pb_row][et_pb_row _builder_version=&#8221;4.27.4&#8243; _module_preset=&#8221;default&#8221; global_colors_info=&#8221;{}&#8221;][et_pb_column type=&#8221;4_4&#8243; _builder_version=&#8221;4.27.4&#8243; _module_preset=&#8221;default&#8221; global_colors_info=&#8221;{}&#8221;][\/et_pb_column][\/et_pb_row][et_pb_row _builder_version=&#8221;4.27.4&#8243; _module_preset=&#8221;default&#8221; global_colors_info=&#8221;{}&#8221;][et_pb_column type=&#8221;4_4&#8243; _builder_version=&#8221;4.27.4&#8243; _module_preset=&#8221;default&#8221; global_colors_info=&#8221;{}&#8221;][et_pb_button button_text=&#8221;AJ\u00c1NLATOT K\u00c9REK&#8221; button_alignment=&#8221;center&#8221; _builder_version=&#8221;4.27.4&#8243; _module_preset=&#8221;default&#8221; custom_button=&#8221;on&#8221; button_text_color=&#8221;#FFFFFF&#8221; button_bg_color=&#8221;#8300E9&#8243; button_border_width=&#8221;0px&#8221; button_border_radius=&#8221;21px&#8221; button_icon=&#8221;&#x3d;||divi||400&#8243; hover_enabled=&#8221;0&#8243; global_colors_info=&#8221;{}&#8221; button_url=&#8221;https:\/\/itop.hu\/kapcsolat\/&#8221; sticky_enabled=&#8221;0&#8243;][\/et_pb_button][\/et_pb_column][\/et_pb_row][\/et_pb_section][et_pb_section fb_built=&#8221;1&#8243; admin_label=&#8221;Footer&#8221; _builder_version=&#8221;4.24.2&#8243; _module_preset=&#8221;default&#8221; background_color=&#8221;#000000&#8243; use_background_color_gradient=&#8221;on&#8221; background_color_gradient_stops=&#8221;#000000 10%|rgba(0,0,0,0.5) 50%|#000000 90%&#8221; background_color_gradient_overlays_image=&#8221;on&#8221; background_image=&#8221;https:\/\/itop.hu\/wp-content\/uploads\/2024\/12\/augmented-reality-2.jpg&#8221; background_enable_image=&#8221;off&#8221; custom_padding=&#8221;6vw||6vw||true|false&#8221; da_disable_devices=&#8221;off|off|off&#8221; saved_tabs=&#8221;all&#8221; collapsed=&#8221;on&#8221; global_colors_info=&#8221;{}&#8221; da_is_popup=&#8221;off&#8221; da_exit_intent=&#8221;off&#8221; da_has_close=&#8221;on&#8221; da_alt_close=&#8221;off&#8221; da_dark_close=&#8221;off&#8221; da_not_modal=&#8221;on&#8221; da_is_singular=&#8221;off&#8221; da_with_loader=&#8221;off&#8221; da_has_shadow=&#8221;on&#8221;][et_pb_row _builder_version=&#8221;4.24.2&#8243; _module_preset=&#8221;default&#8221; global_colors_info=&#8221;{}&#8221;][et_pb_column type=&#8221;4_4&#8243; _builder_version=&#8221;4.22.1&#8243; _module_preset=&#8221;default&#8221; global_colors_info=&#8221;{}&#8221;][et_pb_image src=&#8221;https:\/\/itop.hu\/wp-content\/uploads\/2024\/12\/logobluebackground-300&#215;143.webp&#8221; title_text=&#8221;logobluebackground&#8221; _builder_version=&#8221;4.27.4&#8243; _module_preset=&#8221;default&#8221; max_height=&#8221;56px&#8221; global_colors_info=&#8221;{}&#8221;][\/et_pb_image][et_pb_text _builder_version=&#8221;4.27.4&#8243; _dynamic_attributes=&#8221;content&#8221; _module_preset=&#8221;dc1caac3-f664-4735-b7d9-0904560cb139&#8243; header_4_text_color=&#8221;#FFFFFF&#8221; locked=&#8221;off&#8221; global_colors_info=&#8221;{}&#8221;]@ET-DC@eyJkeW5hbWljIjp0cnVlLCJjb250ZW50IjoiY3VycmVudF9kYXRlIiwic2V0dGluZ3MiOnsiYmVmb3JlIjoiPGg0PkNvcHlyaWdodCAmY29weTsgIiwiYWZ0ZXIiOiIgSVRPUC5IVSBBbGwgUmlnaHRzIFJlc2VydmVkLjwvaDQ+IiwiZGF0ZV9mb3JtYXQiOiJjdXN0b20iLCJjdXN0b21fZGF0ZV9mb3JtYXQiOiJZIn19@[\/et_pb_text][\/et_pb_column][\/et_pb_row][\/et_pb_section]\n","protected":false},"excerpt":{"rendered":"<p>itop.HUSzak\u00e9rt\u0151k kihelyez\u00e9se \u00fczemeltet\u00e9sreElment a rendszergazda az adott ter\u00fcletr\u0151l \u00e9s nem tudja p\u00f3tolni? \u00daj technol\u00f3gi\u00e1t vezetnek be \u00e9s nincs hozz\u00e1 megfelel\u0151 szak\u00e9rt\u0151je? B\u0151v\u00edteni szeretn\u00e9 a megl\u00e9v\u0151 csapatot, de nem tal\u00e1l megfelel\u0151 szakembert? \u00a0 N\u00e1lunk van megold\u00e1s a probl\u00e9m\u00e1j\u00e1ra! Szak\u00e9rt\u0151ink az alkalmaz\u00e1sszerverek, webszerverek \u00e9s adatb\u00e1zisszerverek nagy r\u00e9sz\u00e9t tudj\u00e1k \u00fczemeltetni havid\u00edjas szolg\u00e1ltat\u00e1s alapj\u00e1n. \u00a0 Vel\u00fcnk nem kell agg\u00f3dnia [&hellip;]<\/p>\n","protected":false},"author":1,"featured_media":0,"parent":0,"menu_order":0,"comment_status":"closed","ping_status":"closed","template":"","meta":{"_et_pb_use_builder":"on","_et_pb_old_content":"","_et_gb_content_width":"","footnotes":""},"class_list":["post-614","page","type-page","status-publish","hentry"],"yoast_head":"<!-- This site is optimized with the Yoast SEO plugin v27.5 - https:\/\/yoast.com\/product\/yoast-seo-wordpress\/ -->\n<title>Outsourcing - itop<\/title>\n<meta name=\"description\" content=\"Hat\u00e9kony IT outsourcing megold\u00e1sok az ITOP-t\u00f3l. B\u00edzza szak\u00e9rt\u0151inkre IT feladatait \u00e9s koncentr\u00e1ljon f\u0151 \u00fczleti tev\u00e9kenys\u00e9geire. Rugalmas, k\u00f6lts\u00e9ghat\u00e9kony szolg\u00e1ltat\u00e1sok, amelyek n\u00f6velik v\u00e1llalkoz\u00e1sa versenyk\u00e9pess\u00e9g\u00e9t.\" \/>\n<meta name=\"robots\" content=\"index, follow, max-snippet:-1, max-image-preview:large, max-video-preview:-1\" \/>\n<link rel=\"canonical\" href=\"https:\/\/itop.hu\/eng\/feladatatvetel\/\" \/>\n<meta property=\"og:locale\" content=\"en_GB\" \/>\n<meta property=\"og:type\" content=\"article\" \/>\n<meta property=\"og:title\" content=\"Outsourcing - itop\" \/>\n<meta property=\"og:description\" content=\"Hat\u00e9kony IT outsourcing megold\u00e1sok az ITOP-t\u00f3l. B\u00edzza szak\u00e9rt\u0151inkre IT feladatait \u00e9s koncentr\u00e1ljon f\u0151 \u00fczleti tev\u00e9kenys\u00e9geire. Rugalmas, k\u00f6lts\u00e9ghat\u00e9kony szolg\u00e1ltat\u00e1sok, amelyek n\u00f6velik v\u00e1llalkoz\u00e1sa versenyk\u00e9pess\u00e9g\u00e9t.\" \/>\n<meta property=\"og:url\" content=\"https:\/\/itop.hu\/eng\/feladatatvetel\/\" \/>\n<meta property=\"og:site_name\" content=\"itop\" \/>\n<meta property=\"article:publisher\" content=\"https:\/\/www.facebook.com\/profile.php?id=61560571456979\" \/>\n<meta property=\"article:modified_time\" content=\"2024-12-22T10:46:03+00:00\" \/>\n<meta property=\"og:image\" content=\"https:\/\/itop.hu\/wp-content\/uploads\/2024\/02\/logoitop.png\" \/>\n\t<meta property=\"og:image:width\" content=\"144\" \/>\n\t<meta property=\"og:image:height\" content=\"71\" \/>\n\t<meta property=\"og:image:type\" content=\"image\/png\" \/>\n<meta name=\"twitter:card\" content=\"summary_large_image\" \/>\n<meta name=\"twitter:label1\" content=\"Estimated reading time\" \/>\n\t<meta name=\"twitter:data1\" content=\"2 minutes\" \/>\n<script type=\"application\/ld+json\" class=\"yoast-schema-graph\">{\"@context\":\"https:\\\/\\\/schema.org\",\"@graph\":[{\"@type\":\"WebPage\",\"@id\":\"https:\\\/\\\/itop.hu\\\/feladatatvetel\\\/\",\"url\":\"https:\\\/\\\/itop.hu\\\/feladatatvetel\\\/\",\"name\":\"Outsourcing - itop\",\"isPartOf\":{\"@id\":\"https:\\\/\\\/itop.hu\\\/#website\"},\"datePublished\":\"2024-12-16T15:06:17+00:00\",\"dateModified\":\"2024-12-22T10:46:03+00:00\",\"description\":\"Hat\u00e9kony IT outsourcing megold\u00e1sok az ITOP-t\u00f3l. B\u00edzza szak\u00e9rt\u0151inkre IT feladatait \u00e9s koncentr\u00e1ljon f\u0151 \u00fczleti tev\u00e9kenys\u00e9geire. Rugalmas, k\u00f6lts\u00e9ghat\u00e9kony szolg\u00e1ltat\u00e1sok, amelyek n\u00f6velik v\u00e1llalkoz\u00e1sa versenyk\u00e9pess\u00e9g\u00e9t.\",\"breadcrumb\":{\"@id\":\"https:\\\/\\\/itop.hu\\\/feladatatvetel\\\/#breadcrumb\"},\"inLanguage\":\"en-GB\",\"potentialAction\":[{\"@type\":\"ReadAction\",\"target\":[\"https:\\\/\\\/itop.hu\\\/feladatatvetel\\\/\"]}]},{\"@type\":\"BreadcrumbList\",\"@id\":\"https:\\\/\\\/itop.hu\\\/feladatatvetel\\\/#breadcrumb\",\"itemListElement\":[{\"@type\":\"ListItem\",\"position\":1,\"name\":\"Kezd\u0151lap\",\"item\":\"https:\\\/\\\/itop.hu\\\/\"},{\"@type\":\"ListItem\",\"position\":2,\"name\":\"Outsourcing\"}]},{\"@type\":\"WebSite\",\"@id\":\"https:\\\/\\\/itop.hu\\\/#website\",\"url\":\"https:\\\/\\\/itop.hu\\\/\",\"name\":\"itop\",\"description\":\"Ha nyugodtan akar haj\u00f3zni, b\u00edzza r\u00e1nk az \u00fczemeltet\u00e9st!\",\"publisher\":{\"@id\":\"https:\\\/\\\/itop.hu\\\/#organization\"},\"potentialAction\":[{\"@type\":\"SearchAction\",\"target\":{\"@type\":\"EntryPoint\",\"urlTemplate\":\"https:\\\/\\\/itop.hu\\\/?s={search_term_string}\"},\"query-input\":{\"@type\":\"PropertyValueSpecification\",\"valueRequired\":true,\"valueName\":\"search_term_string\"}}],\"inLanguage\":\"en-GB\"},{\"@type\":\"Organization\",\"@id\":\"https:\\\/\\\/itop.hu\\\/#organization\",\"name\":\"itop - A legjobb ITSM megold\u00e1s a piacon! - CMDB - \u00fczemeltet\u00e9s - kiberbiztons\u00e1g\",\"url\":\"https:\\\/\\\/itop.hu\\\/\",\"logo\":{\"@type\":\"ImageObject\",\"inLanguage\":\"en-GB\",\"@id\":\"https:\\\/\\\/itop.hu\\\/#\\\/schema\\\/logo\\\/image\\\/\",\"url\":\"https:\\\/\\\/itop.hu\\\/wp-content\\\/uploads\\\/2024\\\/02\\\/logoitop.png\",\"contentUrl\":\"https:\\\/\\\/itop.hu\\\/wp-content\\\/uploads\\\/2024\\\/02\\\/logoitop.png\",\"width\":144,\"height\":71,\"caption\":\"itop - A legjobb ITSM megold\u00e1s a piacon! - CMDB - \u00fczemeltet\u00e9s - kiberbiztons\u00e1g\"},\"image\":{\"@id\":\"https:\\\/\\\/itop.hu\\\/#\\\/schema\\\/logo\\\/image\\\/\"},\"sameAs\":[\"https:\\\/\\\/www.facebook.com\\\/profile.php?id=61560571456979\"]}]}<\/script>\n<!-- \/ Yoast SEO plugin. -->","yoast_head_json":{"title":"Outsourcing - itop","description":"Hat\u00e9kony IT outsourcing megold\u00e1sok az ITOP-t\u00f3l. B\u00edzza szak\u00e9rt\u0151inkre IT feladatait \u00e9s koncentr\u00e1ljon f\u0151 \u00fczleti tev\u00e9kenys\u00e9geire. Rugalmas, k\u00f6lts\u00e9ghat\u00e9kony szolg\u00e1ltat\u00e1sok, amelyek n\u00f6velik v\u00e1llalkoz\u00e1sa versenyk\u00e9pess\u00e9g\u00e9t.","robots":{"index":"index","follow":"follow","max-snippet":"max-snippet:-1","max-image-preview":"max-image-preview:large","max-video-preview":"max-video-preview:-1"},"canonical":"https:\/\/itop.hu\/eng\/feladatatvetel\/","og_locale":"en_GB","og_type":"article","og_title":"Outsourcing - itop","og_description":"Hat\u00e9kony IT outsourcing megold\u00e1sok az ITOP-t\u00f3l. B\u00edzza szak\u00e9rt\u0151inkre IT feladatait \u00e9s koncentr\u00e1ljon f\u0151 \u00fczleti tev\u00e9kenys\u00e9geire. Rugalmas, k\u00f6lts\u00e9ghat\u00e9kony szolg\u00e1ltat\u00e1sok, amelyek n\u00f6velik v\u00e1llalkoz\u00e1sa versenyk\u00e9pess\u00e9g\u00e9t.","og_url":"https:\/\/itop.hu\/eng\/feladatatvetel\/","og_site_name":"itop","article_publisher":"https:\/\/www.facebook.com\/profile.php?id=61560571456979","article_modified_time":"2024-12-22T10:46:03+00:00","og_image":[{"width":144,"height":71,"url":"https:\/\/itop.hu\/wp-content\/uploads\/2024\/02\/logoitop.png","type":"image\/png"}],"twitter_card":"summary_large_image","twitter_misc":{"Estimated reading time":"2 minutes"},"schema":{"@context":"https:\/\/schema.org","@graph":[{"@type":"WebPage","@id":"https:\/\/itop.hu\/feladatatvetel\/","url":"https:\/\/itop.hu\/feladatatvetel\/","name":"Outsourcing - itop","isPartOf":{"@id":"https:\/\/itop.hu\/#website"},"datePublished":"2024-12-16T15:06:17+00:00","dateModified":"2024-12-22T10:46:03+00:00","description":"Hat\u00e9kony IT outsourcing megold\u00e1sok az ITOP-t\u00f3l. B\u00edzza szak\u00e9rt\u0151inkre IT feladatait \u00e9s koncentr\u00e1ljon f\u0151 \u00fczleti tev\u00e9kenys\u00e9geire. Rugalmas, k\u00f6lts\u00e9ghat\u00e9kony szolg\u00e1ltat\u00e1sok, amelyek n\u00f6velik v\u00e1llalkoz\u00e1sa versenyk\u00e9pess\u00e9g\u00e9t.","breadcrumb":{"@id":"https:\/\/itop.hu\/feladatatvetel\/#breadcrumb"},"inLanguage":"en-GB","potentialAction":[{"@type":"ReadAction","target":["https:\/\/itop.hu\/feladatatvetel\/"]}]},{"@type":"BreadcrumbList","@id":"https:\/\/itop.hu\/feladatatvetel\/#breadcrumb","itemListElement":[{"@type":"ListItem","position":1,"name":"Kezd\u0151lap","item":"https:\/\/itop.hu\/"},{"@type":"ListItem","position":2,"name":"Outsourcing"}]},{"@type":"WebSite","@id":"https:\/\/itop.hu\/#website","url":"https:\/\/itop.hu\/","name":"ITOP","description":"Ha nyugodtan akar haj\u00f3zni, b\u00edzza r\u00e1nk az \u00fczemeltet\u00e9st!","publisher":{"@id":"https:\/\/itop.hu\/#organization"},"potentialAction":[{"@type":"SearchAction","target":{"@type":"EntryPoint","urlTemplate":"https:\/\/itop.hu\/?s={search_term_string}"},"query-input":{"@type":"PropertyValueSpecification","valueRequired":true,"valueName":"search_term_string"}}],"inLanguage":"en-GB"},{"@type":"Organization","@id":"https:\/\/itop.hu\/#organization","name":"itop - A legjobb ITSM megold\u00e1s a piacon! - CMDB - \u00fczemeltet\u00e9s - kiberbiztons\u00e1g","url":"https:\/\/itop.hu\/","logo":{"@type":"ImageObject","inLanguage":"en-GB","@id":"https:\/\/itop.hu\/#\/schema\/logo\/image\/","url":"https:\/\/itop.hu\/wp-content\/uploads\/2024\/02\/logoitop.png","contentUrl":"https:\/\/itop.hu\/wp-content\/uploads\/2024\/02\/logoitop.png","width":144,"height":71,"caption":"itop - A legjobb ITSM megold\u00e1s a piacon! - CMDB - \u00fczemeltet\u00e9s - kiberbiztons\u00e1g"},"image":{"@id":"https:\/\/itop.hu\/#\/schema\/logo\/image\/"},"sameAs":["https:\/\/www.facebook.com\/profile.php?id=61560571456979"]}]}},"_links":{"self":[{"href":"https:\/\/itop.hu\/eng\/wp-json\/wp\/v2\/pages\/614","targetHints":{"allow":["GET"]}}],"collection":[{"href":"https:\/\/itop.hu\/eng\/wp-json\/wp\/v2\/pages"}],"about":[{"href":"https:\/\/itop.hu\/eng\/wp-json\/wp\/v2\/types\/page"}],"author":[{"embeddable":true,"href":"https:\/\/itop.hu\/eng\/wp-json\/wp\/v2\/users\/1"}],"replies":[{"embeddable":true,"href":"https:\/\/itop.hu\/eng\/wp-json\/wp\/v2\/comments?post=614"}],"version-history":[{"count":5,"href":"https:\/\/itop.hu\/eng\/wp-json\/wp\/v2\/pages\/614\/revisions"}],"predecessor-version":[{"id":1064,"href":"https:\/\/itop.hu\/eng\/wp-json\/wp\/v2\/pages\/614\/revisions\/1064"}],"wp:attachment":[{"href":"https:\/\/itop.hu\/eng\/wp-json\/wp\/v2\/media?parent=614"}],"curies":[{"name":"wp","href":"https:\/\/api.w.org\/{rel}","templated":true}]}}