{"id":686,"date":"2024-12-17T08:09:14","date_gmt":"2024-12-17T08:09:14","guid":{"rendered":"https:\/\/itop.hu\/?page_id=686"},"modified":"2024-12-22T10:38:12","modified_gmt":"2024-12-22T10:38:12","slug":"it-biztonsag-2","status":"publish","type":"page","link":"https:\/\/itop.hu\/eng\/it-biztonsag-2\/","title":{"rendered":"Cyber Security"},"content":{"rendered":"\n[et_pb_section fb_built=&#8221;1&#8243; admin_label=&#8221;Header&#8221; _builder_version=&#8221;4.23.1&#8243; _module_preset=&#8221;default&#8221; background_color=&#8221;#000000&#8243; use_background_color_gradient=&#8221;on&#8221; background_color_gradient_stops=&#8221;#000000 0%|gcid-143aa564-2dbe-4a69-aba4-6587f516793c 100%&#8221; custom_padding=&#8221;6vw||6vw||true|false&#8221; da_disable_devices=&#8221;off|off|off&#8221; collapsed=&#8221;on&#8221; global_colors_info=&#8221;{%22gcid-143aa564-2dbe-4a69-aba4-6587f516793c%22:%91%22background_color_gradient_stops%22%93}&#8221; da_is_popup=&#8221;off&#8221; da_exit_intent=&#8221;off&#8221; da_has_close=&#8221;on&#8221; da_alt_close=&#8221;off&#8221; da_dark_close=&#8221;off&#8221; da_not_modal=&#8221;on&#8221; da_is_singular=&#8221;off&#8221; da_with_loader=&#8221;off&#8221; da_has_shadow=&#8221;on&#8221;][et_pb_row _builder_version=&#8221;4.24.2&#8243; _module_preset=&#8221;default&#8221; background_image=&#8221;https:\/\/itop.hu\/wp-content\/uploads\/2024\/12\/augmented-reality-background-03@2x.png&#8221; parallax=&#8221;on&#8221; max_width=&#8221;1280px&#8221; custom_padding=&#8221;10vw|8vw|10vw|8vw|true|true&#8221; global_colors_info=&#8221;{%22gcid-143aa564-2dbe-4a69-aba4-6587f516793c%22:%91%22background_color_gradient_stops%22%93}&#8221;][et_pb_column type=&#8221;4_4&#8243; _builder_version=&#8221;4.22.1&#8243; _module_preset=&#8221;default&#8221; global_colors_info=&#8221;{}&#8221;][et_pb_text _builder_version=&#8221;4.27.4&#8243; _module_preset=&#8221;9cfc9755-090e-476c-9ac7-7a41bf3acd26&#8243; header_4_text_color=&#8221;gcid-afa30cf2-6f5d-4b9c-aa39-7dbe1ac3b7a3&#8243; text_orientation=&#8221;center&#8221; global_colors_info=&#8221;{%22gcid-afa30cf2-6f5d-4b9c-aa39-7dbe1ac3b7a3%22:%91%22header_4_text_color%22%93}&#8221;]<h4><span style=\"color: #ff6600;\">itop.HU<\/span><\/h4>[\/et_pb_text][et_pb_text _builder_version=&#8221;4.27.4&#8243; _module_preset=&#8221;f6d6b7b2-8464-4326-ac5a-1d35afe8b50f&#8221; header_text_color=&#8221;#FFFFFF&#8221; text_orientation=&#8221;center&#8221; global_colors_info=&#8221;{}&#8221;]<h1>IT BIZTONS\u00c1G<\/h1>\n<p>&nbsp;<\/p>\n<h1>tervez\u00e9se, kialak\u00edt\u00e1sa, tesztel\u00e9se<\/h1>[\/et_pb_text][\/et_pb_column][\/et_pb_row][\/et_pb_section][et_pb_section fb_built=&#8221;1&#8243; admin_label=&#8221;About&#8221; _builder_version=&#8221;4.22.1&#8243; _module_preset=&#8221;default&#8221; background_color=&#8221;#000000&#8243; da_disable_devices=&#8221;off|off|off&#8221; locked=&#8221;off&#8221; collapsed=&#8221;on&#8221; global_colors_info=&#8221;{}&#8221; da_is_popup=&#8221;off&#8221; da_exit_intent=&#8221;off&#8221; da_has_close=&#8221;on&#8221; da_alt_close=&#8221;off&#8221; da_dark_close=&#8221;off&#8221; da_not_modal=&#8221;on&#8221; da_is_singular=&#8221;off&#8221; da_with_loader=&#8221;off&#8221; da_has_shadow=&#8221;on&#8221;][et_pb_row column_structure=&#8221;1_2,1_2&#8243; _builder_version=&#8221;4.27.4&#8243; _module_preset=&#8221;default&#8221; global_colors_info=&#8221;{}&#8221;][et_pb_column type=&#8221;1_2&#8243; _builder_version=&#8221;4.27.4&#8243; _module_preset=&#8221;default&#8221; global_colors_info=&#8221;{}&#8221;][et_pb_image src=&#8221;https:\/\/itop.hu\/wp-content\/uploads\/2024\/09\/ITsec.webp&#8221; title_text=&#8221;ITsec&#8221; _builder_version=&#8221;4.27.4&#8243; _module_preset=&#8221;default&#8221; global_colors_info=&#8221;{}&#8221;][\/et_pb_image][\/et_pb_column][et_pb_column type=&#8221;1_2&#8243; _builder_version=&#8221;4.27.4&#8243; _module_preset=&#8221;default&#8221; global_colors_info=&#8221;{}&#8221;][et_pb_text _builder_version=&#8221;4.27.4&#8243; _module_preset=&#8221;default&#8221; text_font_size=&#8221;15px&#8221; global_colors_info=&#8221;{}&#8221;]<p style=\"text-align: justify;\"><span style=\"color: #ffffff;\"><\/span><\/p>\n<p style=\"text-align: justify;\"><span style=\"color: #ffffff;\"><\/span><\/p>\n<p style=\"text-align: justify;\"><span style=\"color: #ffffff;\"><\/span><\/p>\n<p style=\"text-align: justify;\"><span style=\"color: #ffffff;\"><\/span><\/p>\n<p style=\"text-align: justify;\"><span style=\"color: #ffffff;\">Komoly lemarad\u00e1sa van a Cybersecurity ter\u00e9n, vagy csak l\u00e9p\u00e9st szeretne tartani a technol\u00f3giai fejl\u0151d\u00e9ssel?<\/span><\/p>\n<p style=\"text-align: justify;\"><span style=\"color: #ffffff;\">Nem rendelkezik az al\u00e1bbi rendszerekkel, de biztons\u00e1gban szeretne lenni \u00e9s meg szeretne felelni a jogszab\u00e1lyoknak?<\/span><\/p>\n<p style=\"text-align: center;\"><span style=\"color: #ffffff;\"><em>SIEM, NDR, EDR, XDR, CDR, TIP, SOAR, &#8230;<\/em><\/span><\/p>\n<p style=\"text-align: justify;\"><span style=\"color: #ffffff;\">Az IT biztons\u00e1g fontoss\u00e1ga napjainkban nem lehet el\u00e9gg\u00e9 hangs\u00falyos. A digit\u00e1lis vil\u00e1gban, ahol a v\u00e1llalkoz\u00e1sok egyre ink\u00e1bb t\u00e1maszkodnak a technol\u00f3gi\u00e1ra \u00e9s az internetre, a kiberfenyeget\u00e9sek egyre kifinomultabb\u00e1 \u00e9s gyakoribb\u00e1 v\u00e1lnak, jelent\u0151s kock\u00e1zatot jelentve minden m\u00e9ret\u0171 v\u00e1llalkoz\u00e1s sz\u00e1m\u00e1ra.<\/span><\/p>\n<p style=\"text-align: justify;\"><span style=\"color: #ffffff;\">Az IT biztons\u00e1g ma m\u00e1r nem opcion\u00e1lis, hanem elengedhetetlen r\u00e9sze a sikernek.<\/span><\/p>\n<p style=\"text-align: justify;\"><span style=\"color: #ffffff;\">A kiberfenyeget\u00e9sek folyamatosan fejl\u0151dnek, \u00e9s egy sikeres t\u00e1mad\u00e1s k\u00f6vetkezm\u00e9nyei puszt\u00edt\u00f3ak lehetnek, bele\u00e9rtve a p\u00e9nz\u00fcgyi vesztes\u00e9geket, a h\u00edrn\u00e9v k\u00e1rosod\u00e1s\u00e1t \u00e9s a jogi k\u00f6vetkezm\u00e9nyeket is.<\/span><\/p>\n<p style=\"text-align: justify;\"><span style=\"color: #ffffff;\">N\u00e1lunk j\u00f3 helyen j\u00e1r, mivel t\u00f6bb \u00e9vtizedes banki \u00e9s nagyv\u00e1llalati tapasztalattal az IT biztons\u00e1got t\u00f6k\u00e9letes szintre fejlesztett\u00fck.<\/span><\/p>\n<p style=\"text-align: justify;\"><span style=\"color: #ff0000;\"><span style=\"color: #ffffff;\">Egy \u00e1ltalunk k\u00e9sz\u00edtett GAP anal\u00edzis alapj\u00e1n pontosan felm\u00e9rj\u00fck, hogy mely ter\u00fcleteken van lemaradva, \u00e9s ennek f\u00fcggv\u00e9ny\u00e9ben seg\u00edt\u00fcnk ig\u00e9ny szerint a tov\u00e1bbiakban.<\/span><br \/><\/span><\/p>[\/et_pb_text][\/et_pb_column][\/et_pb_row][et_pb_row _builder_version=&#8221;4.27.4&#8243; _module_preset=&#8221;default&#8221; global_colors_info=&#8221;{}&#8221;][et_pb_column type=&#8221;4_4&#8243; _builder_version=&#8221;4.27.4&#8243; _module_preset=&#8221;default&#8221; global_colors_info=&#8221;{}&#8221;][et_pb_button button_text=&#8221;\u00c9RDEKELNEK AZ IT BIZTONS\u00c1GI MEGOLD\u00c1SOK&#8221; button_alignment=&#8221;center&#8221; _builder_version=&#8221;4.27.4&#8243; _module_preset=&#8221;default&#8221; custom_button=&#8221;on&#8221; button_text_color=&#8221;#FFFFFF&#8221; button_bg_color=&#8221;#8300E9&#8243; button_border_width=&#8221;0px&#8221; button_border_radius=&#8221;21px&#8221; button_icon=&#8221;&#x3d;||divi||400&#8243; hover_enabled=&#8221;0&#8243; global_colors_info=&#8221;{}&#8221; button_url=&#8221;https:\/\/itop.hu\/kapcsolat\/&#8221; sticky_enabled=&#8221;0&#8243;][\/et_pb_button][\/et_pb_column][\/et_pb_row][\/et_pb_section][et_pb_section fb_built=&#8221;1&#8243; admin_label=&#8221;Footer&#8221; _builder_version=&#8221;4.24.2&#8243; _module_preset=&#8221;default&#8221; background_color=&#8221;#000000&#8243; use_background_color_gradient=&#8221;on&#8221; background_color_gradient_stops=&#8221;#000000 10%|rgba(0,0,0,0.5) 50%|#000000 90%&#8221; background_color_gradient_overlays_image=&#8221;on&#8221; background_image=&#8221;https:\/\/itop.hu\/wp-content\/uploads\/2024\/12\/augmented-reality-2.jpg&#8221; background_enable_image=&#8221;off&#8221; custom_padding=&#8221;6vw||6vw||true|false&#8221; da_disable_devices=&#8221;off|off|off&#8221; saved_tabs=&#8221;all&#8221; collapsed=&#8221;on&#8221; global_colors_info=&#8221;{}&#8221; da_is_popup=&#8221;off&#8221; da_exit_intent=&#8221;off&#8221; da_has_close=&#8221;on&#8221; da_alt_close=&#8221;off&#8221; da_dark_close=&#8221;off&#8221; da_not_modal=&#8221;on&#8221; da_is_singular=&#8221;off&#8221; da_with_loader=&#8221;off&#8221; da_has_shadow=&#8221;on&#8221;][et_pb_row _builder_version=&#8221;4.24.2&#8243; _module_preset=&#8221;default&#8221; global_colors_info=&#8221;{}&#8221;][et_pb_column type=&#8221;4_4&#8243; _builder_version=&#8221;4.22.1&#8243; _module_preset=&#8221;default&#8221; global_colors_info=&#8221;{}&#8221;][et_pb_image src=&#8221;https:\/\/itop.hu\/wp-content\/uploads\/2024\/12\/logobluebackground.webp&#8221; title_text=&#8221;logobluebackground&#8221; _builder_version=&#8221;4.27.4&#8243; _module_preset=&#8221;default&#8221; max_height=&#8221;56px&#8221; global_colors_info=&#8221;{}&#8221;][\/et_pb_image][et_pb_text _builder_version=&#8221;4.27.4&#8243; _dynamic_attributes=&#8221;content&#8221; _module_preset=&#8221;9cfc9755-090e-476c-9ac7-7a41bf3acd26&#8243; header_4_text_color=&#8221;#FFFFFF&#8221; locked=&#8221;off&#8221; global_colors_info=&#8221;{}&#8221;]@ET-DC@eyJkeW5hbWljIjp0cnVlLCJjb250ZW50IjoiY3VycmVudF9kYXRlIiwic2V0dGluZ3MiOnsiYmVmb3JlIjoiPGg0PkNvcHlyaWdodCAmY29weTsgIiwiYWZ0ZXIiOiIgSVRPUC5IVSBBbGwgUmlnaHRzIFJlc2VydmVkLjwvaDQ+IiwiZGF0ZV9mb3JtYXQiOiJjdXN0b20iLCJjdXN0b21fZGF0ZV9mb3JtYXQiOiJZIn19@[\/et_pb_text][\/et_pb_column][\/et_pb_row][\/et_pb_section]\n","protected":false},"excerpt":{"rendered":"<p>itop.HUIT BIZTONS\u00c1G &nbsp; tervez\u00e9se, kialak\u00edt\u00e1sa, tesztel\u00e9se Komoly lemarad\u00e1sa van a Cybersecurity ter\u00e9n, vagy csak l\u00e9p\u00e9st szeretne tartani a technol\u00f3giai fejl\u0151d\u00e9ssel? Nem rendelkezik az al\u00e1bbi rendszerekkel, de biztons\u00e1gban szeretne lenni \u00e9s meg szeretne felelni a jogszab\u00e1lyoknak? SIEM, NDR, EDR, XDR, CDR, TIP, SOAR, &#8230; Az IT biztons\u00e1g fontoss\u00e1ga napjainkban nem lehet el\u00e9gg\u00e9 hangs\u00falyos. A digit\u00e1lis vil\u00e1gban, [&hellip;]<\/p>\n","protected":false},"author":1,"featured_media":0,"parent":0,"menu_order":0,"comment_status":"closed","ping_status":"closed","template":"","meta":{"_et_pb_use_builder":"on","_et_pb_old_content":"","_et_gb_content_width":"","footnotes":""},"class_list":["post-686","page","type-page","status-publish","hentry"],"yoast_head":"<!-- This site is optimized with the Yoast SEO plugin v27.5 - https:\/\/yoast.com\/product\/yoast-seo-wordpress\/ -->\n<title>IT biztons\u00e1g - itop<\/title>\n<meta name=\"description\" content=\"\u00c1tfog\u00f3 IT biztons\u00e1gi megold\u00e1sok az ITOP-t\u00f3l. V\u00e9dje meg v\u00e1llalkoz\u00e1s\u00e1t a kiberfenyeget\u00e9sekt\u0151l! Kock\u00e1zatelemz\u00e9s, t\u0171zfalak, adatv\u00e9delem \u00e9s biztons\u00e1gi auditok. Biztos\u00edtsa digit\u00e1lis eszk\u00f6zeit \u00e9s adatait szak\u00e9rt\u0151inkkel!\" \/>\n<meta name=\"robots\" content=\"index, follow, max-snippet:-1, max-image-preview:large, max-video-preview:-1\" \/>\n<link rel=\"canonical\" href=\"https:\/\/itop.hu\/eng\/it-biztonsag-2\/\" \/>\n<meta property=\"og:locale\" content=\"en_GB\" \/>\n<meta property=\"og:type\" content=\"article\" \/>\n<meta property=\"og:title\" content=\"IT biztons\u00e1g - itop\" \/>\n<meta property=\"og:description\" content=\"\u00c1tfog\u00f3 IT biztons\u00e1gi megold\u00e1sok az ITOP-t\u00f3l. V\u00e9dje meg v\u00e1llalkoz\u00e1s\u00e1t a kiberfenyeget\u00e9sekt\u0151l! Kock\u00e1zatelemz\u00e9s, t\u0171zfalak, adatv\u00e9delem \u00e9s biztons\u00e1gi auditok. Biztos\u00edtsa digit\u00e1lis eszk\u00f6zeit \u00e9s adatait szak\u00e9rt\u0151inkkel!\" \/>\n<meta property=\"og:url\" content=\"https:\/\/itop.hu\/eng\/it-biztonsag-2\/\" \/>\n<meta property=\"og:site_name\" content=\"itop\" \/>\n<meta property=\"article:publisher\" content=\"https:\/\/www.facebook.com\/profile.php?id=61560571456979\" \/>\n<meta property=\"article:modified_time\" content=\"2024-12-22T10:38:12+00:00\" \/>\n<meta property=\"og:image\" content=\"https:\/\/itop.hu\/wp-content\/uploads\/2024\/02\/logoitop.png\" \/>\n\t<meta property=\"og:image:width\" content=\"144\" \/>\n\t<meta property=\"og:image:height\" content=\"71\" \/>\n\t<meta property=\"og:image:type\" content=\"image\/png\" \/>\n<meta name=\"twitter:card\" content=\"summary_large_image\" \/>\n<meta name=\"twitter:label1\" content=\"Estimated reading time\" \/>\n\t<meta name=\"twitter:data1\" content=\"2 minutes\" \/>\n<script type=\"application\/ld+json\" class=\"yoast-schema-graph\">{\"@context\":\"https:\\\/\\\/schema.org\",\"@graph\":[{\"@type\":\"WebPage\",\"@id\":\"https:\\\/\\\/itop.hu\\\/it-biztonsag-2\\\/\",\"url\":\"https:\\\/\\\/itop.hu\\\/it-biztonsag-2\\\/\",\"name\":\"IT biztons\u00e1g - itop\",\"isPartOf\":{\"@id\":\"https:\\\/\\\/itop.hu\\\/#website\"},\"datePublished\":\"2024-12-17T08:09:14+00:00\",\"dateModified\":\"2024-12-22T10:38:12+00:00\",\"description\":\"\u00c1tfog\u00f3 IT biztons\u00e1gi megold\u00e1sok az ITOP-t\u00f3l. V\u00e9dje meg v\u00e1llalkoz\u00e1s\u00e1t a kiberfenyeget\u00e9sekt\u0151l! Kock\u00e1zatelemz\u00e9s, t\u0171zfalak, adatv\u00e9delem \u00e9s biztons\u00e1gi auditok. Biztos\u00edtsa digit\u00e1lis eszk\u00f6zeit \u00e9s adatait szak\u00e9rt\u0151inkkel!\",\"breadcrumb\":{\"@id\":\"https:\\\/\\\/itop.hu\\\/it-biztonsag-2\\\/#breadcrumb\"},\"inLanguage\":\"en-GB\",\"potentialAction\":[{\"@type\":\"ReadAction\",\"target\":[\"https:\\\/\\\/itop.hu\\\/it-biztonsag-2\\\/\"]}]},{\"@type\":\"BreadcrumbList\",\"@id\":\"https:\\\/\\\/itop.hu\\\/it-biztonsag-2\\\/#breadcrumb\",\"itemListElement\":[{\"@type\":\"ListItem\",\"position\":1,\"name\":\"Kezd\u0151lap\",\"item\":\"https:\\\/\\\/itop.hu\\\/\"},{\"@type\":\"ListItem\",\"position\":2,\"name\":\"IT biztons\u00e1g\"}]},{\"@type\":\"WebSite\",\"@id\":\"https:\\\/\\\/itop.hu\\\/#website\",\"url\":\"https:\\\/\\\/itop.hu\\\/\",\"name\":\"itop\",\"description\":\"Ha nyugodtan akar haj\u00f3zni, b\u00edzza r\u00e1nk az \u00fczemeltet\u00e9st!\",\"publisher\":{\"@id\":\"https:\\\/\\\/itop.hu\\\/#organization\"},\"potentialAction\":[{\"@type\":\"SearchAction\",\"target\":{\"@type\":\"EntryPoint\",\"urlTemplate\":\"https:\\\/\\\/itop.hu\\\/?s={search_term_string}\"},\"query-input\":{\"@type\":\"PropertyValueSpecification\",\"valueRequired\":true,\"valueName\":\"search_term_string\"}}],\"inLanguage\":\"en-GB\"},{\"@type\":\"Organization\",\"@id\":\"https:\\\/\\\/itop.hu\\\/#organization\",\"name\":\"itop - A legjobb ITSM megold\u00e1s a piacon! - CMDB - \u00fczemeltet\u00e9s - kiberbiztons\u00e1g\",\"url\":\"https:\\\/\\\/itop.hu\\\/\",\"logo\":{\"@type\":\"ImageObject\",\"inLanguage\":\"en-GB\",\"@id\":\"https:\\\/\\\/itop.hu\\\/#\\\/schema\\\/logo\\\/image\\\/\",\"url\":\"https:\\\/\\\/itop.hu\\\/wp-content\\\/uploads\\\/2024\\\/02\\\/logoitop.png\",\"contentUrl\":\"https:\\\/\\\/itop.hu\\\/wp-content\\\/uploads\\\/2024\\\/02\\\/logoitop.png\",\"width\":144,\"height\":71,\"caption\":\"itop - A legjobb ITSM megold\u00e1s a piacon! - CMDB - \u00fczemeltet\u00e9s - kiberbiztons\u00e1g\"},\"image\":{\"@id\":\"https:\\\/\\\/itop.hu\\\/#\\\/schema\\\/logo\\\/image\\\/\"},\"sameAs\":[\"https:\\\/\\\/www.facebook.com\\\/profile.php?id=61560571456979\"]}]}<\/script>\n<!-- \/ Yoast SEO plugin. -->","yoast_head_json":{"title":"IT biztons\u00e1g - itop","description":"\u00c1tfog\u00f3 IT biztons\u00e1gi megold\u00e1sok az ITOP-t\u00f3l. V\u00e9dje meg v\u00e1llalkoz\u00e1s\u00e1t a kiberfenyeget\u00e9sekt\u0151l! Kock\u00e1zatelemz\u00e9s, t\u0171zfalak, adatv\u00e9delem \u00e9s biztons\u00e1gi auditok. Biztos\u00edtsa digit\u00e1lis eszk\u00f6zeit \u00e9s adatait szak\u00e9rt\u0151inkkel!","robots":{"index":"index","follow":"follow","max-snippet":"max-snippet:-1","max-image-preview":"max-image-preview:large","max-video-preview":"max-video-preview:-1"},"canonical":"https:\/\/itop.hu\/eng\/it-biztonsag-2\/","og_locale":"en_GB","og_type":"article","og_title":"IT biztons\u00e1g - itop","og_description":"\u00c1tfog\u00f3 IT biztons\u00e1gi megold\u00e1sok az ITOP-t\u00f3l. V\u00e9dje meg v\u00e1llalkoz\u00e1s\u00e1t a kiberfenyeget\u00e9sekt\u0151l! Kock\u00e1zatelemz\u00e9s, t\u0171zfalak, adatv\u00e9delem \u00e9s biztons\u00e1gi auditok. Biztos\u00edtsa digit\u00e1lis eszk\u00f6zeit \u00e9s adatait szak\u00e9rt\u0151inkkel!","og_url":"https:\/\/itop.hu\/eng\/it-biztonsag-2\/","og_site_name":"itop","article_publisher":"https:\/\/www.facebook.com\/profile.php?id=61560571456979","article_modified_time":"2024-12-22T10:38:12+00:00","og_image":[{"width":144,"height":71,"url":"https:\/\/itop.hu\/wp-content\/uploads\/2024\/02\/logoitop.png","type":"image\/png"}],"twitter_card":"summary_large_image","twitter_misc":{"Estimated reading time":"2 minutes"},"schema":{"@context":"https:\/\/schema.org","@graph":[{"@type":"WebPage","@id":"https:\/\/itop.hu\/it-biztonsag-2\/","url":"https:\/\/itop.hu\/it-biztonsag-2\/","name":"IT biztons\u00e1g - itop","isPartOf":{"@id":"https:\/\/itop.hu\/#website"},"datePublished":"2024-12-17T08:09:14+00:00","dateModified":"2024-12-22T10:38:12+00:00","description":"\u00c1tfog\u00f3 IT biztons\u00e1gi megold\u00e1sok az ITOP-t\u00f3l. V\u00e9dje meg v\u00e1llalkoz\u00e1s\u00e1t a kiberfenyeget\u00e9sekt\u0151l! Kock\u00e1zatelemz\u00e9s, t\u0171zfalak, adatv\u00e9delem \u00e9s biztons\u00e1gi auditok. Biztos\u00edtsa digit\u00e1lis eszk\u00f6zeit \u00e9s adatait szak\u00e9rt\u0151inkkel!","breadcrumb":{"@id":"https:\/\/itop.hu\/it-biztonsag-2\/#breadcrumb"},"inLanguage":"en-GB","potentialAction":[{"@type":"ReadAction","target":["https:\/\/itop.hu\/it-biztonsag-2\/"]}]},{"@type":"BreadcrumbList","@id":"https:\/\/itop.hu\/it-biztonsag-2\/#breadcrumb","itemListElement":[{"@type":"ListItem","position":1,"name":"Kezd\u0151lap","item":"https:\/\/itop.hu\/"},{"@type":"ListItem","position":2,"name":"IT biztons\u00e1g"}]},{"@type":"WebSite","@id":"https:\/\/itop.hu\/#website","url":"https:\/\/itop.hu\/","name":"ITOP","description":"Ha nyugodtan akar haj\u00f3zni, b\u00edzza r\u00e1nk az \u00fczemeltet\u00e9st!","publisher":{"@id":"https:\/\/itop.hu\/#organization"},"potentialAction":[{"@type":"SearchAction","target":{"@type":"EntryPoint","urlTemplate":"https:\/\/itop.hu\/?s={search_term_string}"},"query-input":{"@type":"PropertyValueSpecification","valueRequired":true,"valueName":"search_term_string"}}],"inLanguage":"en-GB"},{"@type":"Organization","@id":"https:\/\/itop.hu\/#organization","name":"itop - A legjobb ITSM megold\u00e1s a piacon! - CMDB - \u00fczemeltet\u00e9s - kiberbiztons\u00e1g","url":"https:\/\/itop.hu\/","logo":{"@type":"ImageObject","inLanguage":"en-GB","@id":"https:\/\/itop.hu\/#\/schema\/logo\/image\/","url":"https:\/\/itop.hu\/wp-content\/uploads\/2024\/02\/logoitop.png","contentUrl":"https:\/\/itop.hu\/wp-content\/uploads\/2024\/02\/logoitop.png","width":144,"height":71,"caption":"itop - A legjobb ITSM megold\u00e1s a piacon! - CMDB - \u00fczemeltet\u00e9s - kiberbiztons\u00e1g"},"image":{"@id":"https:\/\/itop.hu\/#\/schema\/logo\/image\/"},"sameAs":["https:\/\/www.facebook.com\/profile.php?id=61560571456979"]}]}},"_links":{"self":[{"href":"https:\/\/itop.hu\/eng\/wp-json\/wp\/v2\/pages\/686","targetHints":{"allow":["GET"]}}],"collection":[{"href":"https:\/\/itop.hu\/eng\/wp-json\/wp\/v2\/pages"}],"about":[{"href":"https:\/\/itop.hu\/eng\/wp-json\/wp\/v2\/types\/page"}],"author":[{"embeddable":true,"href":"https:\/\/itop.hu\/eng\/wp-json\/wp\/v2\/users\/1"}],"replies":[{"embeddable":true,"href":"https:\/\/itop.hu\/eng\/wp-json\/wp\/v2\/comments?post=686"}],"version-history":[{"count":5,"href":"https:\/\/itop.hu\/eng\/wp-json\/wp\/v2\/pages\/686\/revisions"}],"predecessor-version":[{"id":1058,"href":"https:\/\/itop.hu\/eng\/wp-json\/wp\/v2\/pages\/686\/revisions\/1058"}],"wp:attachment":[{"href":"https:\/\/itop.hu\/eng\/wp-json\/wp\/v2\/media?parent=686"}],"curies":[{"name":"wp","href":"https:\/\/api.w.org\/{rel}","templated":true}]}}