{"id":694,"date":"2024-12-17T09:24:40","date_gmt":"2024-12-17T09:24:40","guid":{"rendered":"https:\/\/itop.hu\/?page_id=694"},"modified":"2024-12-22T10:47:40","modified_gmt":"2024-12-22T10:47:40","slug":"security-operations-center","status":"publish","type":"page","link":"https:\/\/itop.hu\/eng\/security-operations-center\/","title":{"rendered":"Security Operations Center"},"content":{"rendered":"\n[et_pb_section fb_built=&#8221;1&#8243; admin_label=&#8221;Header&#8221; _builder_version=&#8221;4.22.1&#8243; _module_preset=&#8221;default&#8221; background_color=&#8221;#000000&#8243; da_disable_devices=&#8221;off|off|off&#8221; collapsed=&#8221;on&#8221; global_colors_info=&#8221;{}&#8221; da_is_popup=&#8221;off&#8221; da_exit_intent=&#8221;off&#8221; da_has_close=&#8221;on&#8221; da_alt_close=&#8221;off&#8221; da_dark_close=&#8221;off&#8221; da_not_modal=&#8221;on&#8221; da_is_singular=&#8221;off&#8221; da_with_loader=&#8221;off&#8221; da_has_shadow=&#8221;on&#8221;][et_pb_row column_structure=&#8221;2_3,1_3&#8243; make_equal=&#8221;on&#8221; _builder_version=&#8221;4.22.1&#8243; _module_preset=&#8221;default&#8221; global_colors_info=&#8221;{}&#8221;][et_pb_column type=&#8221;2_3&#8243; _builder_version=&#8221;4.22.1&#8243; _module_preset=&#8221;default&#8221; global_colors_info=&#8221;{}&#8221;][et_pb_text _builder_version=&#8221;4.27.4&#8243; _module_preset=&#8221;7ce81e6d-0090-4fda-a84b-b2c520ffc557&#8243; header_4_text_color=&#8221;gcid-afa30cf2-6f5d-4b9c-aa39-7dbe1ac3b7a3&#8243; global_colors_info=&#8221;{%22gcid-afa30cf2-6f5d-4b9c-aa39-7dbe1ac3b7a3%22:%91%22header_4_text_color%22%93}&#8221;]<h4><span style=\"color: #ff6600;\"><strong>ITOP.HU<\/strong><\/span><\/h4>[\/et_pb_text][et_pb_text _builder_version=&#8221;4.27.4&#8243; _module_preset=&#8221;0d0fb096-7272-4d35-a8f8-22cd97d4c19b&#8221; header_text_color=&#8221;#FFFFFF&#8221; global_colors_info=&#8221;{}&#8221;]<h1>SECURITY OPERATIONS CENTER<\/h1>[\/et_pb_text][\/et_pb_column][et_pb_column type=&#8221;1_3&#8243; _builder_version=&#8221;4.22.1&#8243; _module_preset=&#8221;default&#8221; global_colors_info=&#8221;{}&#8221;][\/et_pb_column][\/et_pb_row][\/et_pb_section][et_pb_section fb_built=&#8221;1&#8243; admin_label=&#8221;Service&#8221; _builder_version=&#8221;4.22.1&#8243; _module_preset=&#8221;default&#8221; background_color=&#8221;#000000&#8243; da_disable_devices=&#8221;off|off|off&#8221; collapsed=&#8221;on&#8221; global_colors_info=&#8221;{}&#8221; da_is_popup=&#8221;off&#8221; da_exit_intent=&#8221;off&#8221; da_has_close=&#8221;on&#8221; da_alt_close=&#8221;off&#8221; da_dark_close=&#8221;off&#8221; da_not_modal=&#8221;on&#8221; da_is_singular=&#8221;off&#8221; da_with_loader=&#8221;off&#8221; da_has_shadow=&#8221;on&#8221;][et_pb_row column_structure=&#8221;2_5,3_5&#8243; _builder_version=&#8221;4.24.2&#8243; _module_preset=&#8221;default&#8221; global_colors_info=&#8221;{}&#8221;][et_pb_column type=&#8221;2_5&#8243; _builder_version=&#8221;4.22.1&#8243; _module_preset=&#8221;default&#8221; global_colors_info=&#8221;{}&#8221;][et_pb_image src=&#8221;https:\/\/itop.hu\/wp-content\/uploads\/2024\/09\/SOC.webp&#8221; title_text=&#8221;SOC&#8221; _builder_version=&#8221;4.27.4&#8243; _module_preset=&#8221;default&#8221; max_height_tablet=&#8221;400px&#8221; max_height_phone=&#8221;400px&#8221; max_height_last_edited=&#8221;on|tablet&#8221; animation_style=&#8221;fade&#8221; scroll_vertical_motion_enable=&#8221;on&#8221; scroll_vertical_motion=&#8221;0|50|50|100|1|0|-1&#8243; border_radii=&#8221;on|3vw|3vw|3vw|3vw&#8221; border_width_all=&#8221;16px&#8221; border_color_all=&#8221;rgba(255,255,255,0.2)&#8221; border_style_all=&#8221;double&#8221; locked=&#8221;off&#8221; global_colors_info=&#8221;{}&#8221;][\/et_pb_image][\/et_pb_column][et_pb_column type=&#8221;3_5&#8243; _builder_version=&#8221;4.24.2&#8243; _module_preset=&#8221;default&#8221; custom_padding=&#8221;100px||||false|false&#8221; custom_padding_tablet=&#8221;0px||||false|false&#8221; custom_padding_phone=&#8221;0px||||false|false&#8221; custom_padding_last_edited=&#8221;on|tablet&#8221; global_colors_info=&#8221;{}&#8221;][et_pb_text _builder_version=&#8221;4.27.4&#8243; _module_preset=&#8221;5c52fb9b-d207-4308-b7ce-ed54fb87eae5&#8243; text_text_color=&#8221;#FFFFFF&#8221; global_colors_info=&#8221;{}&#8221;]<p style=\"text-align: justify;\">Komoly lemarad\u00e1sa van a Cybersecurity ter\u00e9n?<\/p>\n<p style=\"text-align: justify;\">Nem rendelkezik az al\u00e1bbi rendszerekkel de biztons\u00e1gban szeretne lenni \u00e9s meg szeretne felelni a jogszab\u00e1lyoknak?<\/p>\n<p style=\"text-align: center;\"><em>SIEM, NDR, EDR, XDR, CDR, TIP, SOAR, &#8230;<\/em><\/p>[\/et_pb_text][et_pb_text _builder_version=&#8221;4.27.4&#8243; _module_preset=&#8221;default&#8221; global_colors_info=&#8221;{}&#8221;]<p><span style=\"color: #ffffff;\"><strong>Korszer\u0171 v\u00e9delem a modern fenyeget\u00e9sek ellen<\/strong><\/span><\/p>\n<ul>\n<li style=\"text-align: justify;\"><span style=\"color: #ffffff;\">A technol\u00f3giai fejl\u0151d\u00e9s felgyorsult, \u00e9s a kiberfenyeget\u00e9sek is egyre kifinomultabbak.<\/span><br \/><span style=\"color: #ffffff;\">\u2022 Az iTop SOC integr\u00e1lt megold\u00e1sa egyszer\u0171en \u00e9s k\u00f6lts\u00e9ghat\u00e9konyan z\u00e1rja be a biztons\u00e1gi r\u00e9seket.<\/span><br \/><span style=\"color: #ffffff;\">\u2022 Mesters\u00e9ges intelligencia alap\u00fa v\u00e9delem a leg\u00fajabb t\u00e1mad\u00e1sok ellen.<\/span><\/li>\n<\/ul>\n<p><span style=\"color: #ffffff;\">\u00a0<\/span><\/p>\n<p><span style=\"color: #ffffff;\"><strong>Teljes k\u00f6r\u0171 v\u00e9delem egyetlen csomagban<\/strong><\/span><\/p>\n<ul>\n<li><span style=\"color: #ffffff;\">Az iTop SOC egyes\u00edti a legmodernebb biztons\u00e1gi technol\u00f3gi\u00e1kat.<\/span><br \/><span style=\"color: #ffffff;\">\u2022 Val\u00f3s idej\u0171 fenyeget\u00e9s-\u00e9szlel\u00e9s \u00e9s -elh\u00e1r\u00edt\u00e1s a nap 24 \u00f3r\u00e1j\u00e1ban.<\/span><br \/><span style=\"color: #ffffff;\">\u2022 Szak\u00e9rt\u0151i fel\u00fcgyelet a maxim\u00e1lis biztons\u00e1g \u00e9rdek\u00e9ben.<\/span><\/li>\n<\/ul>[\/et_pb_text][\/et_pb_column][\/et_pb_row][et_pb_row _builder_version=&#8221;4.27.4&#8243; _module_preset=&#8221;default&#8221; global_colors_info=&#8221;{}&#8221;][et_pb_column type=&#8221;4_4&#8243; _builder_version=&#8221;4.27.4&#8243; _module_preset=&#8221;default&#8221; global_colors_info=&#8221;{}&#8221;][\/et_pb_column][\/et_pb_row][et_pb_row column_structure=&#8221;1_4,3_4&#8243; _builder_version=&#8221;4.27.4&#8243; _module_preset=&#8221;default&#8221; global_colors_info=&#8221;{}&#8221;][et_pb_column type=&#8221;1_4&#8243; _builder_version=&#8221;4.27.4&#8243; _module_preset=&#8221;default&#8221; global_colors_info=&#8221;{}&#8221;][et_pb_text _builder_version=&#8221;4.27.4&#8243; _module_preset=&#8221;default&#8221; global_colors_info=&#8221;{}&#8221;]<p style=\"text-align: center;\"><span style=\"color: #ffffff;\"><\/span><\/p>\n<p style=\"text-align: center;\"><span style=\"color: #ffffff;\"><\/span><\/p>\n<p style=\"text-align: center;\"><span style=\"color: #ffffff;\"><\/span><\/p>\n<p style=\"text-align: center;\"><span style=\"color: #ffffff;\"><\/span><\/p>\n<p style=\"text-align: center;\"><span style=\"color: #ffffff;\"><\/span><\/p>\n<p style=\"text-align: center;\"><span style=\"color: #ffffff;\"><\/span><\/p>\n<p style=\"text-align: center;\"><span style=\"color: #ffffff;\"><\/span><\/p>\n<p style=\"text-align: center;\"><span style=\"color: #ffffff;\"><\/span><\/p>\n<p style=\"text-align: center;\"><span style=\"color: #ffffff;\"><\/span><\/p>\n<p style=\"text-align: center;\"><span style=\"color: #ffffff;\">Sz\u00e1m<\/span><span style=\"color: #ffffff;\">os kutat\u00e1s igazolja, hogy \u00f3ri\u00e1si a technol\u00f3giai lemarad\u00e1s a c\u00e9gekn\u00e9l.<\/span><\/p>[\/et_pb_text][\/et_pb_column][et_pb_column type=&#8221;3_4&#8243; _builder_version=&#8221;4.27.4&#8243; _module_preset=&#8221;default&#8221; global_colors_info=&#8221;{}&#8221;][et_pb_image src=&#8221;https:\/\/itop.hu\/wp-content\/uploads\/2024\/12\/P0.webp&#8221; title_text=&#8221;P0&#8243; align=&#8221;center&#8221; _builder_version=&#8221;4.27.4&#8243; _module_preset=&#8221;default&#8221; animation_style=&#8221;flip&#8221; animation_duration=&#8221;1750ms&#8221; global_colors_info=&#8221;{}&#8221;][\/et_pb_image][\/et_pb_column][\/et_pb_row][et_pb_row column_structure=&#8221;1_4,3_4&#8243; _builder_version=&#8221;4.27.4&#8243; _module_preset=&#8221;default&#8221; global_colors_info=&#8221;{}&#8221;][et_pb_column type=&#8221;1_4&#8243; _builder_version=&#8221;4.27.4&#8243; _module_preset=&#8221;default&#8221; global_colors_info=&#8221;{}&#8221;][et_pb_text _builder_version=&#8221;4.27.4&#8243; _module_preset=&#8221;default&#8221; global_colors_info=&#8221;{}&#8221;]<p style=\"text-align: center;\"><span style=\"color: #99cc00;\"><\/span><\/p>\n<p style=\"text-align: center;\"><span style=\"color: #99cc00;\"><\/span><\/p>\n<p style=\"text-align: center;\"><span style=\"color: #99cc00;\"><\/span><\/p>\n<p style=\"text-align: center;\"><span style=\"color: #99cc00;\"><\/span><\/p>\n<p style=\"text-align: center;\"><span style=\"color: #99cc00;\"><\/span><\/p>\n<p style=\"text-align: center;\"><span style=\"color: #99cc00;\"><\/span><\/p>\n<p style=\"text-align: center;\"><span style=\"color: #99cc00;\"><\/span><\/p>\n<p style=\"text-align: center;\"><span style=\"color: #99cc00;\"><\/span><\/p>\n<p style=\"text-align: center;\"><span style=\"color: #99cc00;\"><\/span><\/p>\n<p style=\"text-align: center;\"><span style=\"color: #99cc00;\"><\/span><\/p>\n<p style=\"text-align: center;\"><span style=\"color: #99cc00;\"><\/span><\/p>\n<p style=\"text-align: center;\"><span style=\"color: #99cc00;\"><\/span><\/p>\n<p style=\"text-align: center;\"><span style=\"color: #99cc00;\"><\/span><\/p>\n<p style=\"text-align: center;\"><span style=\"color: #ffffff;\">Az iTop SOC megold\u00e1st ad a probl\u00e9m\u00e1j\u00e1ra, \u00e9s behozza a technol\u00f3giai lemarad\u00e1sokat<\/span><\/p>[\/et_pb_text][\/et_pb_column][et_pb_column type=&#8221;3_4&#8243; _builder_version=&#8221;4.27.4&#8243; _module_preset=&#8221;default&#8221; global_colors_info=&#8221;{}&#8221;][et_pb_text _builder_version=&#8221;4.27.4&#8243; _module_preset=&#8221;default&#8221; animation_style=&#8221;flip&#8221; animation_duration=&#8221;1750ms&#8221; global_colors_info=&#8221;{}&#8221;]<p style=\"text-align: center;\"><span style=\"color: #ffffff;\"><strong>iTop SOC = Stellar Cyber AI OPENSOC XDR + Deep Instinct AI Endpoint Security + 7&#215;24 T\u00e1vfel\u00fcgyelet<\/strong><\/span><\/p>\n<p style=\"text-align: center;\"><strong><img loading=\"lazy\" decoding=\"async\" src=\"https:\/\/itop.hu\/wp-content\/uploads\/2024\/12\/p1.webp\" width=\"673\" height=\"280\" alt=\"\" class=\"wp-image-707 aligncenter size-full\" srcset=\"https:\/\/itop.hu\/wp-content\/uploads\/2024\/12\/p1.webp 673w, https:\/\/itop.hu\/wp-content\/uploads\/2024\/12\/p1-480x200.webp 480w\" sizes=\"(min-width: 0px) and (max-width: 480px) 480px, (min-width: 481px) 673px, 100vw\" \/><\/strong><\/p>[\/et_pb_text][\/et_pb_column][\/et_pb_row][et_pb_row _builder_version=&#8221;4.27.4&#8243; _module_preset=&#8221;default&#8221; global_colors_info=&#8221;{}&#8221;][et_pb_column type=&#8221;4_4&#8243; _builder_version=&#8221;4.27.4&#8243; _module_preset=&#8221;default&#8221; global_colors_info=&#8221;{}&#8221;][et_pb_text _builder_version=&#8221;4.27.4&#8243; _module_preset=&#8221;default&#8221; global_colors_info=&#8221;{}&#8221;]<h3 style=\"text-align: center;\"><span style=\"color: #ffffff;\">Onprem, vagy egyetlen havid\u00edjas szolg\u00e1ltat\u00e1sban.<\/span><\/h3>[\/et_pb_text][\/et_pb_column][\/et_pb_row][et_pb_row _builder_version=&#8221;4.27.4&#8243; _module_preset=&#8221;default&#8221; global_colors_info=&#8221;{}&#8221;][et_pb_column type=&#8221;4_4&#8243; _builder_version=&#8221;4.27.4&#8243; _module_preset=&#8221;default&#8221; global_colors_info=&#8221;{}&#8221;][et_pb_button button_url=&#8221;https:\/\/itop.hu\/socaas\/&#8221; button_text=&#8221;T\u00d6BB INFORM\u00c1CI\u00d3T SZERETN\u00c9K&#8221; button_alignment=&#8221;center&#8221; _builder_version=&#8221;4.27.4&#8243; _module_preset=&#8221;default&#8221; custom_button=&#8221;on&#8221; button_text_color=&#8221;#FFFFFF&#8221; button_bg_color=&#8221;#8300E9&#8243; button_border_width=&#8221;0px&#8221; button_border_radius=&#8221;21px&#8221; button_icon=&#8221;&#x3d;||divi||400&#8243; hover_enabled=&#8221;0&#8243; global_colors_info=&#8221;{}&#8221; sticky_enabled=&#8221;0&#8243;][\/et_pb_button][\/et_pb_column][\/et_pb_row][\/et_pb_section][et_pb_section fb_built=&#8221;1&#8243; admin_label=&#8221;Footer&#8221; _builder_version=&#8221;4.24.2&#8243; _module_preset=&#8221;default&#8221; background_color=&#8221;#000000&#8243; use_background_color_gradient=&#8221;on&#8221; background_color_gradient_stops=&#8221;#000000 10%|rgba(0,0,0,0.5) 50%|#000000 90%&#8221; background_color_gradient_overlays_image=&#8221;on&#8221; background_image=&#8221;https:\/\/itop.hu\/wp-content\/uploads\/2024\/12\/augmented-reality-2.jpg&#8221; background_enable_image=&#8221;off&#8221; custom_padding=&#8221;6vw||6vw||true|false&#8221; da_disable_devices=&#8221;off|off|off&#8221; saved_tabs=&#8221;all&#8221; collapsed=&#8221;on&#8221; global_colors_info=&#8221;{}&#8221; da_is_popup=&#8221;off&#8221; da_exit_intent=&#8221;off&#8221; da_has_close=&#8221;on&#8221; da_alt_close=&#8221;off&#8221; da_dark_close=&#8221;off&#8221; da_not_modal=&#8221;on&#8221; da_is_singular=&#8221;off&#8221; da_with_loader=&#8221;off&#8221; da_has_shadow=&#8221;on&#8221;][et_pb_row _builder_version=&#8221;4.24.2&#8243; _module_preset=&#8221;default&#8221; global_colors_info=&#8221;{}&#8221;][et_pb_column type=&#8221;4_4&#8243; _builder_version=&#8221;4.22.1&#8243; _module_preset=&#8221;default&#8221; global_colors_info=&#8221;{}&#8221;][et_pb_image src=&#8221;https:\/\/itop.hu\/wp-content\/uploads\/2024\/12\/logobluebackground-300&#215;143.webp&#8221; title_text=&#8221;logobluebackground&#8221; _builder_version=&#8221;4.27.4&#8243; _module_preset=&#8221;default&#8221; max_height=&#8221;56px&#8221; global_colors_info=&#8221;{}&#8221;][\/et_pb_image][et_pb_text _builder_version=&#8221;4.27.4&#8243; _dynamic_attributes=&#8221;content&#8221; _module_preset=&#8221;7ce81e6d-0090-4fda-a84b-b2c520ffc557&#8243; header_4_text_color=&#8221;#FFFFFF&#8221; locked=&#8221;off&#8221; global_colors_info=&#8221;{}&#8221;]@ET-DC@eyJkeW5hbWljIjp0cnVlLCJjb250ZW50IjoiY3VycmVudF9kYXRlIiwic2V0dGluZ3MiOnsiYmVmb3JlIjoiPGg0PkNvcHlyaWdodCAmY29weTsgIiwiYWZ0ZXIiOiIgSVRPUC5IVSBBbGwgUmlnaHRzIFJlc2VydmVkLjwvaDQ+IiwiZGF0ZV9mb3JtYXQiOiJjdXN0b20iLCJjdXN0b21fZGF0ZV9mb3JtYXQiOiJZIn19@[\/et_pb_text][\/et_pb_column][\/et_pb_row][\/et_pb_section]\n","protected":false},"excerpt":{"rendered":"<p>ITOP.HUSECURITY OPERATIONS CENTERKomoly lemarad\u00e1sa van a Cybersecurity ter\u00e9n? Nem rendelkezik az al\u00e1bbi rendszerekkel de biztons\u00e1gban szeretne lenni \u00e9s meg szeretne felelni a jogszab\u00e1lyoknak? SIEM, NDR, EDR, XDR, CDR, TIP, SOAR, &#8230;Korszer\u0171 v\u00e9delem a modern fenyeget\u00e9sek ellen A technol\u00f3giai fejl\u0151d\u00e9s felgyorsult, \u00e9s a kiberfenyeget\u00e9sek is egyre kifinomultabbak.\u2022 Az iTop SOC integr\u00e1lt megold\u00e1sa egyszer\u0171en \u00e9s k\u00f6lts\u00e9ghat\u00e9konyan z\u00e1rja [&hellip;]<\/p>\n","protected":false},"author":1,"featured_media":0,"parent":0,"menu_order":0,"comment_status":"closed","ping_status":"closed","template":"","meta":{"_et_pb_use_builder":"on","_et_pb_old_content":"","_et_gb_content_width":"","footnotes":""},"class_list":["post-694","page","type-page","status-publish","hentry"],"yoast_head":"<!-- This site is optimized with the Yoast SEO plugin v27.5 - https:\/\/yoast.com\/product\/yoast-seo-wordpress\/ -->\n<title>Security Operations Center - itop<\/title>\n<meta name=\"description\" content=\"Fedezze fel az ITOP Security Operations Center szolg\u00e1ltat\u00e1s\u00e1t! 24\/7 kiberbiztons\u00e1g-fel\u00fcgyelet, val\u00f3s idej\u0171 fenyeget\u00e9sdetekt\u00e1l\u00e1s \u00e9s -elh\u00e1r\u00edt\u00e1s. V\u00e9dje meg v\u00e1llalkoz\u00e1s\u00e1t a kibert\u00e1mad\u00e1sokt\u00f3l szak\u00e9rt\u0151ink seg\u00edts\u00e9g\u00e9vel!\" \/>\n<meta name=\"robots\" content=\"index, follow, max-snippet:-1, max-image-preview:large, max-video-preview:-1\" \/>\n<link rel=\"canonical\" href=\"https:\/\/itop.hu\/eng\/security-operations-center\/\" \/>\n<meta property=\"og:locale\" content=\"en_GB\" \/>\n<meta property=\"og:type\" content=\"article\" \/>\n<meta property=\"og:title\" content=\"Security Operations Center - itop\" \/>\n<meta property=\"og:description\" content=\"Fedezze fel az ITOP Security Operations Center szolg\u00e1ltat\u00e1s\u00e1t! 24\/7 kiberbiztons\u00e1g-fel\u00fcgyelet, val\u00f3s idej\u0171 fenyeget\u00e9sdetekt\u00e1l\u00e1s \u00e9s -elh\u00e1r\u00edt\u00e1s. V\u00e9dje meg v\u00e1llalkoz\u00e1s\u00e1t a kibert\u00e1mad\u00e1sokt\u00f3l szak\u00e9rt\u0151ink seg\u00edts\u00e9g\u00e9vel!\" \/>\n<meta property=\"og:url\" content=\"https:\/\/itop.hu\/eng\/security-operations-center\/\" \/>\n<meta property=\"og:site_name\" content=\"itop\" \/>\n<meta property=\"article:publisher\" content=\"https:\/\/www.facebook.com\/profile.php?id=61560571456979\" \/>\n<meta property=\"article:modified_time\" content=\"2024-12-22T10:47:40+00:00\" \/>\n<meta property=\"og:image\" content=\"https:\/\/itop.hu\/wp-content\/uploads\/2024\/12\/p1.webp\" \/>\n\t<meta property=\"og:image:width\" content=\"673\" \/>\n\t<meta property=\"og:image:height\" content=\"280\" \/>\n\t<meta property=\"og:image:type\" content=\"image\/webp\" \/>\n<meta name=\"twitter:card\" content=\"summary_large_image\" \/>\n<meta name=\"twitter:label1\" content=\"Estimated reading time\" \/>\n\t<meta name=\"twitter:data1\" content=\"2 minutes\" \/>\n<script type=\"application\/ld+json\" class=\"yoast-schema-graph\">{\"@context\":\"https:\\\/\\\/schema.org\",\"@graph\":[{\"@type\":\"WebPage\",\"@id\":\"https:\\\/\\\/itop.hu\\\/security-operations-center\\\/\",\"url\":\"https:\\\/\\\/itop.hu\\\/security-operations-center\\\/\",\"name\":\"Security Operations Center - itop\",\"isPartOf\":{\"@id\":\"https:\\\/\\\/itop.hu\\\/#website\"},\"primaryImageOfPage\":{\"@id\":\"https:\\\/\\\/itop.hu\\\/security-operations-center\\\/#primaryimage\"},\"image\":{\"@id\":\"https:\\\/\\\/itop.hu\\\/security-operations-center\\\/#primaryimage\"},\"thumbnailUrl\":\"https:\\\/\\\/itop.hu\\\/wp-content\\\/uploads\\\/2024\\\/12\\\/p1.webp\",\"datePublished\":\"2024-12-17T09:24:40+00:00\",\"dateModified\":\"2024-12-22T10:47:40+00:00\",\"description\":\"Fedezze fel az ITOP Security Operations Center szolg\u00e1ltat\u00e1s\u00e1t! 24\\\/7 kiberbiztons\u00e1g-fel\u00fcgyelet, val\u00f3s idej\u0171 fenyeget\u00e9sdetekt\u00e1l\u00e1s \u00e9s -elh\u00e1r\u00edt\u00e1s. V\u00e9dje meg v\u00e1llalkoz\u00e1s\u00e1t a kibert\u00e1mad\u00e1sokt\u00f3l szak\u00e9rt\u0151ink seg\u00edts\u00e9g\u00e9vel!\",\"breadcrumb\":{\"@id\":\"https:\\\/\\\/itop.hu\\\/security-operations-center\\\/#breadcrumb\"},\"inLanguage\":\"en-GB\",\"potentialAction\":[{\"@type\":\"ReadAction\",\"target\":[\"https:\\\/\\\/itop.hu\\\/security-operations-center\\\/\"]}]},{\"@type\":\"ImageObject\",\"inLanguage\":\"en-GB\",\"@id\":\"https:\\\/\\\/itop.hu\\\/security-operations-center\\\/#primaryimage\",\"url\":\"https:\\\/\\\/itop.hu\\\/wp-content\\\/uploads\\\/2024\\\/12\\\/p1.webp\",\"contentUrl\":\"https:\\\/\\\/itop.hu\\\/wp-content\\\/uploads\\\/2024\\\/12\\\/p1.webp\"},{\"@type\":\"BreadcrumbList\",\"@id\":\"https:\\\/\\\/itop.hu\\\/security-operations-center\\\/#breadcrumb\",\"itemListElement\":[{\"@type\":\"ListItem\",\"position\":1,\"name\":\"Kezd\u0151lap\",\"item\":\"https:\\\/\\\/itop.hu\\\/\"},{\"@type\":\"ListItem\",\"position\":2,\"name\":\"Security Operations Center\"}]},{\"@type\":\"WebSite\",\"@id\":\"https:\\\/\\\/itop.hu\\\/#website\",\"url\":\"https:\\\/\\\/itop.hu\\\/\",\"name\":\"itop\",\"description\":\"Ha nyugodtan akar haj\u00f3zni, b\u00edzza r\u00e1nk az \u00fczemeltet\u00e9st!\",\"publisher\":{\"@id\":\"https:\\\/\\\/itop.hu\\\/#organization\"},\"potentialAction\":[{\"@type\":\"SearchAction\",\"target\":{\"@type\":\"EntryPoint\",\"urlTemplate\":\"https:\\\/\\\/itop.hu\\\/?s={search_term_string}\"},\"query-input\":{\"@type\":\"PropertyValueSpecification\",\"valueRequired\":true,\"valueName\":\"search_term_string\"}}],\"inLanguage\":\"en-GB\"},{\"@type\":\"Organization\",\"@id\":\"https:\\\/\\\/itop.hu\\\/#organization\",\"name\":\"itop - A legjobb ITSM megold\u00e1s a piacon! - CMDB - \u00fczemeltet\u00e9s - kiberbiztons\u00e1g\",\"url\":\"https:\\\/\\\/itop.hu\\\/\",\"logo\":{\"@type\":\"ImageObject\",\"inLanguage\":\"en-GB\",\"@id\":\"https:\\\/\\\/itop.hu\\\/#\\\/schema\\\/logo\\\/image\\\/\",\"url\":\"https:\\\/\\\/itop.hu\\\/wp-content\\\/uploads\\\/2024\\\/02\\\/logoitop.png\",\"contentUrl\":\"https:\\\/\\\/itop.hu\\\/wp-content\\\/uploads\\\/2024\\\/02\\\/logoitop.png\",\"width\":144,\"height\":71,\"caption\":\"itop - A legjobb ITSM megold\u00e1s a piacon! - CMDB - \u00fczemeltet\u00e9s - kiberbiztons\u00e1g\"},\"image\":{\"@id\":\"https:\\\/\\\/itop.hu\\\/#\\\/schema\\\/logo\\\/image\\\/\"},\"sameAs\":[\"https:\\\/\\\/www.facebook.com\\\/profile.php?id=61560571456979\"]}]}<\/script>\n<!-- \/ Yoast SEO plugin. -->","yoast_head_json":{"title":"Security Operations Center - itop","description":"Fedezze fel az ITOP Security Operations Center szolg\u00e1ltat\u00e1s\u00e1t! 24\/7 kiberbiztons\u00e1g-fel\u00fcgyelet, val\u00f3s idej\u0171 fenyeget\u00e9sdetekt\u00e1l\u00e1s \u00e9s -elh\u00e1r\u00edt\u00e1s. V\u00e9dje meg v\u00e1llalkoz\u00e1s\u00e1t a kibert\u00e1mad\u00e1sokt\u00f3l szak\u00e9rt\u0151ink seg\u00edts\u00e9g\u00e9vel!","robots":{"index":"index","follow":"follow","max-snippet":"max-snippet:-1","max-image-preview":"max-image-preview:large","max-video-preview":"max-video-preview:-1"},"canonical":"https:\/\/itop.hu\/eng\/security-operations-center\/","og_locale":"en_GB","og_type":"article","og_title":"Security Operations Center - itop","og_description":"Fedezze fel az ITOP Security Operations Center szolg\u00e1ltat\u00e1s\u00e1t! 24\/7 kiberbiztons\u00e1g-fel\u00fcgyelet, val\u00f3s idej\u0171 fenyeget\u00e9sdetekt\u00e1l\u00e1s \u00e9s -elh\u00e1r\u00edt\u00e1s. V\u00e9dje meg v\u00e1llalkoz\u00e1s\u00e1t a kibert\u00e1mad\u00e1sokt\u00f3l szak\u00e9rt\u0151ink seg\u00edts\u00e9g\u00e9vel!","og_url":"https:\/\/itop.hu\/eng\/security-operations-center\/","og_site_name":"itop","article_publisher":"https:\/\/www.facebook.com\/profile.php?id=61560571456979","article_modified_time":"2024-12-22T10:47:40+00:00","og_image":[{"width":673,"height":280,"url":"https:\/\/itop.hu\/wp-content\/uploads\/2024\/12\/p1.webp","type":"image\/webp"}],"twitter_card":"summary_large_image","twitter_misc":{"Estimated reading time":"2 minutes"},"schema":{"@context":"https:\/\/schema.org","@graph":[{"@type":"WebPage","@id":"https:\/\/itop.hu\/security-operations-center\/","url":"https:\/\/itop.hu\/security-operations-center\/","name":"Security Operations Center - itop","isPartOf":{"@id":"https:\/\/itop.hu\/#website"},"primaryImageOfPage":{"@id":"https:\/\/itop.hu\/security-operations-center\/#primaryimage"},"image":{"@id":"https:\/\/itop.hu\/security-operations-center\/#primaryimage"},"thumbnailUrl":"https:\/\/itop.hu\/wp-content\/uploads\/2024\/12\/p1.webp","datePublished":"2024-12-17T09:24:40+00:00","dateModified":"2024-12-22T10:47:40+00:00","description":"Fedezze fel az ITOP Security Operations Center szolg\u00e1ltat\u00e1s\u00e1t! 24\/7 kiberbiztons\u00e1g-fel\u00fcgyelet, val\u00f3s idej\u0171 fenyeget\u00e9sdetekt\u00e1l\u00e1s \u00e9s -elh\u00e1r\u00edt\u00e1s. V\u00e9dje meg v\u00e1llalkoz\u00e1s\u00e1t a kibert\u00e1mad\u00e1sokt\u00f3l szak\u00e9rt\u0151ink seg\u00edts\u00e9g\u00e9vel!","breadcrumb":{"@id":"https:\/\/itop.hu\/security-operations-center\/#breadcrumb"},"inLanguage":"en-GB","potentialAction":[{"@type":"ReadAction","target":["https:\/\/itop.hu\/security-operations-center\/"]}]},{"@type":"ImageObject","inLanguage":"en-GB","@id":"https:\/\/itop.hu\/security-operations-center\/#primaryimage","url":"https:\/\/itop.hu\/wp-content\/uploads\/2024\/12\/p1.webp","contentUrl":"https:\/\/itop.hu\/wp-content\/uploads\/2024\/12\/p1.webp"},{"@type":"BreadcrumbList","@id":"https:\/\/itop.hu\/security-operations-center\/#breadcrumb","itemListElement":[{"@type":"ListItem","position":1,"name":"Kezd\u0151lap","item":"https:\/\/itop.hu\/"},{"@type":"ListItem","position":2,"name":"Security Operations Center"}]},{"@type":"WebSite","@id":"https:\/\/itop.hu\/#website","url":"https:\/\/itop.hu\/","name":"ITOP","description":"Ha nyugodtan akar haj\u00f3zni, b\u00edzza r\u00e1nk az \u00fczemeltet\u00e9st!","publisher":{"@id":"https:\/\/itop.hu\/#organization"},"potentialAction":[{"@type":"SearchAction","target":{"@type":"EntryPoint","urlTemplate":"https:\/\/itop.hu\/?s={search_term_string}"},"query-input":{"@type":"PropertyValueSpecification","valueRequired":true,"valueName":"search_term_string"}}],"inLanguage":"en-GB"},{"@type":"Organization","@id":"https:\/\/itop.hu\/#organization","name":"itop - A legjobb ITSM megold\u00e1s a piacon! - CMDB - \u00fczemeltet\u00e9s - kiberbiztons\u00e1g","url":"https:\/\/itop.hu\/","logo":{"@type":"ImageObject","inLanguage":"en-GB","@id":"https:\/\/itop.hu\/#\/schema\/logo\/image\/","url":"https:\/\/itop.hu\/wp-content\/uploads\/2024\/02\/logoitop.png","contentUrl":"https:\/\/itop.hu\/wp-content\/uploads\/2024\/02\/logoitop.png","width":144,"height":71,"caption":"itop - A legjobb ITSM megold\u00e1s a piacon! - CMDB - \u00fczemeltet\u00e9s - kiberbiztons\u00e1g"},"image":{"@id":"https:\/\/itop.hu\/#\/schema\/logo\/image\/"},"sameAs":["https:\/\/www.facebook.com\/profile.php?id=61560571456979"]}]}},"_links":{"self":[{"href":"https:\/\/itop.hu\/eng\/wp-json\/wp\/v2\/pages\/694","targetHints":{"allow":["GET"]}}],"collection":[{"href":"https:\/\/itop.hu\/eng\/wp-json\/wp\/v2\/pages"}],"about":[{"href":"https:\/\/itop.hu\/eng\/wp-json\/wp\/v2\/types\/page"}],"author":[{"embeddable":true,"href":"https:\/\/itop.hu\/eng\/wp-json\/wp\/v2\/users\/1"}],"replies":[{"embeddable":true,"href":"https:\/\/itop.hu\/eng\/wp-json\/wp\/v2\/comments?post=694"}],"version-history":[{"count":5,"href":"https:\/\/itop.hu\/eng\/wp-json\/wp\/v2\/pages\/694\/revisions"}],"predecessor-version":[{"id":1065,"href":"https:\/\/itop.hu\/eng\/wp-json\/wp\/v2\/pages\/694\/revisions\/1065"}],"wp:attachment":[{"href":"https:\/\/itop.hu\/eng\/wp-json\/wp\/v2\/media?parent=694"}],"curies":[{"name":"wp","href":"https:\/\/api.w.org\/{rel}","templated":true}]}}