{"id":783,"date":"2024-12-18T12:15:52","date_gmt":"2024-12-18T12:15:52","guid":{"rendered":"https:\/\/itop.hu\/?page_id=783"},"modified":"2024-12-22T10:40:40","modified_gmt":"2024-12-22T10:40:40","slug":"itsm-2","status":"publish","type":"page","link":"https:\/\/itop.hu\/eng\/itsm-2\/","title":{"rendered":"ITSM"},"content":{"rendered":"\n[et_pb_section fb_built=&#8221;1&#8243; admin_label=&#8221;About&#8221; _builder_version=&#8221;4.22.1&#8243; _module_preset=&#8221;default&#8221; background_color=&#8221;#000000&#8243; da_disable_devices=&#8221;off|off|off&#8221; collapsed=&#8221;on&#8221; global_colors_info=&#8221;{}&#8221; da_is_popup=&#8221;off&#8221; da_exit_intent=&#8221;off&#8221; da_has_close=&#8221;on&#8221; da_alt_close=&#8221;off&#8221; da_dark_close=&#8221;off&#8221; da_not_modal=&#8221;on&#8221; da_is_singular=&#8221;off&#8221; da_with_loader=&#8221;off&#8221; da_has_shadow=&#8221;on&#8221;][et_pb_row column_structure=&#8221;1_2,1_2&#8243; _builder_version=&#8221;4.22.1&#8243; _module_preset=&#8221;default&#8221; global_colors_info=&#8221;{}&#8221;][et_pb_column type=&#8221;1_2&#8243; _builder_version=&#8221;4.22.1&#8243; _module_preset=&#8221;default&#8221; global_colors_info=&#8221;{}&#8221;][et_pb_image src=&#8221;https:\/\/itop.hu\/wp-content\/uploads\/2024\/12\/augmented-reality-illustration-05@2x.png&#8221; title_text=&#8221;augmented-reality-illustration-05@2x&#8221; _builder_version=&#8221;4.24.2&#8243; _module_preset=&#8221;default&#8221; custom_margin=&#8221;|||-4vw|false|false&#8221; custom_margin_tablet=&#8221;|||0vw|false|false&#8221; custom_margin_phone=&#8221;|||0vw|false|false&#8221; custom_margin_last_edited=&#8221;on|desktop&#8221; scroll_vertical_motion_enable=&#8221;on&#8221; scroll_vertical_motion=&#8221;0|50|50|100|1|0|-1&#8243; scroll_fade_enable=&#8221;on&#8221; scroll_blur_enable=&#8221;on&#8221; scroll_blur=&#8221;0|40|60|100|5px|0px|0px&#8221; global_colors_info=&#8221;{}&#8221; custom_margin__hover_enabled=&#8221;off|desktop&#8221;][\/et_pb_image][\/et_pb_column][et_pb_column type=&#8221;1_2&#8243; _builder_version=&#8221;4.22.1&#8243; _module_preset=&#8221;default&#8221; global_colors_info=&#8221;{}&#8221;][et_pb_text _builder_version=&#8221;4.27.4&#8243; _module_preset=&#8221;f9246ec9-a945-436e-a782-dabca0d443f6&#8243; header_4_text_color=&#8221;gcid-afa30cf2-6f5d-4b9c-aa39-7dbe1ac3b7a3&#8243; locked=&#8221;off&#8221; global_colors_info=&#8221;{%22gcid-afa30cf2-6f5d-4b9c-aa39-7dbe1ac3b7a3%22:%91%22header_4_text_color%22%93}&#8221;]<h4><span style=\"color: #ff6600;\">ITOP.HU<\/span><\/h4>[\/et_pb_text][et_pb_text _builder_version=&#8221;4.27.4&#8243; _module_preset=&#8221;3c978d03-b43a-42bf-af79-a9f3cd4338b2&#8243; header_2_text_color=&#8221;#FFFFFF&#8221; custom_margin=&#8221;||10px||false|false&#8221; global_colors_info=&#8221;{}&#8221;]<h2 style=\"text-align: center;\">Kiv\u00e1l\u00f3 ITSM \u00e9s CMDB rendszer rendk\u00edv\u00fcl jut\u00e1nyos \u00e1ron!<\/h2>\n<p>&nbsp;<\/p>\n<p>&nbsp;<\/p>[\/et_pb_text][et_pb_text _builder_version=&#8221;4.27.4&#8243; _module_preset=&#8221;d3ee157e-4cf4-4764-8f5b-49bad0b008c0&#8243; text_text_color=&#8221;#FFFFFF&#8221; global_colors_info=&#8221;{}&#8221;]<p style=\"text-align: justify;\"><strong>Testre szabhat\u00f3, k\u00f6nnyen integr\u00e1lhat\u00f3, gyors ROI \u00e9s befektet\u00e9sv\u00e9delem, az iTop a CIO ERP-je.<\/strong><\/p>\n<p style=\"text-align: justify;\"><strong>Programoz\u00e1s n\u00e9lk\u00fcl az iTop egy testre szabhat\u00f3 ITIL alap\u00fa ITSM \u00e9s CMDB rendszer, amely \u00f6sszetett k\u00f6rnyezetekbe integr\u00e1lhat\u00f3.\u00a0 Az iTop magj\u00e1ban a CMDB adatmodell \u00e1ll, amely m\u00f3dos\u00edthat\u00f3 \u00e9s b\u0151v\u00edthet\u0151\u00a0az \u00fcgyf\u00e9l ig\u00e9nyeihez a rendszerhez tartoz\u00f3 designer alkalmaz\u00e1ssal. A gy\u00e1rt\u00f3 ezzel garant\u00e1lja a rendszer kompatibilit\u00e1s\u00e1t az \u00faj verzi\u00f3kkal.<\/strong><\/p>\n<p style=\"text-align: justify;\"><strong>Az iTop alkalmazkodik a v\u00e1llalatok ig\u00e9nyeihez egy teljesk\u00f6r\u0171 IT<\/strong> <strong>szolg\u00e1ltat\u00e1smenedzsment kialak\u00edt\u00e1s\u00e1ban, ahol az infrastrukt\u00fara, a h\u00e1l\u00f3zat, az alkalmaz\u00e1sok, a szoftverek, a szolg\u00e1ltat\u00e1sok, a telef\u00f3nia, a partnerek ,a szerz\u0151d\u00e9sek, a dokut\u00e1r, az SLA-k teljesk\u00f6r\u0171 kezel\u00e9se megt\u00f6rt\u00e9nik v\u00e1ltoz\u00e1skezel\u00e9ssel, incidensekkel, hibabejelent\u00e9ssel.<\/strong><\/p>\n<p style=\"text-align: justify;\"><strong>AZ iTop-ban t\u00f6bb szervezetet is kezelni lehet, ahol a jogosults\u00e1gkezel\u00e9ssel \u00e9s audit funkci\u00f3kkal tudja garant\u00e1lni a rendszer az adatok v\u00e9delm\u00e9t.<\/strong><\/p>\n<p style=\"text-align: justify;\"><strong>A tapasztalt IT-szolg\u00e1ltat\u00f3 szakemberek \u00e1ltal tervezett iTop a megosztott infrastrukt\u00far\u00e1k \u00f6sszetetts\u00e9g\u00e9nek kezel\u00e9s\u00e9re k\u00e9sz\u00fclt. Az iTop lehet\u0151v\u00e9 teszi, hogy elemezze egy esem\u00e9ny vagy v\u00e1ltoz\u00e1s hat\u00e1s\u00e1t a k\u00fcl\u00f6nf\u00e9le szolg\u00e1ltat\u00e1sokra \u00e9s szerz\u0151d\u00e9sekre, amelyeket teljes\u00edtenie kell.<\/strong><\/p>[\/et_pb_text][et_pb_text _builder_version=&#8221;4.27.4&#8243; _module_preset=&#8221;default&#8221; global_colors_info=&#8221;{}&#8221;]<p>&nbsp;<\/p>\n<p>&nbsp;<\/p>[\/et_pb_text][et_pb_button button_url=&#8221;https:\/\/itop.hu\/itop-itsm\/&#8221; button_text=&#8221;T\u00d6BB INFORM\u00c1CI\u00d3T SZERETN\u00c9K&#8221; button_alignment=&#8221;center&#8221; _builder_version=&#8221;4.27.4&#8243; _module_preset=&#8221;default&#8221; custom_button=&#8221;on&#8221; button_text_color=&#8221;#FFFFFF&#8221; button_bg_color=&#8221;#8300E9&#8243; button_border_width=&#8221;0px&#8221; button_border_radius=&#8221;21px&#8221; button_icon=&#8221;&#x3d;||divi||400&#8243; hover_enabled=&#8221;0&#8243; global_colors_info=&#8221;{}&#8221; sticky_enabled=&#8221;0&#8243;][\/et_pb_button][\/et_pb_column][\/et_pb_row][\/et_pb_section][et_pb_section fb_built=&#8221;1&#8243; admin_label=&#8221;Footer&#8221; _builder_version=&#8221;4.24.2&#8243; _module_preset=&#8221;default&#8221; background_color=&#8221;#000000&#8243; use_background_color_gradient=&#8221;on&#8221; background_color_gradient_stops=&#8221;#000000 10%|rgba(0,0,0,0.5) 50%|#000000 90%&#8221; background_color_gradient_overlays_image=&#8221;on&#8221; background_image=&#8221;https:\/\/itop.hu\/wp-content\/uploads\/2024\/12\/augmented-reality-2.jpg&#8221; background_enable_image=&#8221;off&#8221; custom_padding=&#8221;6vw||6vw||true|false&#8221; da_disable_devices=&#8221;off|off|off&#8221; saved_tabs=&#8221;all&#8221; collapsed=&#8221;on&#8221; global_colors_info=&#8221;{}&#8221; da_is_popup=&#8221;off&#8221; da_exit_intent=&#8221;off&#8221; da_has_close=&#8221;on&#8221; da_alt_close=&#8221;off&#8221; da_dark_close=&#8221;off&#8221; da_not_modal=&#8221;on&#8221; da_is_singular=&#8221;off&#8221; da_with_loader=&#8221;off&#8221; da_has_shadow=&#8221;on&#8221;][et_pb_row _builder_version=&#8221;4.24.2&#8243; _module_preset=&#8221;default&#8221; global_colors_info=&#8221;{}&#8221;][et_pb_column type=&#8221;4_4&#8243; _builder_version=&#8221;4.22.1&#8243; _module_preset=&#8221;default&#8221; global_colors_info=&#8221;{}&#8221;][et_pb_image src=&#8221;https:\/\/itop.hu\/wp-content\/uploads\/2024\/12\/logobluebackground-300&#215;143.webp&#8221; title_text=&#8221;logobluebackground&#8221; _builder_version=&#8221;4.27.4&#8243; _module_preset=&#8221;default&#8221; max_height=&#8221;56px&#8221; global_colors_info=&#8221;{}&#8221;][\/et_pb_image][et_pb_text _builder_version=&#8221;4.27.4&#8243; _dynamic_attributes=&#8221;content&#8221; _module_preset=&#8221;f9246ec9-a945-436e-a782-dabca0d443f6&#8243; header_4_text_color=&#8221;#FFFFFF&#8221; locked=&#8221;off&#8221; global_colors_info=&#8221;{}&#8221;]@ET-DC@eyJkeW5hbWljIjp0cnVlLCJjb250ZW50IjoiY3VycmVudF9kYXRlIiwic2V0dGluZ3MiOnsiYmVmb3JlIjoiPGg0PkNvcHlyaWdodCAmY29weTsgIiwiYWZ0ZXIiOiIgSVRPUC5IVSBBbGwgUmlnaHRzIFJlc2VydmVkLjwvaDQ+IiwiZGF0ZV9mb3JtYXQiOiJjdXN0b20iLCJjdXN0b21fZGF0ZV9mb3JtYXQiOiJZIn19@[\/et_pb_text][\/et_pb_column][\/et_pb_row][\/et_pb_section]\n","protected":false},"excerpt":{"rendered":"<p>ITOP.HUKiv\u00e1l\u00f3 ITSM \u00e9s CMDB rendszer rendk\u00edv\u00fcl jut\u00e1nyos \u00e1ron! &nbsp; &nbsp;Testre szabhat\u00f3, k\u00f6nnyen integr\u00e1lhat\u00f3, gyors ROI \u00e9s befektet\u00e9sv\u00e9delem, az iTop a CIO ERP-je. Programoz\u00e1s n\u00e9lk\u00fcl az iTop egy testre szabhat\u00f3 ITIL alap\u00fa ITSM \u00e9s CMDB rendszer, amely \u00f6sszetett k\u00f6rnyezetekbe integr\u00e1lhat\u00f3.\u00a0 Az iTop magj\u00e1ban a CMDB adatmodell \u00e1ll, amely m\u00f3dos\u00edthat\u00f3 \u00e9s b\u0151v\u00edthet\u0151\u00a0az \u00fcgyf\u00e9l ig\u00e9nyeihez a rendszerhez tartoz\u00f3 [&hellip;]<\/p>\n","protected":false},"author":1,"featured_media":0,"parent":0,"menu_order":0,"comment_status":"closed","ping_status":"closed","template":"","meta":{"_et_pb_use_builder":"on","_et_pb_old_content":"","_et_gb_content_width":"","footnotes":""},"class_list":["post-783","page","type-page","status-publish","hentry"],"yoast_head":"<!-- This site is optimized with the Yoast SEO plugin v27.5 - https:\/\/yoast.com\/product\/yoast-seo-wordpress\/ -->\n<title>ITSM - itop<\/title>\n<meta name=\"description\" content=\"Fedezze fel az ITOP ITSM megold\u00e1s\u00e1t! Hat\u00e9kony IT szolg\u00e1ltat\u00e1smenedzsment rendszer, amely optimaliz\u00e1lja folyamatait, n\u00f6veli a produktivit\u00e1st \u00e9s jav\u00edtja az \u00fcgyf\u00e9l-el\u00e9gedetts\u00e9get. Emelje \u00faj szintre IT szolg\u00e1ltat\u00e1sait vel\u00fcnk!\" \/>\n<meta name=\"robots\" content=\"index, follow, max-snippet:-1, max-image-preview:large, max-video-preview:-1\" \/>\n<link rel=\"canonical\" href=\"https:\/\/itop.hu\/eng\/itsm-2\/\" \/>\n<meta property=\"og:locale\" content=\"en_GB\" \/>\n<meta property=\"og:type\" content=\"article\" \/>\n<meta property=\"og:title\" content=\"ITSM - itop\" \/>\n<meta property=\"og:description\" content=\"Fedezze fel az ITOP ITSM megold\u00e1s\u00e1t! Hat\u00e9kony IT szolg\u00e1ltat\u00e1smenedzsment rendszer, amely optimaliz\u00e1lja folyamatait, n\u00f6veli a produktivit\u00e1st \u00e9s jav\u00edtja az \u00fcgyf\u00e9l-el\u00e9gedetts\u00e9get. Emelje \u00faj szintre IT szolg\u00e1ltat\u00e1sait vel\u00fcnk!\" \/>\n<meta property=\"og:url\" content=\"https:\/\/itop.hu\/eng\/itsm-2\/\" \/>\n<meta property=\"og:site_name\" content=\"itop\" \/>\n<meta property=\"article:publisher\" content=\"https:\/\/www.facebook.com\/profile.php?id=61560571456979\" \/>\n<meta property=\"article:modified_time\" content=\"2024-12-22T10:40:40+00:00\" \/>\n<meta property=\"og:image\" content=\"https:\/\/itop.hu\/wp-content\/uploads\/2024\/02\/logoitop.png\" \/>\n\t<meta property=\"og:image:width\" content=\"144\" \/>\n\t<meta property=\"og:image:height\" content=\"71\" \/>\n\t<meta property=\"og:image:type\" content=\"image\/png\" \/>\n<meta name=\"twitter:card\" content=\"summary_large_image\" \/>\n<meta name=\"twitter:label1\" content=\"Estimated reading time\" \/>\n\t<meta name=\"twitter:data1\" content=\"2 minutes\" \/>\n<script type=\"application\/ld+json\" class=\"yoast-schema-graph\">{\"@context\":\"https:\\\/\\\/schema.org\",\"@graph\":[{\"@type\":\"WebPage\",\"@id\":\"https:\\\/\\\/itop.hu\\\/itsm-2\\\/\",\"url\":\"https:\\\/\\\/itop.hu\\\/itsm-2\\\/\",\"name\":\"ITSM - itop\",\"isPartOf\":{\"@id\":\"https:\\\/\\\/itop.hu\\\/#website\"},\"datePublished\":\"2024-12-18T12:15:52+00:00\",\"dateModified\":\"2024-12-22T10:40:40+00:00\",\"description\":\"Fedezze fel az ITOP ITSM megold\u00e1s\u00e1t! Hat\u00e9kony IT szolg\u00e1ltat\u00e1smenedzsment rendszer, amely optimaliz\u00e1lja folyamatait, n\u00f6veli a produktivit\u00e1st \u00e9s jav\u00edtja az \u00fcgyf\u00e9l-el\u00e9gedetts\u00e9get. Emelje \u00faj szintre IT szolg\u00e1ltat\u00e1sait vel\u00fcnk!\",\"breadcrumb\":{\"@id\":\"https:\\\/\\\/itop.hu\\\/itsm-2\\\/#breadcrumb\"},\"inLanguage\":\"en-GB\",\"potentialAction\":[{\"@type\":\"ReadAction\",\"target\":[\"https:\\\/\\\/itop.hu\\\/itsm-2\\\/\"]}]},{\"@type\":\"BreadcrumbList\",\"@id\":\"https:\\\/\\\/itop.hu\\\/itsm-2\\\/#breadcrumb\",\"itemListElement\":[{\"@type\":\"ListItem\",\"position\":1,\"name\":\"Kezd\u0151lap\",\"item\":\"https:\\\/\\\/itop.hu\\\/\"},{\"@type\":\"ListItem\",\"position\":2,\"name\":\"ITSM\"}]},{\"@type\":\"WebSite\",\"@id\":\"https:\\\/\\\/itop.hu\\\/#website\",\"url\":\"https:\\\/\\\/itop.hu\\\/\",\"name\":\"itop\",\"description\":\"Ha nyugodtan akar haj\u00f3zni, b\u00edzza r\u00e1nk az \u00fczemeltet\u00e9st!\",\"publisher\":{\"@id\":\"https:\\\/\\\/itop.hu\\\/#organization\"},\"potentialAction\":[{\"@type\":\"SearchAction\",\"target\":{\"@type\":\"EntryPoint\",\"urlTemplate\":\"https:\\\/\\\/itop.hu\\\/?s={search_term_string}\"},\"query-input\":{\"@type\":\"PropertyValueSpecification\",\"valueRequired\":true,\"valueName\":\"search_term_string\"}}],\"inLanguage\":\"en-GB\"},{\"@type\":\"Organization\",\"@id\":\"https:\\\/\\\/itop.hu\\\/#organization\",\"name\":\"itop - A legjobb ITSM megold\u00e1s a piacon! - CMDB - \u00fczemeltet\u00e9s - kiberbiztons\u00e1g\",\"url\":\"https:\\\/\\\/itop.hu\\\/\",\"logo\":{\"@type\":\"ImageObject\",\"inLanguage\":\"en-GB\",\"@id\":\"https:\\\/\\\/itop.hu\\\/#\\\/schema\\\/logo\\\/image\\\/\",\"url\":\"https:\\\/\\\/itop.hu\\\/wp-content\\\/uploads\\\/2024\\\/02\\\/logoitop.png\",\"contentUrl\":\"https:\\\/\\\/itop.hu\\\/wp-content\\\/uploads\\\/2024\\\/02\\\/logoitop.png\",\"width\":144,\"height\":71,\"caption\":\"itop - A legjobb ITSM megold\u00e1s a piacon! - CMDB - \u00fczemeltet\u00e9s - kiberbiztons\u00e1g\"},\"image\":{\"@id\":\"https:\\\/\\\/itop.hu\\\/#\\\/schema\\\/logo\\\/image\\\/\"},\"sameAs\":[\"https:\\\/\\\/www.facebook.com\\\/profile.php?id=61560571456979\"]}]}<\/script>\n<!-- \/ Yoast SEO plugin. -->","yoast_head_json":{"title":"ITSM - itop","description":"Fedezze fel az ITOP ITSM megold\u00e1s\u00e1t! Hat\u00e9kony IT szolg\u00e1ltat\u00e1smenedzsment rendszer, amely optimaliz\u00e1lja folyamatait, n\u00f6veli a produktivit\u00e1st \u00e9s jav\u00edtja az \u00fcgyf\u00e9l-el\u00e9gedetts\u00e9get. Emelje \u00faj szintre IT szolg\u00e1ltat\u00e1sait vel\u00fcnk!","robots":{"index":"index","follow":"follow","max-snippet":"max-snippet:-1","max-image-preview":"max-image-preview:large","max-video-preview":"max-video-preview:-1"},"canonical":"https:\/\/itop.hu\/eng\/itsm-2\/","og_locale":"en_GB","og_type":"article","og_title":"ITSM - itop","og_description":"Fedezze fel az ITOP ITSM megold\u00e1s\u00e1t! Hat\u00e9kony IT szolg\u00e1ltat\u00e1smenedzsment rendszer, amely optimaliz\u00e1lja folyamatait, n\u00f6veli a produktivit\u00e1st \u00e9s jav\u00edtja az \u00fcgyf\u00e9l-el\u00e9gedetts\u00e9get. Emelje \u00faj szintre IT szolg\u00e1ltat\u00e1sait vel\u00fcnk!","og_url":"https:\/\/itop.hu\/eng\/itsm-2\/","og_site_name":"itop","article_publisher":"https:\/\/www.facebook.com\/profile.php?id=61560571456979","article_modified_time":"2024-12-22T10:40:40+00:00","og_image":[{"width":144,"height":71,"url":"https:\/\/itop.hu\/wp-content\/uploads\/2024\/02\/logoitop.png","type":"image\/png"}],"twitter_card":"summary_large_image","twitter_misc":{"Estimated reading time":"2 minutes"},"schema":{"@context":"https:\/\/schema.org","@graph":[{"@type":"WebPage","@id":"https:\/\/itop.hu\/itsm-2\/","url":"https:\/\/itop.hu\/itsm-2\/","name":"ITSM - itop","isPartOf":{"@id":"https:\/\/itop.hu\/#website"},"datePublished":"2024-12-18T12:15:52+00:00","dateModified":"2024-12-22T10:40:40+00:00","description":"Fedezze fel az ITOP ITSM megold\u00e1s\u00e1t! Hat\u00e9kony IT szolg\u00e1ltat\u00e1smenedzsment rendszer, amely optimaliz\u00e1lja folyamatait, n\u00f6veli a produktivit\u00e1st \u00e9s jav\u00edtja az \u00fcgyf\u00e9l-el\u00e9gedetts\u00e9get. Emelje \u00faj szintre IT szolg\u00e1ltat\u00e1sait vel\u00fcnk!","breadcrumb":{"@id":"https:\/\/itop.hu\/itsm-2\/#breadcrumb"},"inLanguage":"en-GB","potentialAction":[{"@type":"ReadAction","target":["https:\/\/itop.hu\/itsm-2\/"]}]},{"@type":"BreadcrumbList","@id":"https:\/\/itop.hu\/itsm-2\/#breadcrumb","itemListElement":[{"@type":"ListItem","position":1,"name":"Kezd\u0151lap","item":"https:\/\/itop.hu\/"},{"@type":"ListItem","position":2,"name":"ITSM"}]},{"@type":"WebSite","@id":"https:\/\/itop.hu\/#website","url":"https:\/\/itop.hu\/","name":"ITOP","description":"Ha nyugodtan akar haj\u00f3zni, b\u00edzza r\u00e1nk az \u00fczemeltet\u00e9st!","publisher":{"@id":"https:\/\/itop.hu\/#organization"},"potentialAction":[{"@type":"SearchAction","target":{"@type":"EntryPoint","urlTemplate":"https:\/\/itop.hu\/?s={search_term_string}"},"query-input":{"@type":"PropertyValueSpecification","valueRequired":true,"valueName":"search_term_string"}}],"inLanguage":"en-GB"},{"@type":"Organization","@id":"https:\/\/itop.hu\/#organization","name":"itop - A legjobb ITSM megold\u00e1s a piacon! - CMDB - \u00fczemeltet\u00e9s - kiberbiztons\u00e1g","url":"https:\/\/itop.hu\/","logo":{"@type":"ImageObject","inLanguage":"en-GB","@id":"https:\/\/itop.hu\/#\/schema\/logo\/image\/","url":"https:\/\/itop.hu\/wp-content\/uploads\/2024\/02\/logoitop.png","contentUrl":"https:\/\/itop.hu\/wp-content\/uploads\/2024\/02\/logoitop.png","width":144,"height":71,"caption":"itop - A legjobb ITSM megold\u00e1s a piacon! - CMDB - \u00fczemeltet\u00e9s - kiberbiztons\u00e1g"},"image":{"@id":"https:\/\/itop.hu\/#\/schema\/logo\/image\/"},"sameAs":["https:\/\/www.facebook.com\/profile.php?id=61560571456979"]}]}},"_links":{"self":[{"href":"https:\/\/itop.hu\/eng\/wp-json\/wp\/v2\/pages\/783","targetHints":{"allow":["GET"]}}],"collection":[{"href":"https:\/\/itop.hu\/eng\/wp-json\/wp\/v2\/pages"}],"about":[{"href":"https:\/\/itop.hu\/eng\/wp-json\/wp\/v2\/types\/page"}],"author":[{"embeddable":true,"href":"https:\/\/itop.hu\/eng\/wp-json\/wp\/v2\/users\/1"}],"replies":[{"embeddable":true,"href":"https:\/\/itop.hu\/eng\/wp-json\/wp\/v2\/comments?post=783"}],"version-history":[{"count":5,"href":"https:\/\/itop.hu\/eng\/wp-json\/wp\/v2\/pages\/783\/revisions"}],"predecessor-version":[{"id":1060,"href":"https:\/\/itop.hu\/eng\/wp-json\/wp\/v2\/pages\/783\/revisions\/1060"}],"wp:attachment":[{"href":"https:\/\/itop.hu\/eng\/wp-json\/wp\/v2\/media?parent=783"}],"curies":[{"name":"wp","href":"https:\/\/api.w.org\/{rel}","templated":true}]}}