{"id":793,"date":"2024-12-18T12:56:32","date_gmt":"2024-12-18T12:56:32","guid":{"rendered":"https:\/\/itop.hu\/?page_id=793"},"modified":"2024-12-22T10:48:54","modified_gmt":"2024-12-22T10:48:54","slug":"soc-2","status":"publish","type":"page","link":"https:\/\/itop.hu\/eng\/soc-2\/","title":{"rendered":"SOC"},"content":{"rendered":"\n[et_pb_section fb_built=&#8221;1&#8243; admin_label=&#8221;Header&#8221; _builder_version=&#8221;4.24.2&#8243; _module_preset=&#8221;default&#8221; background_color=&#8221;#000000&#8243; background_image=&#8221;https:\/\/itop.hu\/wp-content\/uploads\/2024\/12\/augmented-reality-illustration-01.png&#8221; background_position=&#8221;bottom_center&#8221; custom_padding=&#8221;16vw||||false|false&#8221; da_disable_devices=&#8221;off|off|off&#8221; collapsed=&#8221;on&#8221; global_colors_info=&#8221;{}&#8221; da_is_popup=&#8221;off&#8221; da_exit_intent=&#8221;off&#8221; da_has_close=&#8221;on&#8221; da_alt_close=&#8221;off&#8221; da_dark_close=&#8221;off&#8221; da_not_modal=&#8221;on&#8221; da_is_singular=&#8221;off&#8221; da_with_loader=&#8221;off&#8221; da_has_shadow=&#8221;on&#8221;][et_pb_row _builder_version=&#8221;4.22.1&#8243; _module_preset=&#8221;default&#8221; max_width=&#8221;510px&#8221; global_colors_info=&#8221;{}&#8221;][et_pb_column type=&#8221;4_4&#8243; _builder_version=&#8221;4.22.1&#8243; _module_preset=&#8221;default&#8221; global_colors_info=&#8221;{}&#8221;][et_pb_text _builder_version=&#8221;4.27.4&#8243; _module_preset=&#8221;df338267-b70f-44ad-8ef2-a6d89b7334ac&#8221; header_4_text_color=&#8221;gcid-afa30cf2-6f5d-4b9c-aa39-7dbe1ac3b7a3&#8243; text_orientation=&#8221;center&#8221; global_colors_info=&#8221;{%22gcid-afa30cf2-6f5d-4b9c-aa39-7dbe1ac3b7a3%22:%91%22header_4_text_color%22%93}&#8221;]<h4><span style=\"color: #ff6600;\">ITOP.HU<\/span><\/h4>[\/et_pb_text][et_pb_text _builder_version=&#8221;4.27.4&#8243; _module_preset=&#8221;3c8fb9cd-fbc7-4c54-833e-4cbc6c39e055&#8243; header_text_color=&#8221;#FFFFFF&#8221; text_orientation=&#8221;center&#8221; global_colors_info=&#8221;{}&#8221;]<h1>SECURITY OPERATIONS CENTER<\/h1>[\/et_pb_text][et_pb_text _builder_version=&#8221;4.27.4&#8243; _module_preset=&#8221;44c30f0e-5a69-4fec-8ce3-1d9da24c5686&#8243; text_text_color=&#8221;#FFFFFF&#8221; text_orientation=&#8221;center&#8221; custom_margin=&#8221;||30px||false|false&#8221; global_colors_info=&#8221;{}&#8221;]<h3><span style=\"color: #ffffff;\"><strong>A j\u00f6v\u0151 kiberv\u00e9delmi technol\u00f3gi\u00e1ja! <\/strong><\/span><\/h3>\n<p><span style=\"color: #ffffff;\"><strong><\/strong><\/span><\/p>\n<h4><span style=\"color: #ffffff;\"><strong>Stellar Cyber + Deep Instinct + 7\/24 fel\u00fcgyelet = ITOP SOC<\/strong><\/span><\/h4>\n<p><span style=\"color: #ffffff;\"><strong><\/strong><\/span><\/p>\n<p><span style=\"color: #ffffff;\"><strong><\/strong><\/span><\/p>\n<h5><span style=\"color: #ffffff;\"><strong>Megv\u00e1s\u00e1rolhat\u00f3 onprem verzi\u00f3ban is, vagy havid\u00edjas szolg\u00e1ltat\u00e1sk\u00e9nt.<\/strong><\/span><\/h5>[\/et_pb_text][\/et_pb_column][\/et_pb_row][\/et_pb_section][et_pb_section fb_built=&#8221;1&#8243; admin_label=&#8221;What We Do&#8221; _builder_version=&#8221;4.22.1&#8243; _module_preset=&#8221;default&#8221; background_color=&#8221;#000000&#8243; da_disable_devices=&#8221;off|off|off&#8221; collapsed=&#8221;on&#8221; global_colors_info=&#8221;{}&#8221; da_is_popup=&#8221;off&#8221; da_exit_intent=&#8221;off&#8221; da_has_close=&#8221;on&#8221; da_alt_close=&#8221;off&#8221; da_dark_close=&#8221;off&#8221; da_not_modal=&#8221;on&#8221; da_is_singular=&#8221;off&#8221; da_with_loader=&#8221;off&#8221; da_has_shadow=&#8221;on&#8221;][et_pb_row column_structure=&#8221;1_2,1_2&#8243; _builder_version=&#8221;4.22.1&#8243; _module_preset=&#8221;default&#8221; global_colors_info=&#8221;{}&#8221;][et_pb_column type=&#8221;1_2&#8243; _builder_version=&#8221;4.22.1&#8243; _module_preset=&#8221;default&#8221; global_colors_info=&#8221;{}&#8221;][et_pb_text _builder_version=&#8221;4.27.4&#8243; _module_preset=&#8221;default&#8221; global_colors_info=&#8221;{}&#8221;]<p style=\"text-align: justify;\"><strong><\/strong><\/p>\n<p style=\"text-align: justify;\"><strong><\/strong><\/p>\n<p style=\"text-align: justify;\"><strong><\/strong><\/p>\n<p style=\"text-align: justify;\"><strong><\/strong><\/p>\n<p style=\"text-align: justify;\"><span style=\"color: #ffffff;\"><strong>Olyan rendszerekb\u0151l \u00e1ll\u00edtottuk \u00f6ssze, amelyek:<\/strong><\/span><\/p>\n<p style=\"text-align: justify;\"><span style=\"color: #ffffff;\"><strong><\/strong><\/span><\/p>\n<ul>\n<li style=\"text-align: justify;\"><span style=\"color: #ffffff;\">GENERATIV AI integr\u00e1lt, ez\u00e1ltal sokkal gyorsabban \u00e9s hat\u00e9konyabban ismerik fel a k\u00e1ros tev\u00e9kenys\u00e9geket<\/span><\/li>\n<li style=\"text-align: justify;\"><span style=\"color: #ffffff;\">NEM kell cser\u00e9lni semmit a rendszerben, egy \u00faj eszk\u00f6z integr\u00e1l\u00e1s\u00e1val minden megl\u00e9v\u0151 eszk\u00f6z menedzselhet\u0151, \u00e9s a teljes L2-es forgalom figyelhet\u0151<\/span><\/li>\n<li style=\"text-align: justify;\"><span style=\"color: #ffffff;\">Egyetlen el\u0151fizet\u00e9ssel haszn\u00e1lhat\u00f3<\/span><\/li>\n<li style=\"text-align: justify;\"><span style=\"color: #ffffff;\">P\u00f3tolja a technol\u00f3giai lemarad\u00e1st a kiberv\u00e9delem ter\u00fclet\u00e9n<\/span><\/li>\n<li style=\"text-align: justify;\"><span style=\"color: #ffffff;\">Egyes\u00edti a megl\u00e9v\u0151 v\u00e9delmi rendszereket \u00e9s p\u00f3tolja a t\u00f6bbit<\/span><\/li>\n<li style=\"text-align: justify;\"><span style=\"color: #ffffff;\">Van magyarorsz\u00e1gi disztrib\u00fatora<\/span><\/li>\n<li style=\"text-align: justify;\"><span style=\"color: #ffffff;\">Vil\u00e1g vezet\u0151 kiberv\u00e9delmi technol\u00f3gi\u00e1ja d\u00edj v\u00e1rom\u00e1nyosa<\/span><\/li>\n<\/ul>[\/et_pb_text][et_pb_image src=&#8221;https:\/\/itop.hu\/wp-content\/uploads\/2024\/12\/head-1-300&#215;281.png&#8221; title_text=&#8221;head-1&#8243; align=&#8221;center&#8221; _builder_version=&#8221;4.27.4&#8243; _module_preset=&#8221;default&#8221; global_colors_info=&#8221;{}&#8221;][\/et_pb_image][\/et_pb_column][et_pb_column type=&#8221;1_2&#8243; _builder_version=&#8221;4.22.1&#8243; _module_preset=&#8221;default&#8221; global_colors_info=&#8221;{}&#8221;][et_pb_text _builder_version=&#8221;4.27.4&#8243; _module_preset=&#8221;default&#8221; global_colors_info=&#8221;{}&#8221;]<h2><strong><span style=\"color: #ffffff;\">Technol\u00f3gia \/ megfelel\u0151s\u00e9g index<\/span><\/strong><\/h2>[\/et_pb_text][et_pb_counters _builder_version=&#8221;4.27.4&#8243; _module_preset=&#8221;default&#8221; global_colors_info=&#8221;{}&#8221;][et_pb_counter percent=&#8221;100&#8243; bar_background_color=&#8221;#0C71C3&#8243; _builder_version=&#8221;4.27.4&#8243; _module_preset=&#8221;default&#8221; title_text_color=&#8221;#FFFFFF&#8221; title_font_size=&#8221;14px&#8221; percent_text_color=&#8221;#FFFFFF&#8221; percent_font_size=&#8221;14px&#8221; global_colors_info=&#8221;{}&#8221; bar_background_color_default=&#8221;#040a26&#8243; use_percentages=&#8221;on&#8221;]Antiv\u00edrus[\/et_pb_counter][et_pb_counter percent=&#8221;100&#8243; bar_background_color=&#8221;#0C71C3&#8243; _builder_version=&#8221;4.27.4&#8243; _module_preset=&#8221;default&#8221; title_text_color=&#8221;#FFFFFF&#8221; title_font_size=&#8221;14px&#8221; percent_font_size=&#8221;14px&#8221; global_colors_info=&#8221;{}&#8221; bar_background_color_default=&#8221;#040a26&#8243; use_percentages=&#8221;on&#8221;]EDR (Endpoint Detection and Response)[\/et_pb_counter][et_pb_counter percent=&#8221;100&#8243; bar_background_color=&#8221;#0C71C3&#8243; _builder_version=&#8221;4.27.4&#8243; _module_preset=&#8221;default&#8221; title_text_color=&#8221;#FFFFFF&#8221; title_font_size=&#8221;14px&#8221; percent_font_size=&#8221;14px&#8221; global_colors_info=&#8221;{}&#8221; bar_background_color_default=&#8221;#040a26&#8243; use_percentages=&#8221;on&#8221;]IDS (Intrusion Detection System)[\/et_pb_counter][et_pb_counter percent=&#8221;100&#8243; bar_background_color=&#8221;#0C71C3&#8243; _builder_version=&#8221;4.27.4&#8243; _module_preset=&#8221;default&#8221; title_text_color=&#8221;#FFFFFF&#8221; title_font_size=&#8221;14px&#8221; percent_font_size=&#8221;14px&#8221; global_colors_info=&#8221;{}&#8221; bar_background_color_default=&#8221;#040a26&#8243; use_percentages=&#8221;on&#8221;]NDR (Network Detection and Response)[\/et_pb_counter][et_pb_counter percent=&#8221;100&#8243; bar_background_color=&#8221;#0C71C3&#8243; _builder_version=&#8221;4.27.4&#8243; _module_preset=&#8221;default&#8221; title_text_color=&#8221;#FFFFFF&#8221; title_font_size=&#8221;14px&#8221; percent_font_size=&#8221;14px&#8221; global_colors_info=&#8221;{}&#8221; bar_background_color_default=&#8221;#040a26&#8243; use_percentages=&#8221;on&#8221;]XDR (Extended Detection and Response)[\/et_pb_counter][et_pb_counter percent=&#8221;100&#8243; bar_background_color=&#8221;#0C71C3&#8243; _builder_version=&#8221;4.27.4&#8243; _module_preset=&#8221;default&#8221; title_text_color=&#8221;#FFFFFF&#8221; title_font_size=&#8221;14px&#8221; percent_font_size=&#8221;14px&#8221; global_colors_info=&#8221;{}&#8221; bar_background_color_default=&#8221;#040a26&#8243; use_percentages=&#8221;on&#8221;]CDR (Cloud Detection and Response)[\/et_pb_counter][et_pb_counter percent=&#8221;100&#8243; bar_background_color=&#8221;#0C71C3&#8243; _builder_version=&#8221;4.27.4&#8243; _module_preset=&#8221;default&#8221; title_text_color=&#8221;#FFFFFF&#8221; title_font_size=&#8221;14px&#8221; percent_font_size=&#8221;14px&#8221; global_colors_info=&#8221;{}&#8221; bar_background_color_default=&#8221;#040a26&#8243; use_percentages=&#8221;on&#8221;]ITDR (Identity Detection and Response)[\/et_pb_counter][et_pb_counter percent=&#8221;100&#8243; bar_background_color=&#8221;#0C71C3&#8243; _builder_version=&#8221;4.27.4&#8243; _module_preset=&#8221;default&#8221; title_text_color=&#8221;#FFFFFF&#8221; title_font_size=&#8221;14px&#8221; percent_font_size=&#8221;14px&#8221; global_colors_info=&#8221;{}&#8221; bar_background_color_default=&#8221;#040a26&#8243; use_percentages=&#8221;on&#8221;]TIP (Threat Intelligence Platform)[\/et_pb_counter][et_pb_counter percent=&#8221;100&#8243; bar_background_color=&#8221;#0C71C3&#8243; _builder_version=&#8221;4.27.4&#8243; _module_preset=&#8221;default&#8221; title_text_color=&#8221;#FFFFFF&#8221; title_font_size=&#8221;14px&#8221; percent_font_size=&#8221;14px&#8221; global_colors_info=&#8221;{}&#8221; bar_background_color_default=&#8221;#040a26&#8243; use_percentages=&#8221;on&#8221;]SIEM (Security Information and Event Management)[\/et_pb_counter][et_pb_counter percent=&#8221;100&#8243; bar_background_color=&#8221;#0C71C3&#8243; _builder_version=&#8221;4.27.4&#8243; _module_preset=&#8221;default&#8221; title_text_color=&#8221;#FFFFFF&#8221; title_font_size=&#8221;14px&#8221; percent_font_size=&#8221;14px&#8221; global_colors_info=&#8221;{}&#8221; bar_background_color_default=&#8221;#040a26&#8243; use_percentages=&#8221;on&#8221;]SOAR (Security Orchestration, Automation and Response)[\/et_pb_counter][\/et_pb_counters][et_pb_divider show_divider=&#8221;off&#8221; _builder_version=&#8221;4.27.4&#8243; _module_preset=&#8221;default&#8221; global_colors_info=&#8221;{}&#8221;][\/et_pb_divider][\/et_pb_column][\/et_pb_row][et_pb_row _builder_version=&#8221;4.27.4&#8243; _module_preset=&#8221;default&#8221; global_colors_info=&#8221;{}&#8221;][et_pb_column type=&#8221;4_4&#8243; _builder_version=&#8221;4.27.4&#8243; _module_preset=&#8221;default&#8221; global_colors_info=&#8221;{}&#8221;][et_pb_text _builder_version=&#8221;4.27.4&#8243; _module_preset=&#8221;default&#8221; global_colors_info=&#8221;{}&#8221;]<h2 style=\"text-align: center;\"><span style=\"color: #ffffff;\"><strong>AZ ITOP.HU SOC egyszer\u0171en p\u00f3tolja az \u00e9vek alatt \u00f6sszej\u00f6tt lemarad\u00e1sokat!<\/strong><\/span><\/h2>\n<p><strong><\/strong><\/p>\n<h4><span style=\"color: #ffffff;\"><strong><\/strong><\/span><\/h4>\n<h4><span style=\"color: #ffffff;\"><strong>A Deep Instinct \u00e9s Stellar Cyber megold\u00e1sok el\u0151nyei<\/strong><\/span><\/h4>\n<p>&nbsp;<\/p>\n<p style=\"text-align: justify;\"><span style=\"color: #ffffff;\">A hat\u00e9kony megel\u0151z\u00e9s \u00e9s az Open XDR azt jelenti, hogy a biztons\u00e1gi elemz\u00e9sek sokkal kevesebb id\u0151t vesznek ig\u00e9nybe t\u00e1mad\u00e1s eset\u00e9n.<\/span><\/p>\n<p style=\"text-align: justify;\"><span style=\"color: #ffffff;\">Az adatok val\u00f3s idej\u0171 megoszt\u00e1sa minim\u00e1lisra cs\u00f6kkenti a t\u00e1mad\u00f3k rendszerben t\u00f6rt\u00e9n\u0151 tart\u00f3zkod\u00e1si idej\u00e9t, \u00edgy szinte teljes m\u00e9rt\u00e9kben megakad\u00e1lyozza a tov\u00e1bbi tev\u00e9kenys\u00e9g\u00fcket.<\/span><\/p>\n<p style=\"text-align: justify;\"><span style=\"color: #ffffff;\">Az intelligens automatiz\u00e1l\u00e1s a k\u00f6z\u00f6s megold\u00e1sban az IT biztons\u00e1gi csoport teljes\u00edtm\u00e9ny\u00e9t nagys\u00e1grendekkel hat\u00e9konyabb\u00e1 teszi.<\/span><\/p>\n<p style=\"text-align: justify;\"><span style=\"color: #ffffff;\">A k\u00e9t megold\u00e1s egy\u00fcttm\u0171k\u00f6dve biztos\u00edtja, hogy a c\u00e9g rendszerei \u00e9s adatai mindig v\u00e9dve legyenek a leg\u00fajabb fenyeget\u00e9sekkel szemben. Az ITOP.HU-n\u00e1l garant\u00e1ljuk, ha e k\u00e9t term\u00e9ket bevezethetj\u00fck c\u00e9g\u00e9n\u00e9l, akkor a t\u00e1mad\u00e1sokat sikeresen blokkoljuk \u00e9s id\u0151ben tudunk reag\u00e1lni r\u00e1juk!<\/span><\/p>[\/et_pb_text][\/et_pb_column][\/et_pb_row][et_pb_row _builder_version=&#8221;4.27.4&#8243; _module_preset=&#8221;default&#8221; global_colors_info=&#8221;{}&#8221;][et_pb_column type=&#8221;4_4&#8243; _builder_version=&#8221;4.27.4&#8243; _module_preset=&#8221;default&#8221; global_colors_info=&#8221;{}&#8221;][et_pb_button button_url=&#8221;https:\/\/itop.hu\/socaas\/&#8221; button_text=&#8221;TOV\u00c1BBI INFORM\u00c1CI\u00d3T K\u00c9REK&#8221; button_alignment=&#8221;center&#8221; _builder_version=&#8221;4.27.4&#8243; _module_preset=&#8221;default&#8221; custom_button=&#8221;on&#8221; button_text_color=&#8221;#FFFFFF&#8221; button_bg_color=&#8221;#8300E9&#8243; button_border_width=&#8221;0px&#8221; button_border_radius=&#8221;21px&#8221; button_icon=&#8221;&#x3d;||divi||400&#8243; global_colors_info=&#8221;{}&#8221;][\/et_pb_button][\/et_pb_column][\/et_pb_row][\/et_pb_section][et_pb_section fb_built=&#8221;1&#8243; admin_label=&#8221;Footer&#8221; _builder_version=&#8221;4.24.2&#8243; _module_preset=&#8221;default&#8221; background_color=&#8221;#000000&#8243; use_background_color_gradient=&#8221;on&#8221; background_color_gradient_stops=&#8221;#000000 10%|rgba(0,0,0,0.5) 50%|#000000 90%&#8221; background_color_gradient_overlays_image=&#8221;on&#8221; background_image=&#8221;https:\/\/itop.hu\/wp-content\/uploads\/2024\/12\/augmented-reality-2.jpg&#8221; background_enable_image=&#8221;off&#8221; custom_padding=&#8221;6vw||6vw||true|false&#8221; da_disable_devices=&#8221;off|off|off&#8221; saved_tabs=&#8221;all&#8221; collapsed=&#8221;on&#8221; global_colors_info=&#8221;{}&#8221; da_is_popup=&#8221;off&#8221; da_exit_intent=&#8221;off&#8221; da_has_close=&#8221;on&#8221; da_alt_close=&#8221;off&#8221; da_dark_close=&#8221;off&#8221; da_not_modal=&#8221;on&#8221; da_is_singular=&#8221;off&#8221; da_with_loader=&#8221;off&#8221; da_has_shadow=&#8221;on&#8221;][et_pb_row _builder_version=&#8221;4.24.2&#8243; _module_preset=&#8221;default&#8221; global_colors_info=&#8221;{}&#8221;][et_pb_column type=&#8221;4_4&#8243; _builder_version=&#8221;4.22.1&#8243; _module_preset=&#8221;default&#8221; global_colors_info=&#8221;{}&#8221;][et_pb_image src=&#8221;https:\/\/itop.hu\/wp-content\/uploads\/2024\/12\/logobluebackground-300&#215;143.webp&#8221; title_text=&#8221;logobluebackground&#8221; _builder_version=&#8221;4.27.4&#8243; _module_preset=&#8221;default&#8221; max_height=&#8221;56px&#8221; hover_enabled=&#8221;0&#8243; global_colors_info=&#8221;{}&#8221; sticky_enabled=&#8221;0&#8243;][\/et_pb_image][et_pb_text _builder_version=&#8221;4.27.4&#8243; _dynamic_attributes=&#8221;content&#8221; _module_preset=&#8221;df338267-b70f-44ad-8ef2-a6d89b7334ac&#8221; header_4_text_color=&#8221;#FFFFFF&#8221; hover_enabled=&#8221;0&#8243; locked=&#8221;off&#8221; global_colors_info=&#8221;{}&#8221; sticky_enabled=&#8221;0&#8243;]@ET-DC@eyJkeW5hbWljIjp0cnVlLCJjb250ZW50IjoiY3VycmVudF9kYXRlIiwic2V0dGluZ3MiOnsiYmVmb3JlIjoiPGg0PkNvcHlyaWdodCAmY29weTsgIiwiYWZ0ZXIiOiIgIElUT1AuSFUgIEFsbCBSaWdodHMgUmVzZXJ2ZWQuPC9oND4iLCJkYXRlX2Zvcm1hdCI6ImN1c3RvbSIsImN1c3RvbV9kYXRlX2Zvcm1hdCI6IlkifX0=@[\/et_pb_text][\/et_pb_column][\/et_pb_row][\/et_pb_section]\n","protected":false},"excerpt":{"rendered":"<p>ITOP.HUSECURITY OPERATIONS CENTERA j\u00f6v\u0151 kiberv\u00e9delmi technol\u00f3gi\u00e1ja! Stellar Cyber + Deep Instinct + 7\/24 fel\u00fcgyelet = ITOP SOC Megv\u00e1s\u00e1rolhat\u00f3 onprem verzi\u00f3ban is, vagy havid\u00edjas szolg\u00e1ltat\u00e1sk\u00e9nt. Olyan rendszerekb\u0151l \u00e1ll\u00edtottuk \u00f6ssze, amelyek: GENERATIV AI integr\u00e1lt, ez\u00e1ltal sokkal gyorsabban \u00e9s hat\u00e9konyabban ismerik fel a k\u00e1ros tev\u00e9kenys\u00e9geket NEM kell cser\u00e9lni semmit a rendszerben, egy \u00faj eszk\u00f6z integr\u00e1l\u00e1s\u00e1val minden megl\u00e9v\u0151 eszk\u00f6z [&hellip;]<\/p>\n","protected":false},"author":1,"featured_media":0,"parent":0,"menu_order":0,"comment_status":"closed","ping_status":"closed","template":"","meta":{"_et_pb_use_builder":"on","_et_pb_old_content":"","_et_gb_content_width":"","footnotes":""},"class_list":["post-793","page","type-page","status-publish","hentry"],"yoast_head":"<!-- This site is optimized with the Yoast SEO plugin v27.5 - https:\/\/yoast.com\/product\/yoast-seo-wordpress\/ -->\n<title>SOC - itop<\/title>\n<meta name=\"description\" content=\"Fedezze fel az ITOP SOC megold\u00e1sait! \u00c1tfog\u00f3 kiberbiztons\u00e1g-fel\u00fcgyelet, val\u00f3s idej\u0171 fenyeget\u00e9sdetekt\u00e1l\u00e1s \u00e9s -elh\u00e1r\u00edt\u00e1s. V\u00e9dje meg v\u00e1llalkoz\u00e1s\u00e1t a kibert\u00e1mad\u00e1sokt\u00f3l professzion\u00e1lis Security Operations Center szolg\u00e1ltat\u00e1sunkkal!\" \/>\n<meta name=\"robots\" content=\"index, follow, max-snippet:-1, max-image-preview:large, max-video-preview:-1\" \/>\n<link rel=\"canonical\" href=\"https:\/\/itop.hu\/eng\/soc-2\/\" \/>\n<meta property=\"og:locale\" content=\"en_GB\" \/>\n<meta property=\"og:type\" content=\"article\" \/>\n<meta property=\"og:title\" content=\"SOC - itop\" \/>\n<meta property=\"og:description\" content=\"Fedezze fel az ITOP SOC megold\u00e1sait! \u00c1tfog\u00f3 kiberbiztons\u00e1g-fel\u00fcgyelet, val\u00f3s idej\u0171 fenyeget\u00e9sdetekt\u00e1l\u00e1s \u00e9s -elh\u00e1r\u00edt\u00e1s. V\u00e9dje meg v\u00e1llalkoz\u00e1s\u00e1t a kibert\u00e1mad\u00e1sokt\u00f3l professzion\u00e1lis Security Operations Center szolg\u00e1ltat\u00e1sunkkal!\" \/>\n<meta property=\"og:url\" content=\"https:\/\/itop.hu\/eng\/soc-2\/\" \/>\n<meta property=\"og:site_name\" content=\"itop\" \/>\n<meta property=\"article:publisher\" content=\"https:\/\/www.facebook.com\/profile.php?id=61560571456979\" \/>\n<meta property=\"article:modified_time\" content=\"2024-12-22T10:48:54+00:00\" \/>\n<meta property=\"og:image\" content=\"https:\/\/itop.hu\/wp-content\/uploads\/2024\/02\/logoitop.png\" \/>\n\t<meta property=\"og:image:width\" content=\"144\" \/>\n\t<meta property=\"og:image:height\" content=\"71\" \/>\n\t<meta property=\"og:image:type\" content=\"image\/png\" \/>\n<meta name=\"twitter:card\" content=\"summary_large_image\" \/>\n<meta name=\"twitter:label1\" content=\"Estimated reading time\" \/>\n\t<meta name=\"twitter:data1\" content=\"2 minutes\" \/>\n<script type=\"application\/ld+json\" class=\"yoast-schema-graph\">{\"@context\":\"https:\\\/\\\/schema.org\",\"@graph\":[{\"@type\":\"WebPage\",\"@id\":\"https:\\\/\\\/itop.hu\\\/soc-2\\\/\",\"url\":\"https:\\\/\\\/itop.hu\\\/soc-2\\\/\",\"name\":\"SOC - itop\",\"isPartOf\":{\"@id\":\"https:\\\/\\\/itop.hu\\\/#website\"},\"datePublished\":\"2024-12-18T12:56:32+00:00\",\"dateModified\":\"2024-12-22T10:48:54+00:00\",\"description\":\"Fedezze fel az ITOP SOC megold\u00e1sait! \u00c1tfog\u00f3 kiberbiztons\u00e1g-fel\u00fcgyelet, val\u00f3s idej\u0171 fenyeget\u00e9sdetekt\u00e1l\u00e1s \u00e9s -elh\u00e1r\u00edt\u00e1s. V\u00e9dje meg v\u00e1llalkoz\u00e1s\u00e1t a kibert\u00e1mad\u00e1sokt\u00f3l professzion\u00e1lis Security Operations Center szolg\u00e1ltat\u00e1sunkkal!\",\"breadcrumb\":{\"@id\":\"https:\\\/\\\/itop.hu\\\/soc-2\\\/#breadcrumb\"},\"inLanguage\":\"en-GB\",\"potentialAction\":[{\"@type\":\"ReadAction\",\"target\":[\"https:\\\/\\\/itop.hu\\\/soc-2\\\/\"]}]},{\"@type\":\"BreadcrumbList\",\"@id\":\"https:\\\/\\\/itop.hu\\\/soc-2\\\/#breadcrumb\",\"itemListElement\":[{\"@type\":\"ListItem\",\"position\":1,\"name\":\"Kezd\u0151lap\",\"item\":\"https:\\\/\\\/itop.hu\\\/\"},{\"@type\":\"ListItem\",\"position\":2,\"name\":\"SOC\"}]},{\"@type\":\"WebSite\",\"@id\":\"https:\\\/\\\/itop.hu\\\/#website\",\"url\":\"https:\\\/\\\/itop.hu\\\/\",\"name\":\"itop\",\"description\":\"Ha nyugodtan akar haj\u00f3zni, b\u00edzza r\u00e1nk az \u00fczemeltet\u00e9st!\",\"publisher\":{\"@id\":\"https:\\\/\\\/itop.hu\\\/#organization\"},\"potentialAction\":[{\"@type\":\"SearchAction\",\"target\":{\"@type\":\"EntryPoint\",\"urlTemplate\":\"https:\\\/\\\/itop.hu\\\/?s={search_term_string}\"},\"query-input\":{\"@type\":\"PropertyValueSpecification\",\"valueRequired\":true,\"valueName\":\"search_term_string\"}}],\"inLanguage\":\"en-GB\"},{\"@type\":\"Organization\",\"@id\":\"https:\\\/\\\/itop.hu\\\/#organization\",\"name\":\"itop - A legjobb ITSM megold\u00e1s a piacon! - CMDB - \u00fczemeltet\u00e9s - kiberbiztons\u00e1g\",\"url\":\"https:\\\/\\\/itop.hu\\\/\",\"logo\":{\"@type\":\"ImageObject\",\"inLanguage\":\"en-GB\",\"@id\":\"https:\\\/\\\/itop.hu\\\/#\\\/schema\\\/logo\\\/image\\\/\",\"url\":\"https:\\\/\\\/itop.hu\\\/wp-content\\\/uploads\\\/2024\\\/02\\\/logoitop.png\",\"contentUrl\":\"https:\\\/\\\/itop.hu\\\/wp-content\\\/uploads\\\/2024\\\/02\\\/logoitop.png\",\"width\":144,\"height\":71,\"caption\":\"itop - A legjobb ITSM megold\u00e1s a piacon! - CMDB - \u00fczemeltet\u00e9s - kiberbiztons\u00e1g\"},\"image\":{\"@id\":\"https:\\\/\\\/itop.hu\\\/#\\\/schema\\\/logo\\\/image\\\/\"},\"sameAs\":[\"https:\\\/\\\/www.facebook.com\\\/profile.php?id=61560571456979\"]}]}<\/script>\n<!-- \/ Yoast SEO plugin. -->","yoast_head_json":{"title":"SOC - itop","description":"Fedezze fel az ITOP SOC megold\u00e1sait! \u00c1tfog\u00f3 kiberbiztons\u00e1g-fel\u00fcgyelet, val\u00f3s idej\u0171 fenyeget\u00e9sdetekt\u00e1l\u00e1s \u00e9s -elh\u00e1r\u00edt\u00e1s. V\u00e9dje meg v\u00e1llalkoz\u00e1s\u00e1t a kibert\u00e1mad\u00e1sokt\u00f3l professzion\u00e1lis Security Operations Center szolg\u00e1ltat\u00e1sunkkal!","robots":{"index":"index","follow":"follow","max-snippet":"max-snippet:-1","max-image-preview":"max-image-preview:large","max-video-preview":"max-video-preview:-1"},"canonical":"https:\/\/itop.hu\/eng\/soc-2\/","og_locale":"en_GB","og_type":"article","og_title":"SOC - itop","og_description":"Fedezze fel az ITOP SOC megold\u00e1sait! \u00c1tfog\u00f3 kiberbiztons\u00e1g-fel\u00fcgyelet, val\u00f3s idej\u0171 fenyeget\u00e9sdetekt\u00e1l\u00e1s \u00e9s -elh\u00e1r\u00edt\u00e1s. V\u00e9dje meg v\u00e1llalkoz\u00e1s\u00e1t a kibert\u00e1mad\u00e1sokt\u00f3l professzion\u00e1lis Security Operations Center szolg\u00e1ltat\u00e1sunkkal!","og_url":"https:\/\/itop.hu\/eng\/soc-2\/","og_site_name":"itop","article_publisher":"https:\/\/www.facebook.com\/profile.php?id=61560571456979","article_modified_time":"2024-12-22T10:48:54+00:00","og_image":[{"width":144,"height":71,"url":"https:\/\/itop.hu\/wp-content\/uploads\/2024\/02\/logoitop.png","type":"image\/png"}],"twitter_card":"summary_large_image","twitter_misc":{"Estimated reading time":"2 minutes"},"schema":{"@context":"https:\/\/schema.org","@graph":[{"@type":"WebPage","@id":"https:\/\/itop.hu\/soc-2\/","url":"https:\/\/itop.hu\/soc-2\/","name":"SOC - itop","isPartOf":{"@id":"https:\/\/itop.hu\/#website"},"datePublished":"2024-12-18T12:56:32+00:00","dateModified":"2024-12-22T10:48:54+00:00","description":"Fedezze fel az ITOP SOC megold\u00e1sait! \u00c1tfog\u00f3 kiberbiztons\u00e1g-fel\u00fcgyelet, val\u00f3s idej\u0171 fenyeget\u00e9sdetekt\u00e1l\u00e1s \u00e9s -elh\u00e1r\u00edt\u00e1s. V\u00e9dje meg v\u00e1llalkoz\u00e1s\u00e1t a kibert\u00e1mad\u00e1sokt\u00f3l professzion\u00e1lis Security Operations Center szolg\u00e1ltat\u00e1sunkkal!","breadcrumb":{"@id":"https:\/\/itop.hu\/soc-2\/#breadcrumb"},"inLanguage":"en-GB","potentialAction":[{"@type":"ReadAction","target":["https:\/\/itop.hu\/soc-2\/"]}]},{"@type":"BreadcrumbList","@id":"https:\/\/itop.hu\/soc-2\/#breadcrumb","itemListElement":[{"@type":"ListItem","position":1,"name":"Kezd\u0151lap","item":"https:\/\/itop.hu\/"},{"@type":"ListItem","position":2,"name":"SOC"}]},{"@type":"WebSite","@id":"https:\/\/itop.hu\/#website","url":"https:\/\/itop.hu\/","name":"ITOP","description":"Ha nyugodtan akar haj\u00f3zni, b\u00edzza r\u00e1nk az \u00fczemeltet\u00e9st!","publisher":{"@id":"https:\/\/itop.hu\/#organization"},"potentialAction":[{"@type":"SearchAction","target":{"@type":"EntryPoint","urlTemplate":"https:\/\/itop.hu\/?s={search_term_string}"},"query-input":{"@type":"PropertyValueSpecification","valueRequired":true,"valueName":"search_term_string"}}],"inLanguage":"en-GB"},{"@type":"Organization","@id":"https:\/\/itop.hu\/#organization","name":"itop - A legjobb ITSM megold\u00e1s a piacon! - CMDB - \u00fczemeltet\u00e9s - kiberbiztons\u00e1g","url":"https:\/\/itop.hu\/","logo":{"@type":"ImageObject","inLanguage":"en-GB","@id":"https:\/\/itop.hu\/#\/schema\/logo\/image\/","url":"https:\/\/itop.hu\/wp-content\/uploads\/2024\/02\/logoitop.png","contentUrl":"https:\/\/itop.hu\/wp-content\/uploads\/2024\/02\/logoitop.png","width":144,"height":71,"caption":"itop - A legjobb ITSM megold\u00e1s a piacon! - CMDB - \u00fczemeltet\u00e9s - kiberbiztons\u00e1g"},"image":{"@id":"https:\/\/itop.hu\/#\/schema\/logo\/image\/"},"sameAs":["https:\/\/www.facebook.com\/profile.php?id=61560571456979"]}]}},"_links":{"self":[{"href":"https:\/\/itop.hu\/eng\/wp-json\/wp\/v2\/pages\/793","targetHints":{"allow":["GET"]}}],"collection":[{"href":"https:\/\/itop.hu\/eng\/wp-json\/wp\/v2\/pages"}],"about":[{"href":"https:\/\/itop.hu\/eng\/wp-json\/wp\/v2\/types\/page"}],"author":[{"embeddable":true,"href":"https:\/\/itop.hu\/eng\/wp-json\/wp\/v2\/users\/1"}],"replies":[{"embeddable":true,"href":"https:\/\/itop.hu\/eng\/wp-json\/wp\/v2\/comments?post=793"}],"version-history":[{"count":5,"href":"https:\/\/itop.hu\/eng\/wp-json\/wp\/v2\/pages\/793\/revisions"}],"predecessor-version":[{"id":1066,"href":"https:\/\/itop.hu\/eng\/wp-json\/wp\/v2\/pages\/793\/revisions\/1066"}],"wp:attachment":[{"href":"https:\/\/itop.hu\/eng\/wp-json\/wp\/v2\/media?parent=793"}],"curies":[{"name":"wp","href":"https:\/\/api.w.org\/{rel}","templated":true}]}}