{"id":802,"date":"2024-12-18T13:26:29","date_gmt":"2024-12-18T13:26:29","guid":{"rendered":"https:\/\/itop.hu\/?page_id=802"},"modified":"2024-12-22T10:51:18","modified_gmt":"2024-12-22T10:51:18","slug":"stellar-cyber","status":"publish","type":"page","link":"https:\/\/itop.hu\/eng\/stellar-cyber\/","title":{"rendered":"Stellar Cyber"},"content":{"rendered":"\n[et_pb_section fb_built=&#8221;1&#8243; admin_label=&#8221;Header&#8221; _builder_version=&#8221;4.22.1&#8243; _module_preset=&#8221;default&#8221; background_color=&#8221;#000000&#8243; da_disable_devices=&#8221;off|off|off&#8221; collapsed=&#8221;on&#8221; global_colors_info=&#8221;{}&#8221; da_is_popup=&#8221;off&#8221; da_exit_intent=&#8221;off&#8221; da_has_close=&#8221;on&#8221; da_alt_close=&#8221;off&#8221; da_dark_close=&#8221;off&#8221; da_not_modal=&#8221;on&#8221; da_is_singular=&#8221;off&#8221; da_with_loader=&#8221;off&#8221; da_has_shadow=&#8221;on&#8221;][et_pb_row column_structure=&#8221;3_5,2_5&#8243; _builder_version=&#8221;4.24.2&#8243; _module_preset=&#8221;default&#8221; global_colors_info=&#8221;{}&#8221;][et_pb_column type=&#8221;3_5&#8243; _builder_version=&#8221;4.24.2&#8243; _module_preset=&#8221;default&#8221; custom_padding=&#8221;80px||||false|false&#8221; custom_padding_tablet=&#8221;0px||||false|false&#8221; custom_padding_phone=&#8221;||||false|false&#8221; custom_padding_last_edited=&#8221;on|desktop&#8221; global_colors_info=&#8221;{}&#8221;][et_pb_text _builder_version=&#8221;4.27.4&#8243; _module_preset=&#8221;87713eee-35fc-43a3-9149-bdb8e14298b5&#8243; header_4_text_color=&#8221;gcid-afa30cf2-6f5d-4b9c-aa39-7dbe1ac3b7a3&#8243; global_colors_info=&#8221;{%22gcid-afa30cf2-6f5d-4b9c-aa39-7dbe1ac3b7a3%22:%91%22header_4_text_color%22%93}&#8221;]<h4><span style=\"color: #ff9900;\">ITOP<\/span><\/h4>[\/et_pb_text][et_pb_text _builder_version=&#8221;4.27.4&#8243; _module_preset=&#8221;352597e2-2cd2-4bd9-83f6-ef5ba0a0d9c2&#8243; header_text_color=&#8221;#FFFFFF&#8221; global_colors_info=&#8221;{}&#8221;]<h1><span>Stellar Cyber<\/span><\/h1>[\/et_pb_text][et_pb_text _builder_version=&#8221;4.27.4&#8243; _module_preset=&#8221;default&#8221; global_colors_info=&#8221;{}&#8221;]<p><span style=\"color: #ffffff;\">A Stellar Cyber egy \u00e1tfog\u00f3 kiberbiztons\u00e1gi platform, amely Open XDR (kiterjesztett \u00e9szlel\u00e9s \u00e9s reag\u00e1l\u00e1s) technol\u00f3gi\u00e1t haszn\u00e1l az alkalmaz\u00e1sok \u00e9s adatok maxim\u00e1lis v\u00e9delm\u00e9nek biztos\u00edt\u00e1s\u00e1ra.<\/span><\/p>\n<p><span style=\"color: #ffffff;\">A rendszer egyed\u00fcl\u00e1ll\u00f3 m\u00f3don egyes\u00edti a k\u00fcl\u00f6nb\u00f6z\u0151 biztons\u00e1gi eszk\u00f6z\u00f6ket \u00e9s adatforr\u00e1sokat egyetlen, k\u00f6nnyen kezelhet\u0151 fel\u00fcleten, \u00edgy a biztons\u00e1gi szakemberek hat\u00e9konyabban tudj\u00e1k azonos\u00edtani \u00e9s kezelni a fenyeget\u00e9seket.<\/span><\/p>\n<p><span style=\"color: #ffffff;\">A platform mesters\u00e9ges intelligenci\u00e1t \u00e9s g\u00e9pi tanul\u00e1st alkalmaz a fenyeget\u00e9sek automatikus felismer\u00e9s\u00e9re, ami lehet\u0151v\u00e9 teszi a biztons\u00e1gi incidensek 8-szor gyorsabb \u00e9szlel\u00e9s\u00e9t \u00e9s 20-szor gyorsabb elh\u00e1r\u00edt\u00e1s\u00e1t a hagyom\u00e1nyos megold\u00e1sokhoz k\u00e9pest.<\/span><\/p>\n<p><span style=\"color: #ffffff;\">A Stellar Cyber k\u00fcl\u00f6nlegess\u00e9ge, hogy sz\u00e1mos be\u00e9p\u00edtett biztons\u00e1gi funkci\u00f3t tartalmaz, mint p\u00e9ld\u00e1ul a NG-SIEM, NDR, TIP, IDS \u00e9s SOAR, mik\u00f6zben nyitott rendszerk\u00e9nt k\u00e9pes egy\u00fcttm\u0171k\u00f6dni a megl\u00e9v\u0151 biztons\u00e1gi eszk\u00f6z\u00f6kkel is.<\/span><\/p>[\/et_pb_text][et_pb_text _builder_version=&#8221;4.27.4&#8243; _module_preset=&#8221;default&#8221; global_colors_info=&#8221;{}&#8221;]<p>&nbsp;<\/p>\n<p>&nbsp;<\/p>[\/et_pb_text][et_pb_image src=&#8221;https:\/\/itop.hu\/wp-content\/uploads\/2024\/09\/CyberStellar.webp&#8221; title_text=&#8221;CyberStellar&#8221; align=&#8221;center&#8221; _builder_version=&#8221;4.27.4&#8243; _module_preset=&#8221;default&#8221; animation_style=&#8221;roll&#8221; global_colors_info=&#8221;{}&#8221;][\/et_pb_image][\/et_pb_column][et_pb_column type=&#8221;2_5&#8243; _builder_version=&#8221;4.22.1&#8243; _module_preset=&#8221;default&#8221; global_colors_info=&#8221;{}&#8221;][et_pb_image src=&#8221;https:\/\/itop.hu\/wp-content\/uploads\/2024\/12\/augmented-reality-illustration-03@2x.png&#8221; title_text=&#8221;augmented-reality-illustration-03@2x&#8221; _builder_version=&#8221;4.24.2&#8243; _module_preset=&#8221;default&#8221; custom_margin=&#8221;|-10vw|||false|false&#8221; custom_margin_tablet=&#8221;|0vw||0vw|false|true&#8221; custom_margin_phone=&#8221;|0vw||0vw|false|true&#8221; custom_margin_last_edited=&#8221;on|tablet&#8221; scroll_fade_enable=&#8221;on&#8221; scroll_fade=&#8221;0|40|40|100|100%|100|30%&#8221; scroll_scaling_enable=&#8221;on&#8221; scroll_scaling=&#8221;0|50|50|100|100%|100|110%&#8221; scroll_blur_enable=&#8221;on&#8221; scroll_blur=&#8221;0|40|60|100|0px|0px|10px&#8221; motion_trigger_start=&#8221;bottom&#8221; global_colors_info=&#8221;{}&#8221;][\/et_pb_image][\/et_pb_column][\/et_pb_row][et_pb_row column_structure=&#8221;1_2,1_2&#8243; _builder_version=&#8221;4.27.4&#8243; _module_preset=&#8221;default&#8221; global_colors_info=&#8221;{}&#8221;][et_pb_column type=&#8221;1_2&#8243; _builder_version=&#8221;4.27.4&#8243; _module_preset=&#8221;default&#8221; global_colors_info=&#8221;{}&#8221;][et_pb_text _builder_version=&#8221;4.27.4&#8243; _module_preset=&#8221;default&#8221; global_colors_info=&#8221;{}&#8221;]<p style=\"text-align: justify;\"><span style=\"color: #ffffff;\"><strong>Rendszer m\u0171k\u00f6d\u00e9si elvei<\/strong><\/span><\/p>\n<p style=\"text-align: justify;\"><span style=\"color: #ffffff;\"><strong><\/strong><\/span><\/p>\n<ul>\n<li style=\"text-align: justify;\"><span style=\"color: #ffffff;\">CIO-k, IBF-ek \u00e9s IT \u00dczemvezet\u0151k mindig ilyen rendszert kerestek: Egy fel\u00fcleten megjelen\u00edti, hogy mi t\u00f6rt\u00e9nik a h\u00e1tt\u00e9rben \u00e9s automatikusan reag\u00e1l<\/span><\/li>\n<li style=\"text-align: justify;\"><span style=\"color: #ffffff;\">J\u00f6v\u0151biztos megold\u00e1sok: Ny\u00edlt XDR architecht\u00fara, ami biztos\u00edtja a befektet\u00e9sek v\u00e9delm\u00e9t \u00e9s j\u00f6v\u0151beli kompatibilit\u00e1st<\/span><\/li>\n<li style=\"text-align: justify;\"><span style=\"color: #ffffff;\">Teljes l\u00e1that\u00f3s\u00e1g IT, OT \u00e9s biztons\u00e1gi k\u00f6rnyezetek \u00e1tfog\u00f3 megfigyel\u00e9se<\/span><\/li>\n<li style=\"text-align: justify;\"><span style=\"color: #ffffff;\">Automatiz\u00e1lt \u00e9s integr\u00e1lt v\u00e1laszad\u00e1s \u2013 t\u00f6bb funkci\u00f3 egyes\u00edt\u00e9se egy platformon, amely jav\u00edtja az elemz\u0151k hat\u00e9konys\u00e1g\u00e1t<\/span><\/li>\n<li style=\"text-align: justify;\"><span style=\"color: #ffffff;\">Normaliz\u00e1lja \u00e9s kib\u0151v\u00edti az \u00f6sszes biztons\u00e1gi adatot, bele\u00e9rtve a v\u00e9gpontokat, a h\u00e1l\u00f3zatot, a felh\u0151t \u00e9s a bejelentkez\u00e9seket, amiket egyetlen t\u00e1rol\u00f3ba r\u00f6gz\u00edt.<\/span><\/li>\n<li style=\"text-align: justify;\"><span style=\"color: #ffffff;\">Automatikusan \u00e9szleli \u00e9s korrel\u00e1lja a riaszt\u00e1sokat a szabadalmaztatott multimod\u00e1lis fenyeget\u00e9s\u00e9szlel\u0151 motorral, ami g\u00e9pi tanul\u00e1ssal van kieg\u00e9sz\u00edtve.<\/span><\/li>\n<li style=\"text-align: justify;\"><span style=\"color: #ffffff;\">Felgyors\u00edtja a fenyeget\u00e9svizsg\u00e1latokat \u00e9s a fenyeget\u00e9sfelismer\u00e9st kontextu\u00e1lis adatokkal \u00e9s korrel\u00e1lt esem\u00e9nyekkel.<\/span><\/li>\n<\/ul>[\/et_pb_text][\/et_pb_column][et_pb_column type=&#8221;1_2&#8243; _builder_version=&#8221;4.27.4&#8243; _module_preset=&#8221;default&#8221; global_colors_info=&#8221;{}&#8221;][et_pb_text _builder_version=&#8221;4.27.4&#8243; _module_preset=&#8221;default&#8221; global_colors_info=&#8221;{}&#8221;]<p style=\"text-align: justify;\"><span style=\"color: #ffffff;\"><strong>El\u0151nyei<\/strong><\/span><\/p>\n<p style=\"text-align: justify;\"><span style=\"color: #ffffff;\"><strong><\/strong><\/span><\/p>\n<ul>\n<li style=\"text-align: justify;\"><span style=\"color: #ffffff;\">A jobb l\u00e1that\u00f3s\u00e1g cs\u00f6kkenti a s\u00e9r\u00fcl\u00e9kenys\u00e9g kock\u00e1zat\u00e1t.<\/span><\/li>\n<li style=\"text-align: justify;\"><span style=\"color: #ffffff;\">Dr\u00e1mai n\u00f6veked\u00e9s a biztons\u00e1gi elemz\u00e9sben, a m\u0171k\u00f6d\u00e9sben, \u00e9s a hat\u00e9konys\u00e1gban.<\/span><\/li>\n<li style=\"text-align: justify;\"><span style=\"color: #ffffff;\">Cs\u00f6kkenti a t\u00e1mad\u00f3 tart\u00f3zkod\u00e1si idej\u00e9t, minimaliz\u00e1lva a t\u00e1mad\u00e1s hat\u00e1s\u00e1t.<\/span><\/li>\n<li style=\"text-align: justify;\"><span style=\"color: #ffffff;\">Jav\u00edtja a megl\u00e9v\u0151 biztons\u00e1gi rendszerek k\u00f6lts\u00e9g\u00e9nek megt\u00e9r\u00fcl\u00e9s\u00e9t (ROI-j\u00e1t).<\/span><\/li>\n<\/ul>[\/et_pb_text][et_pb_text _builder_version=&#8221;4.27.4&#8243; _module_preset=&#8221;default&#8221; global_colors_info=&#8221;{}&#8221;][\/et_pb_text][et_pb_button button_url=&#8221;https:\/\/stellarcyber.ai\/wp-content\/uploads\/2023\/11\/01-23_Sensors_Datasheet_v7.pdf&#8221; url_new_window=&#8221;on&#8221; button_text=&#8221;Stellar Cyber szenzorok list\u00e1ja&#8221; button_alignment=&#8221;center&#8221; _builder_version=&#8221;4.27.4&#8243; _module_preset=&#8221;default&#8221; custom_button=&#8221;on&#8221; button_text_color=&#8221;#FFFFFF&#8221; button_bg_color=&#8221;#8300E9&#8243; button_border_width=&#8221;0px&#8221; button_border_radius=&#8221;21px&#8221; button_icon=&#8221;&#x3d;||divi||400&#8243; global_colors_info=&#8221;{}&#8221;][\/et_pb_button][\/et_pb_column][\/et_pb_row][et_pb_row column_structure=&#8221;3_5,2_5&#8243; _builder_version=&#8221;4.27.4&#8243; _module_preset=&#8221;default&#8221; global_colors_info=&#8221;{}&#8221;][et_pb_column type=&#8221;3_5&#8243; _builder_version=&#8221;4.27.4&#8243; _module_preset=&#8221;default&#8221; global_colors_info=&#8221;{}&#8221;][et_pb_button button_text=&#8221;AJ\u00c1NLATOT K\u00c9REK&#8221; button_alignment=&#8221;center&#8221; _builder_version=&#8221;4.27.4&#8243; _module_preset=&#8221;default&#8221; custom_button=&#8221;on&#8221; button_text_color=&#8221;#FFFFFF&#8221; button_bg_color=&#8221;#8300E9&#8243; button_border_width=&#8221;0px&#8221; button_border_radius=&#8221;21px&#8221; button_icon=&#8221;&#x3d;||divi||400&#8243; hover_enabled=&#8221;0&#8243; global_colors_info=&#8221;{}&#8221; button_url=&#8221;https:\/\/itop.hu\/kapcsolat\/&#8221; sticky_enabled=&#8221;0&#8243;][\/et_pb_button][\/et_pb_column][et_pb_column type=&#8221;2_5&#8243; _builder_version=&#8221;4.27.4&#8243; _module_preset=&#8221;default&#8221; global_colors_info=&#8221;{}&#8221;][et_pb_image src=&#8221;https:\/\/itop.hu\/wp-content\/uploads\/2024\/12\/stellararchitect.webp&#8221; title_text=&#8221;stellararchitect&#8221; show_in_lightbox=&#8221;on&#8221; _builder_version=&#8221;4.27.4&#8243; _module_preset=&#8221;default&#8221; box_shadow_style=&#8221;preset2&#8243; box_shadow_color=&#8221;#FFFFFF&#8221; global_colors_info=&#8221;{}&#8221;][\/et_pb_image][\/et_pb_column][\/et_pb_row][\/et_pb_section][et_pb_section fb_built=&#8221;1&#8243; admin_label=&#8221;Footer&#8221; _builder_version=&#8221;4.24.2&#8243; _module_preset=&#8221;default&#8221; background_color=&#8221;#000000&#8243; use_background_color_gradient=&#8221;on&#8221; background_color_gradient_stops=&#8221;#000000 10%|rgba(0,0,0,0.5) 50%|#000000 90%&#8221; background_color_gradient_overlays_image=&#8221;on&#8221; background_image=&#8221;https:\/\/itop.hu\/wp-content\/uploads\/2024\/12\/augmented-reality-2.jpg&#8221; background_enable_image=&#8221;off&#8221; custom_padding=&#8221;6vw||6vw||true|false&#8221; da_disable_devices=&#8221;off|off|off&#8221; saved_tabs=&#8221;all&#8221; collapsed=&#8221;on&#8221; global_colors_info=&#8221;{}&#8221; da_is_popup=&#8221;off&#8221; da_exit_intent=&#8221;off&#8221; da_has_close=&#8221;on&#8221; da_alt_close=&#8221;off&#8221; da_dark_close=&#8221;off&#8221; da_not_modal=&#8221;on&#8221; da_is_singular=&#8221;off&#8221; da_with_loader=&#8221;off&#8221; da_has_shadow=&#8221;on&#8221;][et_pb_row _builder_version=&#8221;4.24.2&#8243; _module_preset=&#8221;default&#8221; global_colors_info=&#8221;{}&#8221;][et_pb_column type=&#8221;4_4&#8243; _builder_version=&#8221;4.22.1&#8243; _module_preset=&#8221;default&#8221; global_colors_info=&#8221;{}&#8221;][et_pb_image src=&#8221;https:\/\/itop.hu\/wp-content\/uploads\/2024\/12\/logobluebackground-300&#215;143.webp&#8221; title_text=&#8221;logobluebackground&#8221; _builder_version=&#8221;4.27.4&#8243; _module_preset=&#8221;default&#8221; max_height=&#8221;56px&#8221; global_colors_info=&#8221;{}&#8221;][\/et_pb_image][et_pb_text _builder_version=&#8221;4.27.4&#8243; _dynamic_attributes=&#8221;content&#8221; _module_preset=&#8221;87713eee-35fc-43a3-9149-bdb8e14298b5&#8243; header_4_text_color=&#8221;#FFFFFF&#8221; locked=&#8221;off&#8221; global_colors_info=&#8221;{}&#8221;]@ET-DC@eyJkeW5hbWljIjp0cnVlLCJjb250ZW50IjoiY3VycmVudF9kYXRlIiwic2V0dGluZ3MiOnsiYmVmb3JlIjoiPGg0PkNvcHlyaWdodCAmY29weTsgIiwiYWZ0ZXIiOiIgIElUT1AuSFUgIEFsbCBSaWdodHMgUmVzZXJ2ZWQuPC9oND4iLCJkYXRlX2Zvcm1hdCI6ImN1c3RvbSIsImN1c3RvbV9kYXRlX2Zvcm1hdCI6IlkifX0=@[\/et_pb_text][\/et_pb_column][\/et_pb_row][\/et_pb_section]\n","protected":false},"excerpt":{"rendered":"<p>ITOPStellar CyberA Stellar Cyber egy \u00e1tfog\u00f3 kiberbiztons\u00e1gi platform, amely Open XDR (kiterjesztett \u00e9szlel\u00e9s \u00e9s reag\u00e1l\u00e1s) technol\u00f3gi\u00e1t haszn\u00e1l az alkalmaz\u00e1sok \u00e9s adatok maxim\u00e1lis v\u00e9delm\u00e9nek biztos\u00edt\u00e1s\u00e1ra. A rendszer egyed\u00fcl\u00e1ll\u00f3 m\u00f3don egyes\u00edti a k\u00fcl\u00f6nb\u00f6z\u0151 biztons\u00e1gi eszk\u00f6z\u00f6ket \u00e9s adatforr\u00e1sokat egyetlen, k\u00f6nnyen kezelhet\u0151 fel\u00fcleten, \u00edgy a biztons\u00e1gi szakemberek hat\u00e9konyabban tudj\u00e1k azonos\u00edtani \u00e9s kezelni a fenyeget\u00e9seket. A platform mesters\u00e9ges intelligenci\u00e1t \u00e9s [&hellip;]<\/p>\n","protected":false},"author":1,"featured_media":0,"parent":0,"menu_order":0,"comment_status":"closed","ping_status":"closed","template":"","meta":{"_et_pb_use_builder":"on","_et_pb_old_content":"","_et_gb_content_width":"","footnotes":""},"class_list":["post-802","page","type-page","status-publish","hentry"],"yoast_head":"<!-- This site is optimized with the Yoast SEO plugin v27.5 - https:\/\/yoast.com\/product\/yoast-seo-wordpress\/ -->\n<title>Stellar Cyber - itop<\/title>\n<meta name=\"description\" content=\"Ismerje meg a Stellar Cyber platformot az ITOP-t\u00f3l! Integr\u00e1lt kiberbiztons\u00e1gi megold\u00e1s, amely val\u00f3s idej\u0171 fenyeget\u00e9sdetekt\u00e1l\u00e1st \u00e9s -elh\u00e1r\u00edt\u00e1st k\u00edn\u00e1l. Fokozza v\u00e9delm\u00e9t innovat\u00edv technol\u00f3gi\u00e1val!\" \/>\n<meta name=\"robots\" content=\"index, follow, max-snippet:-1, max-image-preview:large, max-video-preview:-1\" \/>\n<link rel=\"canonical\" href=\"https:\/\/itop.hu\/eng\/stellar-cyber\/\" \/>\n<meta property=\"og:locale\" content=\"en_GB\" \/>\n<meta property=\"og:type\" content=\"article\" \/>\n<meta property=\"og:title\" content=\"Stellar Cyber - itop\" \/>\n<meta property=\"og:description\" content=\"Ismerje meg a Stellar Cyber platformot az ITOP-t\u00f3l! Integr\u00e1lt kiberbiztons\u00e1gi megold\u00e1s, amely val\u00f3s idej\u0171 fenyeget\u00e9sdetekt\u00e1l\u00e1st \u00e9s -elh\u00e1r\u00edt\u00e1st k\u00edn\u00e1l. Fokozza v\u00e9delm\u00e9t innovat\u00edv technol\u00f3gi\u00e1val!\" \/>\n<meta property=\"og:url\" content=\"https:\/\/itop.hu\/eng\/stellar-cyber\/\" \/>\n<meta property=\"og:site_name\" content=\"itop\" \/>\n<meta property=\"article:publisher\" content=\"https:\/\/www.facebook.com\/profile.php?id=61560571456979\" \/>\n<meta property=\"article:modified_time\" content=\"2024-12-22T10:51:18+00:00\" \/>\n<meta property=\"og:image\" content=\"https:\/\/itop.hu\/wp-content\/uploads\/2024\/02\/logoitop.png\" \/>\n\t<meta property=\"og:image:width\" content=\"144\" \/>\n\t<meta property=\"og:image:height\" content=\"71\" \/>\n\t<meta property=\"og:image:type\" content=\"image\/png\" \/>\n<meta name=\"twitter:card\" content=\"summary_large_image\" \/>\n<meta name=\"twitter:label1\" content=\"Estimated reading time\" \/>\n\t<meta name=\"twitter:data1\" content=\"3 minutes\" \/>\n<script type=\"application\/ld+json\" class=\"yoast-schema-graph\">{\"@context\":\"https:\\\/\\\/schema.org\",\"@graph\":[{\"@type\":\"WebPage\",\"@id\":\"https:\\\/\\\/itop.hu\\\/stellar-cyber\\\/\",\"url\":\"https:\\\/\\\/itop.hu\\\/stellar-cyber\\\/\",\"name\":\"Stellar Cyber - itop\",\"isPartOf\":{\"@id\":\"https:\\\/\\\/itop.hu\\\/#website\"},\"datePublished\":\"2024-12-18T13:26:29+00:00\",\"dateModified\":\"2024-12-22T10:51:18+00:00\",\"description\":\"Ismerje meg a Stellar Cyber platformot az ITOP-t\u00f3l! Integr\u00e1lt kiberbiztons\u00e1gi megold\u00e1s, amely val\u00f3s idej\u0171 fenyeget\u00e9sdetekt\u00e1l\u00e1st \u00e9s -elh\u00e1r\u00edt\u00e1st k\u00edn\u00e1l. Fokozza v\u00e9delm\u00e9t innovat\u00edv technol\u00f3gi\u00e1val!\",\"breadcrumb\":{\"@id\":\"https:\\\/\\\/itop.hu\\\/stellar-cyber\\\/#breadcrumb\"},\"inLanguage\":\"en-GB\",\"potentialAction\":[{\"@type\":\"ReadAction\",\"target\":[\"https:\\\/\\\/itop.hu\\\/stellar-cyber\\\/\"]}]},{\"@type\":\"BreadcrumbList\",\"@id\":\"https:\\\/\\\/itop.hu\\\/stellar-cyber\\\/#breadcrumb\",\"itemListElement\":[{\"@type\":\"ListItem\",\"position\":1,\"name\":\"Kezd\u0151lap\",\"item\":\"https:\\\/\\\/itop.hu\\\/\"},{\"@type\":\"ListItem\",\"position\":2,\"name\":\"Stellar Cyber\"}]},{\"@type\":\"WebSite\",\"@id\":\"https:\\\/\\\/itop.hu\\\/#website\",\"url\":\"https:\\\/\\\/itop.hu\\\/\",\"name\":\"itop\",\"description\":\"Ha nyugodtan akar haj\u00f3zni, b\u00edzza r\u00e1nk az \u00fczemeltet\u00e9st!\",\"publisher\":{\"@id\":\"https:\\\/\\\/itop.hu\\\/#organization\"},\"potentialAction\":[{\"@type\":\"SearchAction\",\"target\":{\"@type\":\"EntryPoint\",\"urlTemplate\":\"https:\\\/\\\/itop.hu\\\/?s={search_term_string}\"},\"query-input\":{\"@type\":\"PropertyValueSpecification\",\"valueRequired\":true,\"valueName\":\"search_term_string\"}}],\"inLanguage\":\"en-GB\"},{\"@type\":\"Organization\",\"@id\":\"https:\\\/\\\/itop.hu\\\/#organization\",\"name\":\"itop - A legjobb ITSM megold\u00e1s a piacon! - CMDB - \u00fczemeltet\u00e9s - kiberbiztons\u00e1g\",\"url\":\"https:\\\/\\\/itop.hu\\\/\",\"logo\":{\"@type\":\"ImageObject\",\"inLanguage\":\"en-GB\",\"@id\":\"https:\\\/\\\/itop.hu\\\/#\\\/schema\\\/logo\\\/image\\\/\",\"url\":\"https:\\\/\\\/itop.hu\\\/wp-content\\\/uploads\\\/2024\\\/02\\\/logoitop.png\",\"contentUrl\":\"https:\\\/\\\/itop.hu\\\/wp-content\\\/uploads\\\/2024\\\/02\\\/logoitop.png\",\"width\":144,\"height\":71,\"caption\":\"itop - A legjobb ITSM megold\u00e1s a piacon! - CMDB - \u00fczemeltet\u00e9s - kiberbiztons\u00e1g\"},\"image\":{\"@id\":\"https:\\\/\\\/itop.hu\\\/#\\\/schema\\\/logo\\\/image\\\/\"},\"sameAs\":[\"https:\\\/\\\/www.facebook.com\\\/profile.php?id=61560571456979\"]}]}<\/script>\n<!-- \/ Yoast SEO plugin. -->","yoast_head_json":{"title":"Stellar Cyber - itop","description":"Ismerje meg a Stellar Cyber platformot az ITOP-t\u00f3l! Integr\u00e1lt kiberbiztons\u00e1gi megold\u00e1s, amely val\u00f3s idej\u0171 fenyeget\u00e9sdetekt\u00e1l\u00e1st \u00e9s -elh\u00e1r\u00edt\u00e1st k\u00edn\u00e1l. Fokozza v\u00e9delm\u00e9t innovat\u00edv technol\u00f3gi\u00e1val!","robots":{"index":"index","follow":"follow","max-snippet":"max-snippet:-1","max-image-preview":"max-image-preview:large","max-video-preview":"max-video-preview:-1"},"canonical":"https:\/\/itop.hu\/eng\/stellar-cyber\/","og_locale":"en_GB","og_type":"article","og_title":"Stellar Cyber - itop","og_description":"Ismerje meg a Stellar Cyber platformot az ITOP-t\u00f3l! Integr\u00e1lt kiberbiztons\u00e1gi megold\u00e1s, amely val\u00f3s idej\u0171 fenyeget\u00e9sdetekt\u00e1l\u00e1st \u00e9s -elh\u00e1r\u00edt\u00e1st k\u00edn\u00e1l. Fokozza v\u00e9delm\u00e9t innovat\u00edv technol\u00f3gi\u00e1val!","og_url":"https:\/\/itop.hu\/eng\/stellar-cyber\/","og_site_name":"itop","article_publisher":"https:\/\/www.facebook.com\/profile.php?id=61560571456979","article_modified_time":"2024-12-22T10:51:18+00:00","og_image":[{"width":144,"height":71,"url":"https:\/\/itop.hu\/wp-content\/uploads\/2024\/02\/logoitop.png","type":"image\/png"}],"twitter_card":"summary_large_image","twitter_misc":{"Estimated reading time":"3 minutes"},"schema":{"@context":"https:\/\/schema.org","@graph":[{"@type":"WebPage","@id":"https:\/\/itop.hu\/stellar-cyber\/","url":"https:\/\/itop.hu\/stellar-cyber\/","name":"Stellar Cyber - itop","isPartOf":{"@id":"https:\/\/itop.hu\/#website"},"datePublished":"2024-12-18T13:26:29+00:00","dateModified":"2024-12-22T10:51:18+00:00","description":"Ismerje meg a Stellar Cyber platformot az ITOP-t\u00f3l! Integr\u00e1lt kiberbiztons\u00e1gi megold\u00e1s, amely val\u00f3s idej\u0171 fenyeget\u00e9sdetekt\u00e1l\u00e1st \u00e9s -elh\u00e1r\u00edt\u00e1st k\u00edn\u00e1l. Fokozza v\u00e9delm\u00e9t innovat\u00edv technol\u00f3gi\u00e1val!","breadcrumb":{"@id":"https:\/\/itop.hu\/stellar-cyber\/#breadcrumb"},"inLanguage":"en-GB","potentialAction":[{"@type":"ReadAction","target":["https:\/\/itop.hu\/stellar-cyber\/"]}]},{"@type":"BreadcrumbList","@id":"https:\/\/itop.hu\/stellar-cyber\/#breadcrumb","itemListElement":[{"@type":"ListItem","position":1,"name":"Kezd\u0151lap","item":"https:\/\/itop.hu\/"},{"@type":"ListItem","position":2,"name":"Stellar Cyber"}]},{"@type":"WebSite","@id":"https:\/\/itop.hu\/#website","url":"https:\/\/itop.hu\/","name":"ITOP","description":"Ha nyugodtan akar haj\u00f3zni, b\u00edzza r\u00e1nk az \u00fczemeltet\u00e9st!","publisher":{"@id":"https:\/\/itop.hu\/#organization"},"potentialAction":[{"@type":"SearchAction","target":{"@type":"EntryPoint","urlTemplate":"https:\/\/itop.hu\/?s={search_term_string}"},"query-input":{"@type":"PropertyValueSpecification","valueRequired":true,"valueName":"search_term_string"}}],"inLanguage":"en-GB"},{"@type":"Organization","@id":"https:\/\/itop.hu\/#organization","name":"itop - A legjobb ITSM megold\u00e1s a piacon! - CMDB - \u00fczemeltet\u00e9s - kiberbiztons\u00e1g","url":"https:\/\/itop.hu\/","logo":{"@type":"ImageObject","inLanguage":"en-GB","@id":"https:\/\/itop.hu\/#\/schema\/logo\/image\/","url":"https:\/\/itop.hu\/wp-content\/uploads\/2024\/02\/logoitop.png","contentUrl":"https:\/\/itop.hu\/wp-content\/uploads\/2024\/02\/logoitop.png","width":144,"height":71,"caption":"itop - A legjobb ITSM megold\u00e1s a piacon! - CMDB - \u00fczemeltet\u00e9s - kiberbiztons\u00e1g"},"image":{"@id":"https:\/\/itop.hu\/#\/schema\/logo\/image\/"},"sameAs":["https:\/\/www.facebook.com\/profile.php?id=61560571456979"]}]}},"_links":{"self":[{"href":"https:\/\/itop.hu\/eng\/wp-json\/wp\/v2\/pages\/802","targetHints":{"allow":["GET"]}}],"collection":[{"href":"https:\/\/itop.hu\/eng\/wp-json\/wp\/v2\/pages"}],"about":[{"href":"https:\/\/itop.hu\/eng\/wp-json\/wp\/v2\/types\/page"}],"author":[{"embeddable":true,"href":"https:\/\/itop.hu\/eng\/wp-json\/wp\/v2\/users\/1"}],"replies":[{"embeddable":true,"href":"https:\/\/itop.hu\/eng\/wp-json\/wp\/v2\/comments?post=802"}],"version-history":[{"count":5,"href":"https:\/\/itop.hu\/eng\/wp-json\/wp\/v2\/pages\/802\/revisions"}],"predecessor-version":[{"id":1068,"href":"https:\/\/itop.hu\/eng\/wp-json\/wp\/v2\/pages\/802\/revisions\/1068"}],"wp:attachment":[{"href":"https:\/\/itop.hu\/eng\/wp-json\/wp\/v2\/media?parent=802"}],"curies":[{"name":"wp","href":"https:\/\/api.w.org\/{rel}","templated":true}]}}