{"id":813,"date":"2024-12-18T14:11:28","date_gmt":"2024-12-18T14:11:28","guid":{"rendered":"https:\/\/itop.hu\/?page_id=813"},"modified":"2024-12-22T10:32:01","modified_gmt":"2024-12-22T10:32:01","slug":"deep-instinct","status":"publish","type":"page","link":"https:\/\/itop.hu\/eng\/deep-instinct\/","title":{"rendered":"Deep Instinct"},"content":{"rendered":"\n[et_pb_section fb_built=&#8221;1&#8243; admin_label=&#8221;Showcase&#8221; _builder_version=&#8221;4.22.1&#8243; _module_preset=&#8221;default&#8221; background_color=&#8221;#000000&#8243; da_disable_devices=&#8221;off|off|off&#8221; collapsed=&#8221;on&#8221; global_colors_info=&#8221;{}&#8221; da_is_popup=&#8221;off&#8221; da_exit_intent=&#8221;off&#8221; da_has_close=&#8221;on&#8221; da_alt_close=&#8221;off&#8221; da_dark_close=&#8221;off&#8221; da_not_modal=&#8221;on&#8221; da_is_singular=&#8221;off&#8221; da_with_loader=&#8221;off&#8221; da_has_shadow=&#8221;on&#8221;][et_pb_row _builder_version=&#8221;4.22.1&#8243; _module_preset=&#8221;default&#8221; global_colors_info=&#8221;{}&#8221;][et_pb_column type=&#8221;4_4&#8243; _builder_version=&#8221;4.22.1&#8243; _module_preset=&#8221;default&#8221; global_colors_info=&#8221;{}&#8221;][et_pb_text _builder_version=&#8221;4.27.4&#8243; _module_preset=&#8221;d7ff9b9f-77f3-44a9-8819-610aa63f35bc&#8221; header_4_text_color=&#8221;gcid-afa30cf2-6f5d-4b9c-aa39-7dbe1ac3b7a3&#8243; global_colors_info=&#8221;{%22gcid-afa30cf2-6f5d-4b9c-aa39-7dbe1ac3b7a3%22:%91%22header_4_text_color%22%93}&#8221;]<h4><span style=\"color: #ff6600;\">ITOP.HU<\/span><\/h4>[\/et_pb_text][et_pb_text _builder_version=&#8221;4.27.4&#8243; _module_preset=&#8221;ab27f7e8-2d94-4a69-95d4-59b38dbd2230&#8243; header_2_text_color=&#8221;#FFFFFF&#8221; global_colors_info=&#8221;{}&#8221;]<h2><strong>Deep Instinct<\/strong><\/h2>[\/et_pb_text][\/et_pb_column][\/et_pb_row][et_pb_row column_structure=&#8221;2_5,3_5&#8243; _builder_version=&#8221;4.22.1&#8243; _module_preset=&#8221;default&#8221; global_colors_info=&#8221;{}&#8221;][et_pb_column type=&#8221;2_5&#8243; _builder_version=&#8221;4.22.1&#8243; _module_preset=&#8221;default&#8221; global_colors_info=&#8221;{}&#8221;][et_pb_image src=&#8221;https:\/\/itop.hu\/wp-content\/uploads\/2024\/12\/augmented-reality-illustration-07@2x.png&#8221; title_text=&#8221;augmented-reality-illustration-07@2x&#8221; _builder_version=&#8221;4.24.2&#8243; _module_preset=&#8221;default&#8221; max_height_tablet=&#8221;400px&#8221; max_height_phone=&#8221;400px&#8221; max_height_last_edited=&#8221;on|tablet&#8221; custom_margin=&#8221;|||-30vw|false|false&#8221; custom_margin_tablet=&#8221;||-40vw|-30vw|false|false&#8221; custom_margin_phone=&#8221;||-40vw|-30vw|false|false&#8221; custom_margin_last_edited=&#8221;on|tablet&#8221; scroll_vertical_motion_enable=&#8221;on&#8221; scroll_vertical_motion=&#8221;0|50|50|100|1|0|-1&#8243; global_colors_info=&#8221;{}&#8221;][\/et_pb_image][\/et_pb_column][et_pb_column type=&#8221;3_5&#8243; _builder_version=&#8221;4.22.1&#8243; _module_preset=&#8221;default&#8221; global_colors_info=&#8221;{}&#8221;][et_pb_text _builder_version=&#8221;4.27.4&#8243; _module_preset=&#8221;73c9a66b-bf29-4475-9336-2b71d706fc80&#8243; text_text_color=&#8221;#FFFFFF&#8221; global_colors_info=&#8221;{}&#8221;]<p style=\"text-align: justify;\"><span style=\"color: #ffffff;\">Vil\u00e1g els\u0151, kifejezetten m\u00e9lytanul\u00e1sra \u00e9p\u00fcl\u0151 kiberbiztons\u00e1gi keretrendszer\u00e9t haszn\u00e1lja a megel\u0151z\u00e9sre. A DSX Brain nev\u0171 m\u00e9lytanul\u00e1si motorja k\u00e9pes val\u00f3s id\u0151ben azonos\u00edtani \u00e9s megakad\u00e1lyozni a zero-day \u00e9s ismeretlen fenyeget\u00e9seket kevesebb, mint 20 milliszekundum alatt.<\/span><\/p>\n<p style=\"text-align: justify;\">\n<ul>\n<li style=\"text-align: justify;\"><span style=\"color: #ffffff;\">M\u00e9lytanul\u00e1s alap\u00fa v\u00e9delem, amely k\u00e9pes az ismert, az ismeretlen \u00e9s a zero-day fenyeget\u00e9sek megel\u0151z\u00e9s\u00e9re gyorsan \u00e9s pontosan<\/span><\/li>\n<li style=\"text-align: justify;\"><span style=\"color: #ffffff;\">Alacsony falspozit\u00edv: kevesebb, mint 0,1%, ami hat\u00e9konys\u00e1got n\u00f6veli<\/span><\/li>\n<li style=\"text-align: justify;\"><span style=\"color: #ffffff;\">A be\u00e9p\u00edtett AI alap\u00fa m\u0171k\u00f6d\u00e9s miatt a rendszer friss\u00edt\u00e9se n\u00e9lk\u00fcl is felismeri \u00e9s blokkolja az \u00e9vek m\u00falva megjelen\u0151 fenyeget\u00e9seket is, ez\u00e9rt offline m\u00f3dban is m\u0171k\u00f6dik huzamosabb ideig, mert a d\u00f6nt\u00e9sek mindig lok\u00e1lisan t\u00f6rt\u00e9nnek<\/span><\/li>\n<li style=\"text-align: justify;\"><span style=\"color: #ffffff;\">Nincsenek rendszeres teljes keres\u00e9sek<\/span><\/li>\n<li style=\"text-align: justify;\"><span style=\"color: #ffffff;\">A futtat\u00e1s el\u0151tti statikus elemz\u00e9s megakad\u00e1lyozza az ismert \u00e9s ismeretlen rosszindulat\u00fa programok, f\u00e1jl- \u00e9s szkript alap\u00fa t\u00e1mad\u00e1sok t\u00f6bb, mint 99%-\u00e1t.<\/span><\/li>\n<li style=\"text-align: justify;\"><span style=\"color: #ffffff;\">A v\u00e9grehajt\u00e1s k\u00f6zbeni dinamikus \u00e9s viselked\u00e9selemz\u00e9s \u00e9szleli a fejlett fenyeget\u00e9seket is (f\u00e1jl n\u00e9lk\u00fcli, k\u00f3dbefecskendez\u00e9s, mem\u00f3ria) \u00e9s automatikusan blokkolja azokat.<\/span><\/li>\n<li style=\"text-align: justify;\"><span style=\"color: #ffffff;\">Opcion\u00e1lisan a futtat\u00e1s ut\u00e1ni reput\u00e1ci\u00f3 anal\u00edzis fel\u00fclb\u00edr\u00e1lja a h\u00e1zirenden \u00e9s az import\u00e1lt szab\u00e1lyokon alapul\u00f3 d\u00f6nt\u00e9seket.<\/span><\/li>\n<li style=\"text-align: justify;\"><span style=\"color: #ffffff;\">K\u00f6nnyen integr\u00e1lhat\u00f3 a Stellar Cyber OpenSOC rendszerrel \u00e9s egy\u00e9b SIEM, EDR, SOAR term\u00e9kekkel a v\u00e1laszok automatiz\u00e1l\u00e1s\u00e1ra.<\/span><\/li>\n<li style=\"text-align: justify;\"><span style=\"color: #ffffff;\">Meg\u00e1ll\u00edtja a t\u00f6bbl\u00e9pcs\u0151s, \u00f6sszetett ransomware t\u00e1mad\u00e1sokat<\/span><\/li>\n<li style=\"text-align: justify;\"><span style=\"color: #ffffff;\">R\u00e9szletes megel\u0151z\u00e9st hajt v\u00e9gre a legt\u00f6bb \u00f6sszetett t\u00e1mad\u00e1s ellen.<\/span><\/li>\n<\/ul>[\/et_pb_text][et_pb_button button_text=&#8221;AJ\u00c1NLATOT K\u00c9REK&#8221; button_alignment=&#8221;center&#8221; _builder_version=&#8221;4.27.4&#8243; _module_preset=&#8221;335e27ac-377f-4187-b168-fef0b676b990&#8243; button_text_color=&#8221;#FFFFFF&#8221; button_bg_color=&#8221;#8300E9&#8243; button_border_radius=&#8221;21px&#8221; button_icon=&#8221;&#x3d;||divi||400&#8243; button_icon_color=&#8221;#FFFFFF&#8221; hover_enabled=&#8221;0&#8243; global_colors_info=&#8221;{}&#8221; button_url=&#8221;https:\/\/itop.hu\/kapcsolat\/&#8221; sticky_enabled=&#8221;0&#8243;][\/et_pb_button][et_pb_image src=&#8221;https:\/\/itop.hu\/wp-content\/uploads\/2024\/09\/DeepInstict.webp&#8221; title_text=&#8221;DeepInstict&#8221; _builder_version=&#8221;4.27.4&#8243; _module_preset=&#8221;default&#8221; animation_style=&#8221;flip&#8221; animation_duration=&#8221;1800ms&#8221; box_shadow_style=&#8221;preset2&#8243; box_shadow_color=&#8221;#FFFFFF&#8221; global_colors_info=&#8221;{}&#8221;][\/et_pb_image][\/et_pb_column][\/et_pb_row][\/et_pb_section][et_pb_section fb_built=&#8221;1&#8243; admin_label=&#8221;Footer&#8221; _builder_version=&#8221;4.24.2&#8243; _module_preset=&#8221;default&#8221; background_color=&#8221;#000000&#8243; use_background_color_gradient=&#8221;on&#8221; background_color_gradient_stops=&#8221;#000000 10%|rgba(0,0,0,0.5) 50%|#000000 90%&#8221; background_color_gradient_overlays_image=&#8221;on&#8221; background_image=&#8221;https:\/\/itop.hu\/wp-content\/uploads\/2024\/12\/augmented-reality-2.jpg&#8221; background_enable_image=&#8221;off&#8221; custom_padding=&#8221;6vw||6vw||true|false&#8221; da_disable_devices=&#8221;off|off|off&#8221; saved_tabs=&#8221;all&#8221; collapsed=&#8221;on&#8221; global_colors_info=&#8221;{}&#8221; da_is_popup=&#8221;off&#8221; da_exit_intent=&#8221;off&#8221; da_has_close=&#8221;on&#8221; da_alt_close=&#8221;off&#8221; da_dark_close=&#8221;off&#8221; da_not_modal=&#8221;on&#8221; da_is_singular=&#8221;off&#8221; da_with_loader=&#8221;off&#8221; da_has_shadow=&#8221;on&#8221;][et_pb_row _builder_version=&#8221;4.24.2&#8243; _module_preset=&#8221;default&#8221; global_colors_info=&#8221;{}&#8221;][et_pb_column type=&#8221;4_4&#8243; _builder_version=&#8221;4.22.1&#8243; _module_preset=&#8221;default&#8221; global_colors_info=&#8221;{}&#8221;][et_pb_image src=&#8221;https:\/\/itop.hu\/wp-content\/uploads\/2024\/12\/logobluebackground-300&#215;143.webp&#8221; title_text=&#8221;logobluebackground&#8221; _builder_version=&#8221;4.27.4&#8243; _module_preset=&#8221;default&#8221; max_height=&#8221;56px&#8221; global_colors_info=&#8221;{}&#8221;][\/et_pb_image][et_pb_text _builder_version=&#8221;4.27.4&#8243; _dynamic_attributes=&#8221;content&#8221; _module_preset=&#8221;d7ff9b9f-77f3-44a9-8819-610aa63f35bc&#8221; header_4_text_color=&#8221;#FFFFFF&#8221; locked=&#8221;off&#8221; global_colors_info=&#8221;{}&#8221;]@ET-DC@eyJkeW5hbWljIjp0cnVlLCJjb250ZW50IjoiY3VycmVudF9kYXRlIiwic2V0dGluZ3MiOnsiYmVmb3JlIjoiPGg0PkNvcHlyaWdodCAmY29weTsgIiwiYWZ0ZXIiOiIgSVRPUC5IVSBBbGwgUmlnaHRzIFJlc2VydmVkLjwvaDQ+IiwiZGF0ZV9mb3JtYXQiOiJjdXN0b20iLCJjdXN0b21fZGF0ZV9mb3JtYXQiOiJZIn19@[\/et_pb_text][\/et_pb_column][\/et_pb_row][\/et_pb_section]\n","protected":false},"excerpt":{"rendered":"<p>ITOP.HUDeep InstinctVil\u00e1g els\u0151, kifejezetten m\u00e9lytanul\u00e1sra \u00e9p\u00fcl\u0151 kiberbiztons\u00e1gi keretrendszer\u00e9t haszn\u00e1lja a megel\u0151z\u00e9sre. A DSX Brain nev\u0171 m\u00e9lytanul\u00e1si motorja k\u00e9pes val\u00f3s id\u0151ben azonos\u00edtani \u00e9s megakad\u00e1lyozni a zero-day \u00e9s ismeretlen fenyeget\u00e9seket kevesebb, mint 20 milliszekundum alatt. M\u00e9lytanul\u00e1s alap\u00fa v\u00e9delem, amely k\u00e9pes az ismert, az ismeretlen \u00e9s a zero-day fenyeget\u00e9sek megel\u0151z\u00e9s\u00e9re gyorsan \u00e9s pontosan Alacsony falspozit\u00edv: kevesebb, mint 0,1%, [&hellip;]<\/p>\n","protected":false},"author":1,"featured_media":0,"parent":0,"menu_order":0,"comment_status":"closed","ping_status":"closed","template":"","meta":{"_et_pb_use_builder":"on","_et_pb_old_content":"","_et_gb_content_width":"","footnotes":""},"class_list":["post-813","page","type-page","status-publish","hentry"],"yoast_head":"<!-- This site is optimized with the Yoast SEO plugin v27.4 - https:\/\/yoast.com\/product\/yoast-seo-wordpress\/ -->\n<title>Deep Instinct - itop<\/title>\n<meta name=\"description\" content=\"Fedezze fel a Deep Instinct forradalmi mesters\u00e9ges intelligencia alap\u00fa kiberv\u00e9delmi megold\u00e1s\u00e1t az ITOP k\u00edn\u00e1lat\u00e1ban. Val\u00f3s idej\u0171 fenyeget\u00e9s-megel\u0151z\u00e9s \u00e9s -elh\u00e1r\u00edt\u00e1s a legfejlettebb technol\u00f3gi\u00e1val. V\u00e9dje meg v\u00e1llalkoz\u00e1s\u00e1t!\" \/>\n<meta name=\"robots\" content=\"index, follow, max-snippet:-1, max-image-preview:large, max-video-preview:-1\" \/>\n<link rel=\"canonical\" href=\"https:\/\/itop.hu\/eng\/deep-instinct\/\" \/>\n<meta property=\"og:locale\" content=\"en_GB\" \/>\n<meta property=\"og:type\" content=\"article\" \/>\n<meta property=\"og:title\" content=\"Deep Instinct - itop\" \/>\n<meta property=\"og:description\" content=\"Fedezze fel a Deep Instinct forradalmi mesters\u00e9ges intelligencia alap\u00fa kiberv\u00e9delmi megold\u00e1s\u00e1t az ITOP k\u00edn\u00e1lat\u00e1ban. Val\u00f3s idej\u0171 fenyeget\u00e9s-megel\u0151z\u00e9s \u00e9s -elh\u00e1r\u00edt\u00e1s a legfejlettebb technol\u00f3gi\u00e1val. V\u00e9dje meg v\u00e1llalkoz\u00e1s\u00e1t!\" \/>\n<meta property=\"og:url\" content=\"https:\/\/itop.hu\/eng\/deep-instinct\/\" \/>\n<meta property=\"og:site_name\" content=\"itop\" \/>\n<meta property=\"article:publisher\" content=\"https:\/\/www.facebook.com\/profile.php?id=61560571456979\" \/>\n<meta property=\"article:modified_time\" content=\"2024-12-22T10:32:01+00:00\" \/>\n<meta property=\"og:image\" content=\"https:\/\/itop.hu\/wp-content\/uploads\/2024\/02\/logoitop.png\" \/>\n\t<meta property=\"og:image:width\" content=\"144\" \/>\n\t<meta property=\"og:image:height\" content=\"71\" \/>\n\t<meta property=\"og:image:type\" content=\"image\/png\" \/>\n<meta name=\"twitter:card\" content=\"summary_large_image\" \/>\n<meta name=\"twitter:label1\" content=\"Estimated reading time\" \/>\n\t<meta name=\"twitter:data1\" content=\"2 minutes\" \/>\n<script type=\"application\/ld+json\" class=\"yoast-schema-graph\">{\"@context\":\"https:\\\/\\\/schema.org\",\"@graph\":[{\"@type\":\"WebPage\",\"@id\":\"https:\\\/\\\/itop.hu\\\/deep-instinct\\\/\",\"url\":\"https:\\\/\\\/itop.hu\\\/deep-instinct\\\/\",\"name\":\"Deep Instinct - itop\",\"isPartOf\":{\"@id\":\"https:\\\/\\\/itop.hu\\\/#website\"},\"datePublished\":\"2024-12-18T14:11:28+00:00\",\"dateModified\":\"2024-12-22T10:32:01+00:00\",\"description\":\"Fedezze fel a Deep Instinct forradalmi mesters\u00e9ges intelligencia alap\u00fa kiberv\u00e9delmi megold\u00e1s\u00e1t az ITOP k\u00edn\u00e1lat\u00e1ban. Val\u00f3s idej\u0171 fenyeget\u00e9s-megel\u0151z\u00e9s \u00e9s -elh\u00e1r\u00edt\u00e1s a legfejlettebb technol\u00f3gi\u00e1val. V\u00e9dje meg v\u00e1llalkoz\u00e1s\u00e1t!\",\"breadcrumb\":{\"@id\":\"https:\\\/\\\/itop.hu\\\/deep-instinct\\\/#breadcrumb\"},\"inLanguage\":\"en-GB\",\"potentialAction\":[{\"@type\":\"ReadAction\",\"target\":[\"https:\\\/\\\/itop.hu\\\/deep-instinct\\\/\"]}]},{\"@type\":\"BreadcrumbList\",\"@id\":\"https:\\\/\\\/itop.hu\\\/deep-instinct\\\/#breadcrumb\",\"itemListElement\":[{\"@type\":\"ListItem\",\"position\":1,\"name\":\"Kezd\u0151lap\",\"item\":\"https:\\\/\\\/itop.hu\\\/\"},{\"@type\":\"ListItem\",\"position\":2,\"name\":\"Deep Instinct\"}]},{\"@type\":\"WebSite\",\"@id\":\"https:\\\/\\\/itop.hu\\\/#website\",\"url\":\"https:\\\/\\\/itop.hu\\\/\",\"name\":\"itop\",\"description\":\"Ha nyugodtan akar haj\u00f3zni, b\u00edzza r\u00e1nk az \u00fczemeltet\u00e9st!\",\"publisher\":{\"@id\":\"https:\\\/\\\/itop.hu\\\/#organization\"},\"potentialAction\":[{\"@type\":\"SearchAction\",\"target\":{\"@type\":\"EntryPoint\",\"urlTemplate\":\"https:\\\/\\\/itop.hu\\\/?s={search_term_string}\"},\"query-input\":{\"@type\":\"PropertyValueSpecification\",\"valueRequired\":true,\"valueName\":\"search_term_string\"}}],\"inLanguage\":\"en-GB\"},{\"@type\":\"Organization\",\"@id\":\"https:\\\/\\\/itop.hu\\\/#organization\",\"name\":\"itop - A legjobb ITSM megold\u00e1s a piacon! - CMDB - \u00fczemeltet\u00e9s - kiberbiztons\u00e1g\",\"url\":\"https:\\\/\\\/itop.hu\\\/\",\"logo\":{\"@type\":\"ImageObject\",\"inLanguage\":\"en-GB\",\"@id\":\"https:\\\/\\\/itop.hu\\\/#\\\/schema\\\/logo\\\/image\\\/\",\"url\":\"https:\\\/\\\/itop.hu\\\/wp-content\\\/uploads\\\/2024\\\/02\\\/logoitop.png\",\"contentUrl\":\"https:\\\/\\\/itop.hu\\\/wp-content\\\/uploads\\\/2024\\\/02\\\/logoitop.png\",\"width\":144,\"height\":71,\"caption\":\"itop - A legjobb ITSM megold\u00e1s a piacon! - CMDB - \u00fczemeltet\u00e9s - kiberbiztons\u00e1g\"},\"image\":{\"@id\":\"https:\\\/\\\/itop.hu\\\/#\\\/schema\\\/logo\\\/image\\\/\"},\"sameAs\":[\"https:\\\/\\\/www.facebook.com\\\/profile.php?id=61560571456979\"]}]}<\/script>\n<!-- \/ Yoast SEO plugin. -->","yoast_head_json":{"title":"Deep Instinct - itop","description":"Fedezze fel a Deep Instinct forradalmi mesters\u00e9ges intelligencia alap\u00fa kiberv\u00e9delmi megold\u00e1s\u00e1t az ITOP k\u00edn\u00e1lat\u00e1ban. Val\u00f3s idej\u0171 fenyeget\u00e9s-megel\u0151z\u00e9s \u00e9s -elh\u00e1r\u00edt\u00e1s a legfejlettebb technol\u00f3gi\u00e1val. V\u00e9dje meg v\u00e1llalkoz\u00e1s\u00e1t!","robots":{"index":"index","follow":"follow","max-snippet":"max-snippet:-1","max-image-preview":"max-image-preview:large","max-video-preview":"max-video-preview:-1"},"canonical":"https:\/\/itop.hu\/eng\/deep-instinct\/","og_locale":"en_GB","og_type":"article","og_title":"Deep Instinct - itop","og_description":"Fedezze fel a Deep Instinct forradalmi mesters\u00e9ges intelligencia alap\u00fa kiberv\u00e9delmi megold\u00e1s\u00e1t az ITOP k\u00edn\u00e1lat\u00e1ban. Val\u00f3s idej\u0171 fenyeget\u00e9s-megel\u0151z\u00e9s \u00e9s -elh\u00e1r\u00edt\u00e1s a legfejlettebb technol\u00f3gi\u00e1val. V\u00e9dje meg v\u00e1llalkoz\u00e1s\u00e1t!","og_url":"https:\/\/itop.hu\/eng\/deep-instinct\/","og_site_name":"itop","article_publisher":"https:\/\/www.facebook.com\/profile.php?id=61560571456979","article_modified_time":"2024-12-22T10:32:01+00:00","og_image":[{"width":144,"height":71,"url":"https:\/\/itop.hu\/wp-content\/uploads\/2024\/02\/logoitop.png","type":"image\/png"}],"twitter_card":"summary_large_image","twitter_misc":{"Estimated reading time":"2 minutes"},"schema":{"@context":"https:\/\/schema.org","@graph":[{"@type":"WebPage","@id":"https:\/\/itop.hu\/deep-instinct\/","url":"https:\/\/itop.hu\/deep-instinct\/","name":"Deep Instinct - itop","isPartOf":{"@id":"https:\/\/itop.hu\/#website"},"datePublished":"2024-12-18T14:11:28+00:00","dateModified":"2024-12-22T10:32:01+00:00","description":"Fedezze fel a Deep Instinct forradalmi mesters\u00e9ges intelligencia alap\u00fa kiberv\u00e9delmi megold\u00e1s\u00e1t az ITOP k\u00edn\u00e1lat\u00e1ban. Val\u00f3s idej\u0171 fenyeget\u00e9s-megel\u0151z\u00e9s \u00e9s -elh\u00e1r\u00edt\u00e1s a legfejlettebb technol\u00f3gi\u00e1val. V\u00e9dje meg v\u00e1llalkoz\u00e1s\u00e1t!","breadcrumb":{"@id":"https:\/\/itop.hu\/deep-instinct\/#breadcrumb"},"inLanguage":"en-GB","potentialAction":[{"@type":"ReadAction","target":["https:\/\/itop.hu\/deep-instinct\/"]}]},{"@type":"BreadcrumbList","@id":"https:\/\/itop.hu\/deep-instinct\/#breadcrumb","itemListElement":[{"@type":"ListItem","position":1,"name":"Kezd\u0151lap","item":"https:\/\/itop.hu\/"},{"@type":"ListItem","position":2,"name":"Deep Instinct"}]},{"@type":"WebSite","@id":"https:\/\/itop.hu\/#website","url":"https:\/\/itop.hu\/","name":"ITOP","description":"Ha nyugodtan akar haj\u00f3zni, b\u00edzza r\u00e1nk az \u00fczemeltet\u00e9st!","publisher":{"@id":"https:\/\/itop.hu\/#organization"},"potentialAction":[{"@type":"SearchAction","target":{"@type":"EntryPoint","urlTemplate":"https:\/\/itop.hu\/?s={search_term_string}"},"query-input":{"@type":"PropertyValueSpecification","valueRequired":true,"valueName":"search_term_string"}}],"inLanguage":"en-GB"},{"@type":"Organization","@id":"https:\/\/itop.hu\/#organization","name":"itop - A legjobb ITSM megold\u00e1s a piacon! - CMDB - \u00fczemeltet\u00e9s - kiberbiztons\u00e1g","url":"https:\/\/itop.hu\/","logo":{"@type":"ImageObject","inLanguage":"en-GB","@id":"https:\/\/itop.hu\/#\/schema\/logo\/image\/","url":"https:\/\/itop.hu\/wp-content\/uploads\/2024\/02\/logoitop.png","contentUrl":"https:\/\/itop.hu\/wp-content\/uploads\/2024\/02\/logoitop.png","width":144,"height":71,"caption":"itop - A legjobb ITSM megold\u00e1s a piacon! - CMDB - \u00fczemeltet\u00e9s - kiberbiztons\u00e1g"},"image":{"@id":"https:\/\/itop.hu\/#\/schema\/logo\/image\/"},"sameAs":["https:\/\/www.facebook.com\/profile.php?id=61560571456979"]}]}},"_links":{"self":[{"href":"https:\/\/itop.hu\/eng\/wp-json\/wp\/v2\/pages\/813","targetHints":{"allow":["GET"]}}],"collection":[{"href":"https:\/\/itop.hu\/eng\/wp-json\/wp\/v2\/pages"}],"about":[{"href":"https:\/\/itop.hu\/eng\/wp-json\/wp\/v2\/types\/page"}],"author":[{"embeddable":true,"href":"https:\/\/itop.hu\/eng\/wp-json\/wp\/v2\/users\/1"}],"replies":[{"embeddable":true,"href":"https:\/\/itop.hu\/eng\/wp-json\/wp\/v2\/comments?post=813"}],"version-history":[{"count":5,"href":"https:\/\/itop.hu\/eng\/wp-json\/wp\/v2\/pages\/813\/revisions"}],"predecessor-version":[{"id":1054,"href":"https:\/\/itop.hu\/eng\/wp-json\/wp\/v2\/pages\/813\/revisions\/1054"}],"wp:attachment":[{"href":"https:\/\/itop.hu\/eng\/wp-json\/wp\/v2\/media?parent=813"}],"curies":[{"name":"wp","href":"https:\/\/api.w.org\/{rel}","templated":true}]}}