{"id":819,"date":"2024-12-18T14:28:34","date_gmt":"2024-12-18T14:28:34","guid":{"rendered":"https:\/\/itop.hu\/?page_id=819"},"modified":"2024-12-22T10:56:12","modified_gmt":"2024-12-22T10:56:12","slug":"tuzfalak","status":"publish","type":"page","link":"https:\/\/itop.hu\/eng\/tuzfalak\/","title":{"rendered":"Firewalls"},"content":{"rendered":"\n[et_pb_section fb_built=&#8221;1&#8243; admin_label=&#8221;Header&#8221; _builder_version=&#8221;4.23.1&#8243; _module_preset=&#8221;default&#8221; background_color=&#8221;#000000&#8243; use_background_color_gradient=&#8221;on&#8221; background_color_gradient_stops=&#8221;#000000 0%|gcid-143aa564-2dbe-4a69-aba4-6587f516793c 100%&#8221; custom_padding=&#8221;6vw||6vw||true|false&#8221; da_disable_devices=&#8221;off|off|off&#8221; collapsed=&#8221;on&#8221; global_colors_info=&#8221;{%22gcid-143aa564-2dbe-4a69-aba4-6587f516793c%22:%91%22background_color_gradient_stops%22%93}&#8221; da_is_popup=&#8221;off&#8221; da_exit_intent=&#8221;off&#8221; da_has_close=&#8221;on&#8221; da_alt_close=&#8221;off&#8221; da_dark_close=&#8221;off&#8221; da_not_modal=&#8221;on&#8221; da_is_singular=&#8221;off&#8221; da_with_loader=&#8221;off&#8221; da_has_shadow=&#8221;on&#8221;][et_pb_row _builder_version=&#8221;4.24.2&#8243; _module_preset=&#8221;default&#8221; background_image=&#8221;https:\/\/itop.hu\/wp-content\/uploads\/2024\/12\/augmented-reality-background-03@2x.png&#8221; parallax=&#8221;on&#8221; max_width=&#8221;1280px&#8221; custom_padding=&#8221;10vw|8vw|10vw|8vw|true|true&#8221; global_colors_info=&#8221;{%22gcid-143aa564-2dbe-4a69-aba4-6587f516793c%22:%91%22background_color_gradient_stops%22%93}&#8221;][et_pb_column type=&#8221;4_4&#8243; _builder_version=&#8221;4.22.1&#8243; _module_preset=&#8221;default&#8221; global_colors_info=&#8221;{}&#8221;][et_pb_text _builder_version=&#8221;4.27.4&#8243; _module_preset=&#8221;49b85fec-e12d-4601-8caf-876fd60befdd&#8221; header_4_text_color=&#8221;gcid-afa30cf2-6f5d-4b9c-aa39-7dbe1ac3b7a3&#8243; text_orientation=&#8221;center&#8221; global_colors_info=&#8221;{%22gcid-afa30cf2-6f5d-4b9c-aa39-7dbe1ac3b7a3%22:%91%22header_4_text_color%22%93}&#8221;]<h4><span style=\"color: #ff6600;\">ITOP.HU<\/span><\/h4>[\/et_pb_text][et_pb_text _builder_version=&#8221;4.27.4&#8243; _module_preset=&#8221;148d01f6-f646-4609-8cc1-ac33189e6eb0&#8243; header_text_color=&#8221;#FFFFFF&#8221; text_orientation=&#8221;center&#8221; global_colors_info=&#8221;{}&#8221;]<h1>T\u0171zfalak<\/h1>[\/et_pb_text][\/et_pb_column][\/et_pb_row][et_pb_row column_structure=&#8221;1_5,3_5,1_5&#8243; _builder_version=&#8221;4.27.4&#8243; _module_preset=&#8221;default&#8221; global_colors_info=&#8221;{}&#8221;][et_pb_column type=&#8221;1_5&#8243; _builder_version=&#8221;4.27.4&#8243; _module_preset=&#8221;default&#8221; global_colors_info=&#8221;{}&#8221;][\/et_pb_column][et_pb_column type=&#8221;3_5&#8243; _builder_version=&#8221;4.27.4&#8243; _module_preset=&#8221;default&#8221; global_colors_info=&#8221;{}&#8221;][et_pb_text _builder_version=&#8221;4.27.4&#8243; _module_preset=&#8221;default&#8221; global_colors_info=&#8221;{}&#8221;]<p style=\"text-align: justify;\"><span style=\"color: #ffffff;\">A t\u0171zfal alapvet\u0151 fontoss\u00e1g\u00fa v\u00e9delmi eszk\u00f6z minden v\u00e1llalati \u00e9s otthoni h\u00e1l\u00f3zatban. Els\u0151dleges feladata, hogy val\u00f3s id\u0151ben fel\u00fcgyelje \u00e9s szab\u00e1lyozza a be- \u00e9s kimen\u0151 h\u00e1l\u00f3zati forgalmat, ez\u00e1ltal megakad\u00e1lyozva az illet\u00e9ktelen hozz\u00e1f\u00e9r\u00e9seket \u00e9s a rosszindulat\u00fa t\u00e1mad\u00e1sokat.<\/span><\/p>\n<p style=\"text-align: justify;\"><span style=\"color: #ffffff;\">A modern \u00fczleti k\u00f6rnyezetben egy megfelel\u0151en konfigur\u00e1lt t\u0171zfal nem opci\u00f3, hanem sz\u00fcks\u00e9gszer\u0171s\u00e9g a v\u00e1llalat digit\u00e1lis eszk\u00f6zeinek \u00e9s \u00e9rz\u00e9keny adatainak v\u00e9delme \u00e9rdek\u00e9ben.<\/span><\/p>\n<p style=\"text-align: justify;\"><span style=\"color: #ffffff;\">Az \u00e1ltalunk forgalmazott t\u0171zfalak megfelelnek minden \u00fcgyf\u00e9lnek, a kis irod\u00e1kt\u00f3l a nagyv\u00e1llalatokig. Az itt szerepl\u0151 rendszerekb\u0151l banki \u00e9s nagyv\u00e1llalati k\u00f6rnyezetben tervezt\u00fcnk meg, \u00e9p\u00edtett\u00fcnk ki \u00e9s \u00fczemeltett\u00fcnk t\u00f6bb site-os t\u00f6bb szint\u0171 v\u00e9delmi rendszereket.<\/span><\/p>[\/et_pb_text][\/et_pb_column][et_pb_column type=&#8221;1_5&#8243; _builder_version=&#8221;4.27.4&#8243; _module_preset=&#8221;default&#8221; global_colors_info=&#8221;{}&#8221;][\/et_pb_column][\/et_pb_row][et_pb_row _builder_version=&#8221;4.27.4&#8243; _module_preset=&#8221;default&#8221; global_colors_info=&#8221;{}&#8221;][et_pb_column type=&#8221;4_4&#8243; _builder_version=&#8221;4.27.4&#8243; _module_preset=&#8221;default&#8221; global_colors_info=&#8221;{}&#8221;][et_pb_text _builder_version=&#8221;4.27.4&#8243; _module_preset=&#8221;default&#8221; global_colors_info=&#8221;{}&#8221;]<h3 style=\"text-align: center;\"><strong><span style=\"color: #ffffff;\">El\u00e9rhet\u0151 technol\u00f3gi\u00e1k:<\/span> <\/strong><\/h3>[\/et_pb_text][\/et_pb_column][\/et_pb_row][et_pb_row column_structure=&#8221;1_5,1_5,1_5,1_5,1_5&#8243; _builder_version=&#8221;4.27.4&#8243; _module_preset=&#8221;default&#8221; global_colors_info=&#8221;{}&#8221;][et_pb_column type=&#8221;1_5&#8243; _builder_version=&#8221;4.27.4&#8243; _module_preset=&#8221;default&#8221; global_colors_info=&#8221;{}&#8221;][et_pb_image src=&#8221;https:\/\/itop.hu\/wp-content\/uploads\/2024\/09\/Sonicwall.webp&#8221; title_text=&#8221;Sonicwall&#8221; _builder_version=&#8221;4.27.4&#8243; _module_preset=&#8221;default&#8221; animation_style=&#8221;bounce&#8221; box_shadow_style=&#8221;preset2&#8243; box_shadow_color=&#8221;#FFFFFF&#8221; global_colors_info=&#8221;{}&#8221;][\/et_pb_image][\/et_pb_column][et_pb_column type=&#8221;1_5&#8243; _builder_version=&#8221;4.27.4&#8243; _module_preset=&#8221;default&#8221; global_colors_info=&#8221;{}&#8221;][et_pb_image src=&#8221;https:\/\/itop.hu\/wp-content\/uploads\/2024\/09\/Cisco.webp&#8221; title_text=&#8221;Cisco&#8221; _builder_version=&#8221;4.27.4&#8243; _module_preset=&#8221;default&#8221; animation_style=&#8221;bounce&#8221; box_shadow_style=&#8221;preset2&#8243; box_shadow_color=&#8221;#FFFFFF&#8221; global_colors_info=&#8221;{}&#8221;][\/et_pb_image][\/et_pb_column][et_pb_column type=&#8221;1_5&#8243; _builder_version=&#8221;4.27.4&#8243; _module_preset=&#8221;default&#8221; global_colors_info=&#8221;{}&#8221;][et_pb_image src=&#8221;https:\/\/itop.hu\/wp-content\/uploads\/2024\/09\/F5.webp&#8221; title_text=&#8221;F5&#8243; _builder_version=&#8221;4.27.4&#8243; _module_preset=&#8221;default&#8221; animation_style=&#8221;bounce&#8221; box_shadow_style=&#8221;preset2&#8243; box_shadow_color=&#8221;#FFFFFF&#8221; global_colors_info=&#8221;{}&#8221;][\/et_pb_image][\/et_pb_column][et_pb_column type=&#8221;1_5&#8243; _builder_version=&#8221;4.27.4&#8243; _module_preset=&#8221;default&#8221; global_colors_info=&#8221;{}&#8221;][et_pb_image src=&#8221;https:\/\/itop.hu\/wp-content\/uploads\/2024\/09\/Barracuda.webp&#8221; title_text=&#8221;Barracuda&#8221; align=&#8221;center&#8221; _builder_version=&#8221;4.27.4&#8243; _module_preset=&#8221;default&#8221; animation_style=&#8221;bounce&#8221; box_shadow_style=&#8221;preset2&#8243; box_shadow_color=&#8221;#FFFFFF&#8221; global_colors_info=&#8221;{}&#8221;][\/et_pb_image][\/et_pb_column][et_pb_column type=&#8221;1_5&#8243; _builder_version=&#8221;4.27.4&#8243; _module_preset=&#8221;default&#8221; global_colors_info=&#8221;{}&#8221;][et_pb_image src=&#8221;https:\/\/itop.hu\/wp-content\/uploads\/2024\/09\/CheckPoint.webp&#8221; title_text=&#8221;CheckPoint&#8221; align=&#8221;right&#8221; _builder_version=&#8221;4.27.4&#8243; _module_preset=&#8221;default&#8221; animation_style=&#8221;bounce&#8221; box_shadow_style=&#8221;preset2&#8243; box_shadow_color=&#8221;#FFFFFF&#8221; global_colors_info=&#8221;{}&#8221;][\/et_pb_image][\/et_pb_column][\/et_pb_row][et_pb_row _builder_version=&#8221;4.27.4&#8243; _module_preset=&#8221;default&#8221; global_colors_info=&#8221;{}&#8221;][et_pb_column type=&#8221;4_4&#8243; _builder_version=&#8221;4.27.4&#8243; _module_preset=&#8221;default&#8221; global_colors_info=&#8221;{}&#8221;][et_pb_button button_text=&#8221;AJ\u00c1NLATOT K\u00c9REK&#8221; button_alignment=&#8221;center&#8221; _builder_version=&#8221;4.27.4&#8243; _module_preset=&#8221;default&#8221; custom_button=&#8221;on&#8221; button_text_color=&#8221;#FFFFFF&#8221; button_bg_color=&#8221;#8300E9&#8243; button_border_width=&#8221;0px&#8221; button_border_radius=&#8221;21px&#8221; button_icon=&#8221;&#x3d;||divi||400&#8243; hover_enabled=&#8221;0&#8243; global_colors_info=&#8221;{}&#8221; button_url=&#8221;https:\/\/itop.hu\/kapcsolat\/&#8221; sticky_enabled=&#8221;0&#8243;][\/et_pb_button][\/et_pb_column][\/et_pb_row][\/et_pb_section][et_pb_section fb_built=&#8221;1&#8243; admin_label=&#8221;Footer&#8221; _builder_version=&#8221;4.24.2&#8243; _module_preset=&#8221;default&#8221; background_color=&#8221;#000000&#8243; use_background_color_gradient=&#8221;on&#8221; background_color_gradient_stops=&#8221;#000000 10%|rgba(0,0,0,0.5) 50%|#000000 90%&#8221; background_color_gradient_overlays_image=&#8221;on&#8221; background_image=&#8221;https:\/\/itop.hu\/wp-content\/uploads\/2024\/12\/augmented-reality-2.jpg&#8221; background_enable_image=&#8221;off&#8221; custom_padding=&#8221;6vw||6vw||true|false&#8221; da_disable_devices=&#8221;off|off|off&#8221; saved_tabs=&#8221;all&#8221; collapsed=&#8221;on&#8221; global_colors_info=&#8221;{}&#8221; da_is_popup=&#8221;off&#8221; da_exit_intent=&#8221;off&#8221; da_has_close=&#8221;on&#8221; da_alt_close=&#8221;off&#8221; da_dark_close=&#8221;off&#8221; da_not_modal=&#8221;on&#8221; da_is_singular=&#8221;off&#8221; da_with_loader=&#8221;off&#8221; da_has_shadow=&#8221;on&#8221;][et_pb_row _builder_version=&#8221;4.24.2&#8243; _module_preset=&#8221;default&#8221; global_colors_info=&#8221;{}&#8221;][et_pb_column type=&#8221;4_4&#8243; _builder_version=&#8221;4.22.1&#8243; _module_preset=&#8221;default&#8221; global_colors_info=&#8221;{}&#8221;][et_pb_image src=&#8221;https:\/\/itop.hu\/wp-content\/uploads\/2024\/12\/logobluebackground.webp&#8221; title_text=&#8221;logobluebackground&#8221; _builder_version=&#8221;4.27.4&#8243; _module_preset=&#8221;default&#8221; max_height=&#8221;56px&#8221; global_colors_info=&#8221;{}&#8221;][\/et_pb_image][et_pb_text _builder_version=&#8221;4.27.4&#8243; _dynamic_attributes=&#8221;content&#8221; _module_preset=&#8221;49b85fec-e12d-4601-8caf-876fd60befdd&#8221; header_4_text_color=&#8221;#FFFFFF&#8221; locked=&#8221;off&#8221; global_colors_info=&#8221;{}&#8221;]@ET-DC@eyJkeW5hbWljIjp0cnVlLCJjb250ZW50IjoiY3VycmVudF9kYXRlIiwic2V0dGluZ3MiOnsiYmVmb3JlIjoiPGg0PkNvcHlyaWdodCAmY29weTsgIiwiYWZ0ZXIiOiIgSVRPUC5IVSBBbGwgUmlnaHRzIFJlc2VydmVkLjwvaDQ+IiwiZGF0ZV9mb3JtYXQiOiJjdXN0b20iLCJjdXN0b21fZGF0ZV9mb3JtYXQiOiJZIn19@[\/et_pb_text][\/et_pb_column][\/et_pb_row][\/et_pb_section]\n","protected":false},"excerpt":{"rendered":"<p>ITOP.HUT\u0171zfalakA t\u0171zfal alapvet\u0151 fontoss\u00e1g\u00fa v\u00e9delmi eszk\u00f6z minden v\u00e1llalati \u00e9s otthoni h\u00e1l\u00f3zatban. Els\u0151dleges feladata, hogy val\u00f3s id\u0151ben fel\u00fcgyelje \u00e9s szab\u00e1lyozza a be- \u00e9s kimen\u0151 h\u00e1l\u00f3zati forgalmat, ez\u00e1ltal megakad\u00e1lyozva az illet\u00e9ktelen hozz\u00e1f\u00e9r\u00e9seket \u00e9s a rosszindulat\u00fa t\u00e1mad\u00e1sokat. A modern \u00fczleti k\u00f6rnyezetben egy megfelel\u0151en konfigur\u00e1lt t\u0171zfal nem opci\u00f3, hanem sz\u00fcks\u00e9gszer\u0171s\u00e9g a v\u00e1llalat digit\u00e1lis eszk\u00f6zeinek \u00e9s \u00e9rz\u00e9keny adatainak v\u00e9delme \u00e9rdek\u00e9ben. [&hellip;]<\/p>\n","protected":false},"author":1,"featured_media":0,"parent":0,"menu_order":0,"comment_status":"closed","ping_status":"closed","template":"","meta":{"_et_pb_use_builder":"on","_et_pb_old_content":"","_et_gb_content_width":"","footnotes":""},"class_list":["post-819","page","type-page","status-publish","hentry"],"yoast_head":"<!-- This site is optimized with the Yoast SEO plugin v27.4 - https:\/\/yoast.com\/product\/yoast-seo-wordpress\/ -->\n<title>T\u0171zfalak - itop<\/title>\n<meta name=\"description\" content=\"Fedezze fel az ITOP korszer\u0171 t\u0171zfal megold\u00e1sait! Hat\u00e9kony v\u00e9delem h\u00e1l\u00f3zata \u00e9s adatai sz\u00e1m\u00e1ra. \u00daj gener\u00e1ci\u00f3s t\u0171zfalak, UTM eszk\u00f6z\u00f6k \u00e9s fejlett biztons\u00e1gi funkci\u00f3k. Biztos\u00edtsa v\u00e1llalkoz\u00e1sa kiberbiztons\u00e1g\u00e1t!\" \/>\n<meta name=\"robots\" content=\"index, follow, max-snippet:-1, max-image-preview:large, max-video-preview:-1\" \/>\n<link rel=\"canonical\" href=\"https:\/\/itop.hu\/eng\/tuzfalak\/\" \/>\n<meta property=\"og:locale\" content=\"en_GB\" \/>\n<meta property=\"og:type\" content=\"article\" \/>\n<meta property=\"og:title\" content=\"T\u0171zfalak - itop\" \/>\n<meta property=\"og:description\" content=\"Fedezze fel az ITOP korszer\u0171 t\u0171zfal megold\u00e1sait! Hat\u00e9kony v\u00e9delem h\u00e1l\u00f3zata \u00e9s adatai sz\u00e1m\u00e1ra. \u00daj gener\u00e1ci\u00f3s t\u0171zfalak, UTM eszk\u00f6z\u00f6k \u00e9s fejlett biztons\u00e1gi funkci\u00f3k. Biztos\u00edtsa v\u00e1llalkoz\u00e1sa kiberbiztons\u00e1g\u00e1t!\" \/>\n<meta property=\"og:url\" content=\"https:\/\/itop.hu\/eng\/tuzfalak\/\" \/>\n<meta property=\"og:site_name\" content=\"itop\" \/>\n<meta property=\"article:publisher\" content=\"https:\/\/www.facebook.com\/profile.php?id=61560571456979\" \/>\n<meta property=\"article:modified_time\" content=\"2024-12-22T10:56:12+00:00\" \/>\n<meta property=\"og:image\" content=\"https:\/\/itop.hu\/wp-content\/uploads\/2024\/02\/logoitop.png\" \/>\n\t<meta property=\"og:image:width\" content=\"144\" \/>\n\t<meta property=\"og:image:height\" content=\"71\" \/>\n\t<meta property=\"og:image:type\" content=\"image\/png\" \/>\n<meta name=\"twitter:card\" content=\"summary_large_image\" \/>\n<meta name=\"twitter:label1\" content=\"Estimated reading time\" \/>\n\t<meta name=\"twitter:data1\" content=\"2 minutes\" \/>\n<script type=\"application\/ld+json\" class=\"yoast-schema-graph\">{\"@context\":\"https:\\\/\\\/schema.org\",\"@graph\":[{\"@type\":\"WebPage\",\"@id\":\"https:\\\/\\\/itop.hu\\\/tuzfalak\\\/\",\"url\":\"https:\\\/\\\/itop.hu\\\/tuzfalak\\\/\",\"name\":\"T\u0171zfalak - itop\",\"isPartOf\":{\"@id\":\"https:\\\/\\\/itop.hu\\\/#website\"},\"datePublished\":\"2024-12-18T14:28:34+00:00\",\"dateModified\":\"2024-12-22T10:56:12+00:00\",\"description\":\"Fedezze fel az ITOP korszer\u0171 t\u0171zfal megold\u00e1sait! Hat\u00e9kony v\u00e9delem h\u00e1l\u00f3zata \u00e9s adatai sz\u00e1m\u00e1ra. \u00daj gener\u00e1ci\u00f3s t\u0171zfalak, UTM eszk\u00f6z\u00f6k \u00e9s fejlett biztons\u00e1gi funkci\u00f3k. Biztos\u00edtsa v\u00e1llalkoz\u00e1sa kiberbiztons\u00e1g\u00e1t!\",\"breadcrumb\":{\"@id\":\"https:\\\/\\\/itop.hu\\\/tuzfalak\\\/#breadcrumb\"},\"inLanguage\":\"en-GB\",\"potentialAction\":[{\"@type\":\"ReadAction\",\"target\":[\"https:\\\/\\\/itop.hu\\\/tuzfalak\\\/\"]}]},{\"@type\":\"BreadcrumbList\",\"@id\":\"https:\\\/\\\/itop.hu\\\/tuzfalak\\\/#breadcrumb\",\"itemListElement\":[{\"@type\":\"ListItem\",\"position\":1,\"name\":\"Kezd\u0151lap\",\"item\":\"https:\\\/\\\/itop.hu\\\/\"},{\"@type\":\"ListItem\",\"position\":2,\"name\":\"T\u0171zfalak\"}]},{\"@type\":\"WebSite\",\"@id\":\"https:\\\/\\\/itop.hu\\\/#website\",\"url\":\"https:\\\/\\\/itop.hu\\\/\",\"name\":\"itop\",\"description\":\"Ha nyugodtan akar haj\u00f3zni, b\u00edzza r\u00e1nk az \u00fczemeltet\u00e9st!\",\"publisher\":{\"@id\":\"https:\\\/\\\/itop.hu\\\/#organization\"},\"potentialAction\":[{\"@type\":\"SearchAction\",\"target\":{\"@type\":\"EntryPoint\",\"urlTemplate\":\"https:\\\/\\\/itop.hu\\\/?s={search_term_string}\"},\"query-input\":{\"@type\":\"PropertyValueSpecification\",\"valueRequired\":true,\"valueName\":\"search_term_string\"}}],\"inLanguage\":\"en-GB\"},{\"@type\":\"Organization\",\"@id\":\"https:\\\/\\\/itop.hu\\\/#organization\",\"name\":\"itop - A legjobb ITSM megold\u00e1s a piacon! - CMDB - \u00fczemeltet\u00e9s - kiberbiztons\u00e1g\",\"url\":\"https:\\\/\\\/itop.hu\\\/\",\"logo\":{\"@type\":\"ImageObject\",\"inLanguage\":\"en-GB\",\"@id\":\"https:\\\/\\\/itop.hu\\\/#\\\/schema\\\/logo\\\/image\\\/\",\"url\":\"https:\\\/\\\/itop.hu\\\/wp-content\\\/uploads\\\/2024\\\/02\\\/logoitop.png\",\"contentUrl\":\"https:\\\/\\\/itop.hu\\\/wp-content\\\/uploads\\\/2024\\\/02\\\/logoitop.png\",\"width\":144,\"height\":71,\"caption\":\"itop - A legjobb ITSM megold\u00e1s a piacon! - CMDB - \u00fczemeltet\u00e9s - kiberbiztons\u00e1g\"},\"image\":{\"@id\":\"https:\\\/\\\/itop.hu\\\/#\\\/schema\\\/logo\\\/image\\\/\"},\"sameAs\":[\"https:\\\/\\\/www.facebook.com\\\/profile.php?id=61560571456979\"]}]}<\/script>\n<!-- \/ Yoast SEO plugin. -->","yoast_head_json":{"title":"T\u0171zfalak - itop","description":"Fedezze fel az ITOP korszer\u0171 t\u0171zfal megold\u00e1sait! Hat\u00e9kony v\u00e9delem h\u00e1l\u00f3zata \u00e9s adatai sz\u00e1m\u00e1ra. \u00daj gener\u00e1ci\u00f3s t\u0171zfalak, UTM eszk\u00f6z\u00f6k \u00e9s fejlett biztons\u00e1gi funkci\u00f3k. Biztos\u00edtsa v\u00e1llalkoz\u00e1sa kiberbiztons\u00e1g\u00e1t!","robots":{"index":"index","follow":"follow","max-snippet":"max-snippet:-1","max-image-preview":"max-image-preview:large","max-video-preview":"max-video-preview:-1"},"canonical":"https:\/\/itop.hu\/eng\/tuzfalak\/","og_locale":"en_GB","og_type":"article","og_title":"T\u0171zfalak - itop","og_description":"Fedezze fel az ITOP korszer\u0171 t\u0171zfal megold\u00e1sait! Hat\u00e9kony v\u00e9delem h\u00e1l\u00f3zata \u00e9s adatai sz\u00e1m\u00e1ra. \u00daj gener\u00e1ci\u00f3s t\u0171zfalak, UTM eszk\u00f6z\u00f6k \u00e9s fejlett biztons\u00e1gi funkci\u00f3k. Biztos\u00edtsa v\u00e1llalkoz\u00e1sa kiberbiztons\u00e1g\u00e1t!","og_url":"https:\/\/itop.hu\/eng\/tuzfalak\/","og_site_name":"itop","article_publisher":"https:\/\/www.facebook.com\/profile.php?id=61560571456979","article_modified_time":"2024-12-22T10:56:12+00:00","og_image":[{"width":144,"height":71,"url":"https:\/\/itop.hu\/wp-content\/uploads\/2024\/02\/logoitop.png","type":"image\/png"}],"twitter_card":"summary_large_image","twitter_misc":{"Estimated reading time":"2 minutes"},"schema":{"@context":"https:\/\/schema.org","@graph":[{"@type":"WebPage","@id":"https:\/\/itop.hu\/tuzfalak\/","url":"https:\/\/itop.hu\/tuzfalak\/","name":"T\u0171zfalak - itop","isPartOf":{"@id":"https:\/\/itop.hu\/#website"},"datePublished":"2024-12-18T14:28:34+00:00","dateModified":"2024-12-22T10:56:12+00:00","description":"Fedezze fel az ITOP korszer\u0171 t\u0171zfal megold\u00e1sait! Hat\u00e9kony v\u00e9delem h\u00e1l\u00f3zata \u00e9s adatai sz\u00e1m\u00e1ra. \u00daj gener\u00e1ci\u00f3s t\u0171zfalak, UTM eszk\u00f6z\u00f6k \u00e9s fejlett biztons\u00e1gi funkci\u00f3k. Biztos\u00edtsa v\u00e1llalkoz\u00e1sa kiberbiztons\u00e1g\u00e1t!","breadcrumb":{"@id":"https:\/\/itop.hu\/tuzfalak\/#breadcrumb"},"inLanguage":"en-GB","potentialAction":[{"@type":"ReadAction","target":["https:\/\/itop.hu\/tuzfalak\/"]}]},{"@type":"BreadcrumbList","@id":"https:\/\/itop.hu\/tuzfalak\/#breadcrumb","itemListElement":[{"@type":"ListItem","position":1,"name":"Kezd\u0151lap","item":"https:\/\/itop.hu\/"},{"@type":"ListItem","position":2,"name":"T\u0171zfalak"}]},{"@type":"WebSite","@id":"https:\/\/itop.hu\/#website","url":"https:\/\/itop.hu\/","name":"ITOP","description":"Ha nyugodtan akar haj\u00f3zni, b\u00edzza r\u00e1nk az \u00fczemeltet\u00e9st!","publisher":{"@id":"https:\/\/itop.hu\/#organization"},"potentialAction":[{"@type":"SearchAction","target":{"@type":"EntryPoint","urlTemplate":"https:\/\/itop.hu\/?s={search_term_string}"},"query-input":{"@type":"PropertyValueSpecification","valueRequired":true,"valueName":"search_term_string"}}],"inLanguage":"en-GB"},{"@type":"Organization","@id":"https:\/\/itop.hu\/#organization","name":"itop - A legjobb ITSM megold\u00e1s a piacon! - CMDB - \u00fczemeltet\u00e9s - kiberbiztons\u00e1g","url":"https:\/\/itop.hu\/","logo":{"@type":"ImageObject","inLanguage":"en-GB","@id":"https:\/\/itop.hu\/#\/schema\/logo\/image\/","url":"https:\/\/itop.hu\/wp-content\/uploads\/2024\/02\/logoitop.png","contentUrl":"https:\/\/itop.hu\/wp-content\/uploads\/2024\/02\/logoitop.png","width":144,"height":71,"caption":"itop - A legjobb ITSM megold\u00e1s a piacon! - CMDB - \u00fczemeltet\u00e9s - kiberbiztons\u00e1g"},"image":{"@id":"https:\/\/itop.hu\/#\/schema\/logo\/image\/"},"sameAs":["https:\/\/www.facebook.com\/profile.php?id=61560571456979"]}]}},"_links":{"self":[{"href":"https:\/\/itop.hu\/eng\/wp-json\/wp\/v2\/pages\/819","targetHints":{"allow":["GET"]}}],"collection":[{"href":"https:\/\/itop.hu\/eng\/wp-json\/wp\/v2\/pages"}],"about":[{"href":"https:\/\/itop.hu\/eng\/wp-json\/wp\/v2\/types\/page"}],"author":[{"embeddable":true,"href":"https:\/\/itop.hu\/eng\/wp-json\/wp\/v2\/users\/1"}],"replies":[{"embeddable":true,"href":"https:\/\/itop.hu\/eng\/wp-json\/wp\/v2\/comments?post=819"}],"version-history":[{"count":5,"href":"https:\/\/itop.hu\/eng\/wp-json\/wp\/v2\/pages\/819\/revisions"}],"predecessor-version":[{"id":1072,"href":"https:\/\/itop.hu\/eng\/wp-json\/wp\/v2\/pages\/819\/revisions\/1072"}],"wp:attachment":[{"href":"https:\/\/itop.hu\/eng\/wp-json\/wp\/v2\/media?parent=819"}],"curies":[{"name":"wp","href":"https:\/\/api.w.org\/{rel}","templated":true}]}}