{"id":833,"date":"2024-12-18T16:00:10","date_gmt":"2024-12-18T16:00:10","guid":{"rendered":"https:\/\/itop.hu\/?page_id=833"},"modified":"2024-12-22T10:57:10","modified_gmt":"2024-12-22T10:57:10","slug":"veeam","status":"publish","type":"page","link":"https:\/\/itop.hu\/eng\/veeam\/","title":{"rendered":"Veeam"},"content":{"rendered":"\n[et_pb_section fb_built=&#8221;1&#8243; admin_label=&#8221;Header&#8221; _builder_version=&#8221;4.22.1&#8243; _module_preset=&#8221;default&#8221; background_color=&#8221;#000000&#8243; da_disable_devices=&#8221;off|off|off&#8221; collapsed=&#8221;on&#8221; global_colors_info=&#8221;{}&#8221; da_is_popup=&#8221;off&#8221; da_exit_intent=&#8221;off&#8221; da_has_close=&#8221;on&#8221; da_alt_close=&#8221;off&#8221; da_dark_close=&#8221;off&#8221; da_not_modal=&#8221;on&#8221; da_is_singular=&#8221;off&#8221; da_with_loader=&#8221;off&#8221; da_has_shadow=&#8221;on&#8221;][et_pb_row column_structure=&#8221;2_3,1_3&#8243; make_equal=&#8221;on&#8221; _builder_version=&#8221;4.22.1&#8243; _module_preset=&#8221;default&#8221; global_colors_info=&#8221;{}&#8221;][et_pb_column type=&#8221;2_3&#8243; _builder_version=&#8221;4.22.1&#8243; _module_preset=&#8221;default&#8221; global_colors_info=&#8221;{}&#8221;][et_pb_text _builder_version=&#8221;4.27.4&#8243; _module_preset=&#8221;43dd899b-591a-470f-9463-b85aac6780e8&#8243; header_4_text_color=&#8221;gcid-afa30cf2-6f5d-4b9c-aa39-7dbe1ac3b7a3&#8243; global_colors_info=&#8221;{%22gcid-afa30cf2-6f5d-4b9c-aa39-7dbe1ac3b7a3%22:%91%22header_4_text_color%22%93}&#8221;]<h4><span style=\"color: #ff6600;\">ITOP.HU<\/span><\/h4>[\/et_pb_text][et_pb_text _builder_version=&#8221;4.27.4&#8243; _module_preset=&#8221;12a96b61-a78c-4e84-b142-ec40d25973ae&#8221; header_text_color=&#8221;#FFFFFF&#8221; global_colors_info=&#8221;{}&#8221;]<h1>VEEAM<\/h1>[\/et_pb_text][\/et_pb_column][et_pb_column type=&#8221;1_3&#8243; _builder_version=&#8221;4.22.1&#8243; _module_preset=&#8221;default&#8221; global_colors_info=&#8221;{}&#8221;][et_pb_image src=&#8221;https:\/\/itop.hu\/wp-content\/uploads\/2024\/12\/veeam_logo_lp_white.webp&#8221; title_text=&#8221;veeam_logo_lp_white&#8221; _builder_version=&#8221;4.27.4&#8243; _module_preset=&#8221;default&#8221; animation_style=&#8221;fade&#8221; animation_duration=&#8221;1900ms&#8221; animation_delay=&#8221;1350ms&#8221; box_shadow_style=&#8221;preset2&#8243; box_shadow_color=&#8221;#FFFFFF&#8221; global_colors_info=&#8221;{}&#8221;][\/et_pb_image][\/et_pb_column][\/et_pb_row][\/et_pb_section][et_pb_section fb_built=&#8221;1&#8243; admin_label=&#8221;Service&#8221; _builder_version=&#8221;4.22.1&#8243; _module_preset=&#8221;default&#8221; background_color=&#8221;#000000&#8243; da_disable_devices=&#8221;off|off|off&#8221; collapsed=&#8221;on&#8221; global_colors_info=&#8221;{}&#8221; da_is_popup=&#8221;off&#8221; da_exit_intent=&#8221;off&#8221; da_has_close=&#8221;on&#8221; da_alt_close=&#8221;off&#8221; da_dark_close=&#8221;off&#8221; da_not_modal=&#8221;on&#8221; da_is_singular=&#8221;off&#8221; da_with_loader=&#8221;off&#8221; da_has_shadow=&#8221;on&#8221;][et_pb_row column_structure=&#8221;1_2,1_2&#8243; _builder_version=&#8221;4.24.2&#8243; _module_preset=&#8221;default&#8221; global_colors_info=&#8221;{}&#8221;][et_pb_column type=&#8221;1_2&#8243; _builder_version=&#8221;4.22.1&#8243; _module_preset=&#8221;default&#8221; global_colors_info=&#8221;{}&#8221;][et_pb_image src=&#8221;https:\/\/itop.hu\/wp-content\/uploads\/2024\/12\/Designer.webp&#8221; title_text=&#8221;Designer&#8221; _builder_version=&#8221;4.27.4&#8243; _module_preset=&#8221;default&#8221; global_colors_info=&#8221;{}&#8221;][\/et_pb_image][\/et_pb_column][et_pb_column type=&#8221;1_2&#8243; _builder_version=&#8221;4.24.2&#8243; _module_preset=&#8221;default&#8221; custom_padding=&#8221;100px||||false|false&#8221; custom_padding_tablet=&#8221;0px||||false|false&#8221; custom_padding_phone=&#8221;0px||||false|false&#8221; custom_padding_last_edited=&#8221;on|tablet&#8221; global_colors_info=&#8221;{}&#8221;][et_pb_text _builder_version=&#8221;4.27.4&#8243; _module_preset=&#8221;a37faacb-a341-441b-a633-21621de4b942&#8243; text_text_color=&#8221;#FFFFFF&#8221; min_height=&#8221;766.8px&#8221; custom_margin=&#8221;-93px|||||&#8221; global_colors_info=&#8221;{}&#8221;]<p style=\"text-align: justify;\">Az adatment\u00e9s a v\u00e1llalatok sz\u00e1m\u00e1ra l\u00e9tfontoss\u00e1g\u00fa, mivel az adatveszt\u00e9s &#8211; legyen sz\u00f3 ak\u00e1r hardverhib\u00e1r\u00f3l, kibert\u00e1mad\u00e1sr\u00f3l vagy emberi mulaszt\u00e1sr\u00f3l &#8211; s\u00falyos bev\u00e9telkies\u00e9st \u00e9s h\u00edrn\u00e9vveszt\u00e9st okozhat.<\/p>\n<p style=\"text-align: justify;\">A megfelel\u0151 adatment\u00e9si strat\u00e9gia biztos\u00edtja az \u00fczletmenet folytonoss\u00e1g\u00e1t, hiszen kritikus adatok elveszt\u00e9se eset\u00e9n a v\u00e1llalkoz\u00e1s gyorsan helyre\u00e1ll\u00edthat\u00f3 \u00e9s folytathat\u00f3 a norm\u00e1l m\u0171k\u00f6d\u00e9s.<\/p>\n<p style=\"text-align: justify;\">Emellett az adatment\u00e9s seg\u00edt megfelelni a szigor\u00fa adatv\u00e9delmi t\u00f6rv\u00e9nyeknek \u00e9s szab\u00e1lyoz\u00e1soknak, valamint v\u00e9delmet ny\u00fajt a n\u00f6vekv\u0151 sz\u00e1m\u00fa kiberfenyeget\u00e9sekkel szemben is.<\/p>\n<p style=\"text-align: justify;\">Az \u00e1ltalunk forgalmazott \u00a0Veeam ment\u0151rendszer sz\u00e1mos el\u0151nnyel rendelkezik:<\/p>\n<ul style=\"text-align: justify;\">\n<li>Egys\u00e9ges platform:<\/li>\n<\/ul>\n<p style=\"text-align: justify;\">Egyetlen platformot biztos\u00edt a felh\u0151-, virtu\u00e1lis, fizikai, SaaS- \u00e9s Kubernetes-k\u00f6rnyezetekhez, \u00edgy sz\u00e9les k\u00f6r\u0171 alkalmaz\u00e1si lehet\u0151s\u00e9geket k\u00edn\u00e1l.<\/p>\n<ul style=\"text-align: justify;\">\n<li>Adatv\u00e9delem \u00e9s helyre\u00e1ll\u00edt\u00e1s:<\/li>\n<\/ul>\n<p style=\"text-align: justify;\">Fejlett biztons\u00e1gi ment\u00e9si, vissza\u00e1ll\u00edt\u00e1si \u00e9s replik\u00e1ci\u00f3s k\u00e9pess\u00e9gekkel rendelkezik, amelyek seg\u00edtenek a c\u00e9geknek az adatveszt\u00e9s elker\u00fcl\u00e9s\u00e9ben \u00e9s a gyors helyre\u00e1ll\u00edt\u00e1sban.<\/p>\n<ul style=\"text-align: justify;\">\n<li>Piacvezet\u0151 poz\u00edci\u00f3:<\/li>\n<\/ul>\n<p style=\"text-align: justify;\">A Veeam piacvezet\u0151 a ment\u0151rendszerek k\u00f6z\u00f6tt, ami a magas min\u0151s\u00e9g\u0171 \u00e9s megb\u00edzhat\u00f3 szolg\u00e1ltat\u00e1sait t\u00fckr\u00f6zi.<\/p>\n<ul style=\"text-align: justify;\">\n<li>K\u00f6nny\u0171 telep\u00edt\u00e9s \u00e9s sk\u00e1l\u00e1zhat\u00f3s\u00e1g:<\/li>\n<\/ul>\n<p style=\"text-align: justify;\">Megold\u00e1sai egyszer\u0171en telep\u00edthet\u0151k \u00e9s sk\u00e1l\u00e1zhat\u00f3k, ami rugalmass\u00e1got biztos\u00edt a v\u00e1llalatok sz\u00e1m\u00e1ra.<\/p>[\/et_pb_text][\/et_pb_column][\/et_pb_row][et_pb_row column_structure=&#8221;1_3,1_3,1_3&#8243; _builder_version=&#8221;4.27.4&#8243; _module_preset=&#8221;default&#8221; global_colors_info=&#8221;{}&#8221;][et_pb_column type=&#8221;1_3&#8243; _builder_version=&#8221;4.27.4&#8243; _module_preset=&#8221;default&#8221; global_colors_info=&#8221;{}&#8221;][\/et_pb_column][et_pb_column type=&#8221;1_3&#8243; _builder_version=&#8221;4.27.4&#8243; _module_preset=&#8221;default&#8221; global_colors_info=&#8221;{}&#8221;][et_pb_button button_text=&#8221;AJ\u00c1NLATOT K\u00c9REK &#8221; button_alignment=&#8221;center&#8221; _builder_version=&#8221;4.27.4&#8243; _module_preset=&#8221;default&#8221; custom_button=&#8221;on&#8221; button_text_color=&#8221;#FFFFFF&#8221; button_bg_color=&#8221;#8300E9&#8243; button_border_width=&#8221;0px&#8221; button_border_radius=&#8221;21px&#8221; button_icon=&#8221;&#x3d;||divi||400&#8243; hover_enabled=&#8221;0&#8243; global_colors_info=&#8221;{}&#8221; button_url=&#8221;https:\/\/itop.hu\/kapcsolat\/&#8221; sticky_enabled=&#8221;0&#8243;][\/et_pb_button][\/et_pb_column][et_pb_column type=&#8221;1_3&#8243; _builder_version=&#8221;4.27.4&#8243; _module_preset=&#8221;default&#8221; global_colors_info=&#8221;{}&#8221;][\/et_pb_column][\/et_pb_row][\/et_pb_section][et_pb_section fb_built=&#8221;1&#8243; admin_label=&#8221;Footer&#8221; _builder_version=&#8221;4.24.2&#8243; _module_preset=&#8221;default&#8221; background_color=&#8221;#000000&#8243; use_background_color_gradient=&#8221;on&#8221; background_color_gradient_stops=&#8221;#000000 10%|rgba(0,0,0,0.5) 50%|#000000 90%&#8221; background_color_gradient_overlays_image=&#8221;on&#8221; background_image=&#8221;https:\/\/itop.hu\/wp-content\/uploads\/2024\/12\/augmented-reality-2.jpg&#8221; background_enable_image=&#8221;off&#8221; custom_padding=&#8221;6vw||6vw||true|false&#8221; da_disable_devices=&#8221;off|off|off&#8221; saved_tabs=&#8221;all&#8221; collapsed=&#8221;on&#8221; global_colors_info=&#8221;{}&#8221; da_is_popup=&#8221;off&#8221; da_exit_intent=&#8221;off&#8221; da_has_close=&#8221;on&#8221; da_alt_close=&#8221;off&#8221; da_dark_close=&#8221;off&#8221; da_not_modal=&#8221;on&#8221; da_is_singular=&#8221;off&#8221; da_with_loader=&#8221;off&#8221; da_has_shadow=&#8221;on&#8221;][et_pb_row _builder_version=&#8221;4.24.2&#8243; _module_preset=&#8221;default&#8221; global_colors_info=&#8221;{}&#8221;][et_pb_column type=&#8221;4_4&#8243; _builder_version=&#8221;4.22.1&#8243; _module_preset=&#8221;default&#8221; global_colors_info=&#8221;{}&#8221;][et_pb_image src=&#8221;https:\/\/itop.hu\/wp-content\/uploads\/2024\/12\/logobluebackground-300&#215;143.webp&#8221; title_text=&#8221;logobluebackground&#8221; _builder_version=&#8221;4.27.4&#8243; _module_preset=&#8221;default&#8221; max_height=&#8221;56px&#8221; global_colors_info=&#8221;{}&#8221;][\/et_pb_image][et_pb_text _builder_version=&#8221;4.27.4&#8243; _dynamic_attributes=&#8221;content&#8221; _module_preset=&#8221;43dd899b-591a-470f-9463-b85aac6780e8&#8243; header_4_text_color=&#8221;#FFFFFF&#8221; locked=&#8221;off&#8221; global_colors_info=&#8221;{}&#8221;]@ET-DC@eyJkeW5hbWljIjp0cnVlLCJjb250ZW50IjoiY3VycmVudF9kYXRlIiwic2V0dGluZ3MiOnsiYmVmb3JlIjoiPGg0PkNvcHlyaWdodCAmY29weTsgIiwiYWZ0ZXIiOiIgSVRPUC5IVSBBbGwgUmlnaHRzIFJlc2VydmVkLjwvaDQ+IiwiZGF0ZV9mb3JtYXQiOiJjdXN0b20iLCJjdXN0b21fZGF0ZV9mb3JtYXQiOiJZIn19@[\/et_pb_text][\/et_pb_column][\/et_pb_row][\/et_pb_section]\n","protected":false},"excerpt":{"rendered":"<p>ITOP.HUVEEAMAz adatment\u00e9s a v\u00e1llalatok sz\u00e1m\u00e1ra l\u00e9tfontoss\u00e1g\u00fa, mivel az adatveszt\u00e9s &#8211; legyen sz\u00f3 ak\u00e1r hardverhib\u00e1r\u00f3l, kibert\u00e1mad\u00e1sr\u00f3l vagy emberi mulaszt\u00e1sr\u00f3l &#8211; s\u00falyos bev\u00e9telkies\u00e9st \u00e9s h\u00edrn\u00e9vveszt\u00e9st okozhat. A megfelel\u0151 adatment\u00e9si strat\u00e9gia biztos\u00edtja az \u00fczletmenet folytonoss\u00e1g\u00e1t, hiszen kritikus adatok elveszt\u00e9se eset\u00e9n a v\u00e1llalkoz\u00e1s gyorsan helyre\u00e1ll\u00edthat\u00f3 \u00e9s folytathat\u00f3 a norm\u00e1l m\u0171k\u00f6d\u00e9s. Emellett az adatment\u00e9s seg\u00edt megfelelni a szigor\u00fa adatv\u00e9delmi t\u00f6rv\u00e9nyeknek [&hellip;]<\/p>\n","protected":false},"author":1,"featured_media":0,"parent":0,"menu_order":0,"comment_status":"closed","ping_status":"closed","template":"","meta":{"_et_pb_use_builder":"on","_et_pb_old_content":"","_et_gb_content_width":"","footnotes":""},"class_list":["post-833","page","type-page","status-publish","hentry"],"yoast_head":"<!-- This site is optimized with the Yoast SEO plugin v27.5 - https:\/\/yoast.com\/product\/yoast-seo-wordpress\/ -->\n<title>Veeam - itop<\/title>\n<meta name=\"description\" content=\"Fedezze fel a Veeam adatv\u00e9delmi megold\u00e1sokat az ITOP k\u00edn\u00e1lat\u00e1ban! Megb\u00edzhat\u00f3 biztons\u00e1gi ment\u00e9s, gyors helyre\u00e1ll\u00edt\u00e1s \u00e9s folyamatos adatel\u00e9rhet\u0151s\u00e9g. V\u00e9dje \u00e9s kezelje hat\u00e9konyan v\u00e1llalkoz\u00e1sa kritikus adatait!\" \/>\n<meta name=\"robots\" content=\"index, follow, max-snippet:-1, max-image-preview:large, max-video-preview:-1\" \/>\n<link rel=\"canonical\" href=\"https:\/\/itop.hu\/eng\/veeam\/\" \/>\n<meta property=\"og:locale\" content=\"en_GB\" \/>\n<meta property=\"og:type\" content=\"article\" \/>\n<meta property=\"og:title\" content=\"Veeam - itop\" \/>\n<meta property=\"og:description\" content=\"Fedezze fel a Veeam adatv\u00e9delmi megold\u00e1sokat az ITOP k\u00edn\u00e1lat\u00e1ban! Megb\u00edzhat\u00f3 biztons\u00e1gi ment\u00e9s, gyors helyre\u00e1ll\u00edt\u00e1s \u00e9s folyamatos adatel\u00e9rhet\u0151s\u00e9g. V\u00e9dje \u00e9s kezelje hat\u00e9konyan v\u00e1llalkoz\u00e1sa kritikus adatait!\" \/>\n<meta property=\"og:url\" content=\"https:\/\/itop.hu\/eng\/veeam\/\" \/>\n<meta property=\"og:site_name\" content=\"itop\" \/>\n<meta property=\"article:publisher\" content=\"https:\/\/www.facebook.com\/profile.php?id=61560571456979\" \/>\n<meta property=\"article:modified_time\" content=\"2024-12-22T10:57:10+00:00\" \/>\n<meta property=\"og:image\" content=\"https:\/\/itop.hu\/wp-content\/uploads\/2024\/02\/logoitop.png\" \/>\n\t<meta property=\"og:image:width\" content=\"144\" \/>\n\t<meta property=\"og:image:height\" content=\"71\" \/>\n\t<meta property=\"og:image:type\" content=\"image\/png\" \/>\n<meta name=\"twitter:card\" content=\"summary_large_image\" \/>\n<meta name=\"twitter:label1\" content=\"Estimated reading time\" \/>\n\t<meta name=\"twitter:data1\" content=\"2 minutes\" \/>\n<script type=\"application\/ld+json\" class=\"yoast-schema-graph\">{\"@context\":\"https:\\\/\\\/schema.org\",\"@graph\":[{\"@type\":\"WebPage\",\"@id\":\"https:\\\/\\\/itop.hu\\\/veeam\\\/\",\"url\":\"https:\\\/\\\/itop.hu\\\/veeam\\\/\",\"name\":\"Veeam - itop\",\"isPartOf\":{\"@id\":\"https:\\\/\\\/itop.hu\\\/#website\"},\"datePublished\":\"2024-12-18T16:00:10+00:00\",\"dateModified\":\"2024-12-22T10:57:10+00:00\",\"description\":\"Fedezze fel a Veeam adatv\u00e9delmi megold\u00e1sokat az ITOP k\u00edn\u00e1lat\u00e1ban! Megb\u00edzhat\u00f3 biztons\u00e1gi ment\u00e9s, gyors helyre\u00e1ll\u00edt\u00e1s \u00e9s folyamatos adatel\u00e9rhet\u0151s\u00e9g. V\u00e9dje \u00e9s kezelje hat\u00e9konyan v\u00e1llalkoz\u00e1sa kritikus adatait!\",\"breadcrumb\":{\"@id\":\"https:\\\/\\\/itop.hu\\\/veeam\\\/#breadcrumb\"},\"inLanguage\":\"en-GB\",\"potentialAction\":[{\"@type\":\"ReadAction\",\"target\":[\"https:\\\/\\\/itop.hu\\\/veeam\\\/\"]}]},{\"@type\":\"BreadcrumbList\",\"@id\":\"https:\\\/\\\/itop.hu\\\/veeam\\\/#breadcrumb\",\"itemListElement\":[{\"@type\":\"ListItem\",\"position\":1,\"name\":\"Kezd\u0151lap\",\"item\":\"https:\\\/\\\/itop.hu\\\/\"},{\"@type\":\"ListItem\",\"position\":2,\"name\":\"Veeam\"}]},{\"@type\":\"WebSite\",\"@id\":\"https:\\\/\\\/itop.hu\\\/#website\",\"url\":\"https:\\\/\\\/itop.hu\\\/\",\"name\":\"itop\",\"description\":\"Ha nyugodtan akar haj\u00f3zni, b\u00edzza r\u00e1nk az \u00fczemeltet\u00e9st!\",\"publisher\":{\"@id\":\"https:\\\/\\\/itop.hu\\\/#organization\"},\"potentialAction\":[{\"@type\":\"SearchAction\",\"target\":{\"@type\":\"EntryPoint\",\"urlTemplate\":\"https:\\\/\\\/itop.hu\\\/?s={search_term_string}\"},\"query-input\":{\"@type\":\"PropertyValueSpecification\",\"valueRequired\":true,\"valueName\":\"search_term_string\"}}],\"inLanguage\":\"en-GB\"},{\"@type\":\"Organization\",\"@id\":\"https:\\\/\\\/itop.hu\\\/#organization\",\"name\":\"itop - A legjobb ITSM megold\u00e1s a piacon! - CMDB - \u00fczemeltet\u00e9s - kiberbiztons\u00e1g\",\"url\":\"https:\\\/\\\/itop.hu\\\/\",\"logo\":{\"@type\":\"ImageObject\",\"inLanguage\":\"en-GB\",\"@id\":\"https:\\\/\\\/itop.hu\\\/#\\\/schema\\\/logo\\\/image\\\/\",\"url\":\"https:\\\/\\\/itop.hu\\\/wp-content\\\/uploads\\\/2024\\\/02\\\/logoitop.png\",\"contentUrl\":\"https:\\\/\\\/itop.hu\\\/wp-content\\\/uploads\\\/2024\\\/02\\\/logoitop.png\",\"width\":144,\"height\":71,\"caption\":\"itop - A legjobb ITSM megold\u00e1s a piacon! - CMDB - \u00fczemeltet\u00e9s - kiberbiztons\u00e1g\"},\"image\":{\"@id\":\"https:\\\/\\\/itop.hu\\\/#\\\/schema\\\/logo\\\/image\\\/\"},\"sameAs\":[\"https:\\\/\\\/www.facebook.com\\\/profile.php?id=61560571456979\"]}]}<\/script>\n<!-- \/ Yoast SEO plugin. -->","yoast_head_json":{"title":"Veeam - itop","description":"Fedezze fel a Veeam adatv\u00e9delmi megold\u00e1sokat az ITOP k\u00edn\u00e1lat\u00e1ban! Megb\u00edzhat\u00f3 biztons\u00e1gi ment\u00e9s, gyors helyre\u00e1ll\u00edt\u00e1s \u00e9s folyamatos adatel\u00e9rhet\u0151s\u00e9g. V\u00e9dje \u00e9s kezelje hat\u00e9konyan v\u00e1llalkoz\u00e1sa kritikus adatait!","robots":{"index":"index","follow":"follow","max-snippet":"max-snippet:-1","max-image-preview":"max-image-preview:large","max-video-preview":"max-video-preview:-1"},"canonical":"https:\/\/itop.hu\/eng\/veeam\/","og_locale":"en_GB","og_type":"article","og_title":"Veeam - itop","og_description":"Fedezze fel a Veeam adatv\u00e9delmi megold\u00e1sokat az ITOP k\u00edn\u00e1lat\u00e1ban! Megb\u00edzhat\u00f3 biztons\u00e1gi ment\u00e9s, gyors helyre\u00e1ll\u00edt\u00e1s \u00e9s folyamatos adatel\u00e9rhet\u0151s\u00e9g. V\u00e9dje \u00e9s kezelje hat\u00e9konyan v\u00e1llalkoz\u00e1sa kritikus adatait!","og_url":"https:\/\/itop.hu\/eng\/veeam\/","og_site_name":"itop","article_publisher":"https:\/\/www.facebook.com\/profile.php?id=61560571456979","article_modified_time":"2024-12-22T10:57:10+00:00","og_image":[{"width":144,"height":71,"url":"https:\/\/itop.hu\/wp-content\/uploads\/2024\/02\/logoitop.png","type":"image\/png"}],"twitter_card":"summary_large_image","twitter_misc":{"Estimated reading time":"2 minutes"},"schema":{"@context":"https:\/\/schema.org","@graph":[{"@type":"WebPage","@id":"https:\/\/itop.hu\/veeam\/","url":"https:\/\/itop.hu\/veeam\/","name":"Veeam - itop","isPartOf":{"@id":"https:\/\/itop.hu\/#website"},"datePublished":"2024-12-18T16:00:10+00:00","dateModified":"2024-12-22T10:57:10+00:00","description":"Fedezze fel a Veeam adatv\u00e9delmi megold\u00e1sokat az ITOP k\u00edn\u00e1lat\u00e1ban! Megb\u00edzhat\u00f3 biztons\u00e1gi ment\u00e9s, gyors helyre\u00e1ll\u00edt\u00e1s \u00e9s folyamatos adatel\u00e9rhet\u0151s\u00e9g. V\u00e9dje \u00e9s kezelje hat\u00e9konyan v\u00e1llalkoz\u00e1sa kritikus adatait!","breadcrumb":{"@id":"https:\/\/itop.hu\/veeam\/#breadcrumb"},"inLanguage":"en-GB","potentialAction":[{"@type":"ReadAction","target":["https:\/\/itop.hu\/veeam\/"]}]},{"@type":"BreadcrumbList","@id":"https:\/\/itop.hu\/veeam\/#breadcrumb","itemListElement":[{"@type":"ListItem","position":1,"name":"Kezd\u0151lap","item":"https:\/\/itop.hu\/"},{"@type":"ListItem","position":2,"name":"Veeam"}]},{"@type":"WebSite","@id":"https:\/\/itop.hu\/#website","url":"https:\/\/itop.hu\/","name":"ITOP","description":"Ha nyugodtan akar haj\u00f3zni, b\u00edzza r\u00e1nk az \u00fczemeltet\u00e9st!","publisher":{"@id":"https:\/\/itop.hu\/#organization"},"potentialAction":[{"@type":"SearchAction","target":{"@type":"EntryPoint","urlTemplate":"https:\/\/itop.hu\/?s={search_term_string}"},"query-input":{"@type":"PropertyValueSpecification","valueRequired":true,"valueName":"search_term_string"}}],"inLanguage":"en-GB"},{"@type":"Organization","@id":"https:\/\/itop.hu\/#organization","name":"itop - A legjobb ITSM megold\u00e1s a piacon! - CMDB - \u00fczemeltet\u00e9s - kiberbiztons\u00e1g","url":"https:\/\/itop.hu\/","logo":{"@type":"ImageObject","inLanguage":"en-GB","@id":"https:\/\/itop.hu\/#\/schema\/logo\/image\/","url":"https:\/\/itop.hu\/wp-content\/uploads\/2024\/02\/logoitop.png","contentUrl":"https:\/\/itop.hu\/wp-content\/uploads\/2024\/02\/logoitop.png","width":144,"height":71,"caption":"itop - A legjobb ITSM megold\u00e1s a piacon! - CMDB - \u00fczemeltet\u00e9s - kiberbiztons\u00e1g"},"image":{"@id":"https:\/\/itop.hu\/#\/schema\/logo\/image\/"},"sameAs":["https:\/\/www.facebook.com\/profile.php?id=61560571456979"]}]}},"_links":{"self":[{"href":"https:\/\/itop.hu\/eng\/wp-json\/wp\/v2\/pages\/833","targetHints":{"allow":["GET"]}}],"collection":[{"href":"https:\/\/itop.hu\/eng\/wp-json\/wp\/v2\/pages"}],"about":[{"href":"https:\/\/itop.hu\/eng\/wp-json\/wp\/v2\/types\/page"}],"author":[{"embeddable":true,"href":"https:\/\/itop.hu\/eng\/wp-json\/wp\/v2\/users\/1"}],"replies":[{"embeddable":true,"href":"https:\/\/itop.hu\/eng\/wp-json\/wp\/v2\/comments?post=833"}],"version-history":[{"count":5,"href":"https:\/\/itop.hu\/eng\/wp-json\/wp\/v2\/pages\/833\/revisions"}],"predecessor-version":[{"id":1073,"href":"https:\/\/itop.hu\/eng\/wp-json\/wp\/v2\/pages\/833\/revisions\/1073"}],"wp:attachment":[{"href":"https:\/\/itop.hu\/eng\/wp-json\/wp\/v2\/media?parent=833"}],"curies":[{"name":"wp","href":"https:\/\/api.w.org\/{rel}","templated":true}]}}