{"id":929,"date":"2024-12-21T14:49:12","date_gmt":"2024-12-21T14:49:12","guid":{"rendered":"https:\/\/itop.hu\/?page_id=929"},"modified":"2024-12-22T11:02:32","modified_gmt":"2024-12-22T11:02:32","slug":"ceginfo","status":"publish","type":"page","link":"https:\/\/itop.hu\/eng\/ceginfo\/","title":{"rendered":"Company"},"content":{"rendered":"\n[et_pb_section fb_built=&#8221;1&#8243; admin_label=&#8221;Features&#8221; _builder_version=&#8221;4.19.5&#8243; _module_preset=&#8221;default&#8221; background_color=&#8221;gcid-1bcf785a-50e1-437b-b09f-65567babc1de&#8221; use_background_color_gradient=&#8221;on&#8221; background_color_gradient_stops=&#8221;rgba(255,255,255,0) 70%|#0f0122 100%&#8221; background_color_gradient_overlays_image=&#8221;on&#8221; background_image=&#8221;https:\/\/itop.hu\/wp-content\/uploads\/2024\/12\/eye-bg-1.png&#8221; background_size=&#8221;initial&#8221; background_position=&#8221;top_center&#8221; da_disable_devices=&#8221;off|off|off&#8221; collapsed=&#8221;on&#8221; global_colors_info=&#8221;{%22gcid-1bcf785a-50e1-437b-b09f-65567babc1de%22:%91%22background_color%22%93}&#8221; da_is_popup=&#8221;off&#8221; da_exit_intent=&#8221;off&#8221; da_has_close=&#8221;on&#8221; da_alt_close=&#8221;off&#8221; da_dark_close=&#8221;off&#8221; da_not_modal=&#8221;on&#8221; da_is_singular=&#8221;off&#8221; da_with_loader=&#8221;off&#8221; da_has_shadow=&#8221;on&#8221;][et_pb_row column_structure=&#8221;1_3,2_3&#8243; _builder_version=&#8221;4.27.4&#8243; _module_preset=&#8221;default&#8221; global_colors_info=&#8221;{}&#8221;][et_pb_column type=&#8221;1_3&#8243; _builder_version=&#8221;4.19.2&#8243; _module_preset=&#8221;default&#8221; global_colors_info=&#8221;{}&#8221;][et_pb_text _builder_version=&#8221;4.27.4&#8243; _module_preset=&#8221;bd125455-77b5-4e62-9197-7c419ecfefce&#8221; global_colors_info=&#8221;{}&#8221;]<h4>ITOP.HU<\/h4>[\/et_pb_text][\/et_pb_column][et_pb_column type=&#8221;2_3&#8243; _builder_version=&#8221;4.19.2&#8243; _module_preset=&#8221;default&#8221; global_colors_info=&#8221;{}&#8221;][et_pb_text _builder_version=&#8221;4.19.2&#8243; _module_preset=&#8221;d1715955-dee3-4ea4-b8f2-52001c34cae3&#8243; custom_margin=&#8221;||10px||false|false&#8221; global_colors_info=&#8221;{}&#8221;]<h2>C\u00c9GINFO<\/h2>[\/et_pb_text][et_pb_text _builder_version=&#8221;4.27.4&#8243; _module_preset=&#8221;e21f40a8-a6dd-4477-8c34-6f9f72f14525&#8243; hover_enabled=&#8221;0&#8243; global_colors_info=&#8221;{}&#8221; sticky_enabled=&#8221;0&#8243;]<p>ILS-NRG Consulting Korl\u00e1tolt Felel\u0151ss\u00e9g\u0171 T\u00e1rsas\u00e1g<\/p>\n<p>CEO: Imrics\u00e1k L\u00e1szl\u00f3 Andr\u00e1s<\/p>\n<p>C\u00e9gjegyz\u00e9k sz\u00e1ma: 13 09 225004<\/p>\n<p>Ad\u00f3sz\u00e1ma: 32185924-2-13<\/p>\n<p>Sz\u00e9khely: Magyarorsz\u00e1g, 2363 Fels\u0151pakony, G\u00e9za fejedelem u. 6.<\/p>\n<p>K\u00f6zponti telefonsz\u00e1m:<span style=\"color: #ffffff;\"> <a href=\"tel:+ 36703835095\" target=\"_blank\" rel=\"noopener\" style=\"color: #ffffff;\">+ 36 70 383 50 95<\/a><\/span><\/p>\n<p>e-mail c\u00edm:<span style=\"color: #ffffff;\"><a href=\"mailto:info@itop.hu\" target=\"_blank\" rel=\"noopener\" style=\"color: #ffffff;\"> info [kukac] itop.hu<\/a><\/span><\/p>[\/et_pb_text][\/et_pb_column][\/et_pb_row][et_pb_row column_structure=&#8221;1_5,3_5,1_5&#8243; _builder_version=&#8221;4.27.4&#8243; _module_preset=&#8221;default&#8221; global_colors_info=&#8221;{}&#8221;][et_pb_column type=&#8221;1_5&#8243; _builder_version=&#8221;4.27.4&#8243; _module_preset=&#8221;default&#8221; global_colors_info=&#8221;{}&#8221;][\/et_pb_column][et_pb_column type=&#8221;3_5&#8243; _builder_version=&#8221;4.27.4&#8243; _module_preset=&#8221;default&#8221; global_colors_info=&#8221;{}&#8221;][et_pb_image src=&#8221;https:\/\/itop.hu\/wp-content\/uploads\/2024\/12\/logobluebackground-300&#215;143.webp&#8221; title_text=&#8221;logobluebackground&#8221; align=&#8221;center&#8221; _builder_version=&#8221;4.27.4&#8243; _module_preset=&#8221;default&#8221; global_colors_info=&#8221;{}&#8221;][\/et_pb_image][\/et_pb_column][et_pb_column type=&#8221;1_5&#8243; _builder_version=&#8221;4.27.4&#8243; _module_preset=&#8221;default&#8221; global_colors_info=&#8221;{}&#8221;][\/et_pb_column][\/et_pb_row][\/et_pb_section]\n","protected":false},"excerpt":{"rendered":"<p>ITOP.HUC\u00c9GINFOILS-NRG Consulting Korl\u00e1tolt Felel\u0151ss\u00e9g\u0171 T\u00e1rsas\u00e1g CEO: Imrics\u00e1k L\u00e1szl\u00f3 Andr\u00e1s C\u00e9gjegyz\u00e9k sz\u00e1ma: 13 09 225004 Ad\u00f3sz\u00e1ma: 32185924-2-13 Sz\u00e9khely: Magyarorsz\u00e1g, 2363 Fels\u0151pakony, G\u00e9za fejedelem u. 6. K\u00f6zponti telefonsz\u00e1m: + 36 70 383 50 95 e-mail c\u00edm: info [kukac] itop.hu<\/p>\n","protected":false},"author":1,"featured_media":0,"parent":0,"menu_order":0,"comment_status":"closed","ping_status":"closed","template":"","meta":{"_et_pb_use_builder":"on","_et_pb_old_content":"","_et_gb_content_width":"","footnotes":""},"class_list":["post-929","page","type-page","status-publish","hentry"],"yoast_head":"<!-- This site is optimized with the Yoast SEO plugin v27.5 - https:\/\/yoast.com\/product\/yoast-seo-wordpress\/ -->\n<title>C\u00e9ginfo - itop<\/title>\n<meta name=\"description\" content=\"Ismerje meg az ITOP-ot, Magyarorsz\u00e1g innovat\u00edv IT szolg\u00e1ltat\u00f3j\u00e1t! Fedezze fel k\u00fcldet\u00e9s\u00fcnket, \u00e9rt\u00e9keinket \u00e9s szak\u00e9rt\u0151i csapatunkat. Innovat\u00edv megold\u00e1saink \u00e9s \u00fcgyf\u00e9lk\u00f6zpont\u00fa szeml\u00e9let\u00fcnk garant\u00e1lja v\u00e1llalkoz\u00e1sa technol\u00f3giai siker\u00e9t\" \/>\n<meta name=\"robots\" content=\"index, follow, max-snippet:-1, max-image-preview:large, max-video-preview:-1\" \/>\n<link rel=\"canonical\" href=\"https:\/\/itop.hu\/eng\/ceginfo\/\" \/>\n<meta property=\"og:locale\" content=\"en_GB\" \/>\n<meta property=\"og:type\" content=\"article\" \/>\n<meta property=\"og:title\" content=\"C\u00e9ginfo - itop\" \/>\n<meta property=\"og:description\" content=\"Ismerje meg az ITOP-ot, Magyarorsz\u00e1g innovat\u00edv IT szolg\u00e1ltat\u00f3j\u00e1t! Fedezze fel k\u00fcldet\u00e9s\u00fcnket, \u00e9rt\u00e9keinket \u00e9s szak\u00e9rt\u0151i csapatunkat. Innovat\u00edv megold\u00e1saink \u00e9s \u00fcgyf\u00e9lk\u00f6zpont\u00fa szeml\u00e9let\u00fcnk garant\u00e1lja v\u00e1llalkoz\u00e1sa technol\u00f3giai siker\u00e9t\" \/>\n<meta property=\"og:url\" content=\"https:\/\/itop.hu\/eng\/ceginfo\/\" \/>\n<meta property=\"og:site_name\" content=\"itop\" \/>\n<meta property=\"article:publisher\" content=\"https:\/\/www.facebook.com\/profile.php?id=61560571456979\" \/>\n<meta property=\"article:modified_time\" content=\"2024-12-22T11:02:32+00:00\" \/>\n<meta property=\"og:image\" content=\"https:\/\/itop.hu\/wp-content\/uploads\/2024\/02\/logoitop.png\" \/>\n\t<meta property=\"og:image:width\" content=\"144\" \/>\n\t<meta property=\"og:image:height\" content=\"71\" \/>\n\t<meta property=\"og:image:type\" content=\"image\/png\" \/>\n<meta name=\"twitter:card\" content=\"summary_large_image\" \/>\n<meta name=\"twitter:label1\" content=\"Estimated reading time\" \/>\n\t<meta name=\"twitter:data1\" content=\"1 minute\" \/>\n<script type=\"application\/ld+json\" class=\"yoast-schema-graph\">{\"@context\":\"https:\\\/\\\/schema.org\",\"@graph\":[{\"@type\":\"WebPage\",\"@id\":\"https:\\\/\\\/itop.hu\\\/ceginfo\\\/\",\"url\":\"https:\\\/\\\/itop.hu\\\/ceginfo\\\/\",\"name\":\"C\u00e9ginfo - itop\",\"isPartOf\":{\"@id\":\"https:\\\/\\\/itop.hu\\\/#website\"},\"datePublished\":\"2024-12-21T14:49:12+00:00\",\"dateModified\":\"2024-12-22T11:02:32+00:00\",\"description\":\"Ismerje meg az ITOP-ot, Magyarorsz\u00e1g innovat\u00edv IT szolg\u00e1ltat\u00f3j\u00e1t! Fedezze fel k\u00fcldet\u00e9s\u00fcnket, \u00e9rt\u00e9keinket \u00e9s szak\u00e9rt\u0151i csapatunkat. Innovat\u00edv megold\u00e1saink \u00e9s \u00fcgyf\u00e9lk\u00f6zpont\u00fa szeml\u00e9let\u00fcnk garant\u00e1lja v\u00e1llalkoz\u00e1sa technol\u00f3giai siker\u00e9t\",\"breadcrumb\":{\"@id\":\"https:\\\/\\\/itop.hu\\\/ceginfo\\\/#breadcrumb\"},\"inLanguage\":\"en-GB\",\"potentialAction\":[{\"@type\":\"ReadAction\",\"target\":[\"https:\\\/\\\/itop.hu\\\/ceginfo\\\/\"]}]},{\"@type\":\"BreadcrumbList\",\"@id\":\"https:\\\/\\\/itop.hu\\\/ceginfo\\\/#breadcrumb\",\"itemListElement\":[{\"@type\":\"ListItem\",\"position\":1,\"name\":\"Kezd\u0151lap\",\"item\":\"https:\\\/\\\/itop.hu\\\/\"},{\"@type\":\"ListItem\",\"position\":2,\"name\":\"C\u00e9ginfo\"}]},{\"@type\":\"WebSite\",\"@id\":\"https:\\\/\\\/itop.hu\\\/#website\",\"url\":\"https:\\\/\\\/itop.hu\\\/\",\"name\":\"itop\",\"description\":\"Ha nyugodtan akar haj\u00f3zni, b\u00edzza r\u00e1nk az \u00fczemeltet\u00e9st!\",\"publisher\":{\"@id\":\"https:\\\/\\\/itop.hu\\\/#organization\"},\"potentialAction\":[{\"@type\":\"SearchAction\",\"target\":{\"@type\":\"EntryPoint\",\"urlTemplate\":\"https:\\\/\\\/itop.hu\\\/?s={search_term_string}\"},\"query-input\":{\"@type\":\"PropertyValueSpecification\",\"valueRequired\":true,\"valueName\":\"search_term_string\"}}],\"inLanguage\":\"en-GB\"},{\"@type\":\"Organization\",\"@id\":\"https:\\\/\\\/itop.hu\\\/#organization\",\"name\":\"itop - A legjobb ITSM megold\u00e1s a piacon! - CMDB - \u00fczemeltet\u00e9s - kiberbiztons\u00e1g\",\"url\":\"https:\\\/\\\/itop.hu\\\/\",\"logo\":{\"@type\":\"ImageObject\",\"inLanguage\":\"en-GB\",\"@id\":\"https:\\\/\\\/itop.hu\\\/#\\\/schema\\\/logo\\\/image\\\/\",\"url\":\"https:\\\/\\\/itop.hu\\\/wp-content\\\/uploads\\\/2024\\\/02\\\/logoitop.png\",\"contentUrl\":\"https:\\\/\\\/itop.hu\\\/wp-content\\\/uploads\\\/2024\\\/02\\\/logoitop.png\",\"width\":144,\"height\":71,\"caption\":\"itop - A legjobb ITSM megold\u00e1s a piacon! - CMDB - \u00fczemeltet\u00e9s - kiberbiztons\u00e1g\"},\"image\":{\"@id\":\"https:\\\/\\\/itop.hu\\\/#\\\/schema\\\/logo\\\/image\\\/\"},\"sameAs\":[\"https:\\\/\\\/www.facebook.com\\\/profile.php?id=61560571456979\"]}]}<\/script>\n<!-- \/ Yoast SEO plugin. -->","yoast_head_json":{"title":"C\u00e9ginfo - itop","description":"Ismerje meg az ITOP-ot, Magyarorsz\u00e1g innovat\u00edv IT szolg\u00e1ltat\u00f3j\u00e1t! Fedezze fel k\u00fcldet\u00e9s\u00fcnket, \u00e9rt\u00e9keinket \u00e9s szak\u00e9rt\u0151i csapatunkat. Innovat\u00edv megold\u00e1saink \u00e9s \u00fcgyf\u00e9lk\u00f6zpont\u00fa szeml\u00e9let\u00fcnk garant\u00e1lja v\u00e1llalkoz\u00e1sa technol\u00f3giai siker\u00e9t","robots":{"index":"index","follow":"follow","max-snippet":"max-snippet:-1","max-image-preview":"max-image-preview:large","max-video-preview":"max-video-preview:-1"},"canonical":"https:\/\/itop.hu\/eng\/ceginfo\/","og_locale":"en_GB","og_type":"article","og_title":"C\u00e9ginfo - itop","og_description":"Ismerje meg az ITOP-ot, Magyarorsz\u00e1g innovat\u00edv IT szolg\u00e1ltat\u00f3j\u00e1t! Fedezze fel k\u00fcldet\u00e9s\u00fcnket, \u00e9rt\u00e9keinket \u00e9s szak\u00e9rt\u0151i csapatunkat. Innovat\u00edv megold\u00e1saink \u00e9s \u00fcgyf\u00e9lk\u00f6zpont\u00fa szeml\u00e9let\u00fcnk garant\u00e1lja v\u00e1llalkoz\u00e1sa technol\u00f3giai siker\u00e9t","og_url":"https:\/\/itop.hu\/eng\/ceginfo\/","og_site_name":"itop","article_publisher":"https:\/\/www.facebook.com\/profile.php?id=61560571456979","article_modified_time":"2024-12-22T11:02:32+00:00","og_image":[{"width":144,"height":71,"url":"https:\/\/itop.hu\/wp-content\/uploads\/2024\/02\/logoitop.png","type":"image\/png"}],"twitter_card":"summary_large_image","twitter_misc":{"Estimated reading time":"1 minute"},"schema":{"@context":"https:\/\/schema.org","@graph":[{"@type":"WebPage","@id":"https:\/\/itop.hu\/ceginfo\/","url":"https:\/\/itop.hu\/ceginfo\/","name":"C\u00e9ginfo - itop","isPartOf":{"@id":"https:\/\/itop.hu\/#website"},"datePublished":"2024-12-21T14:49:12+00:00","dateModified":"2024-12-22T11:02:32+00:00","description":"Ismerje meg az ITOP-ot, Magyarorsz\u00e1g innovat\u00edv IT szolg\u00e1ltat\u00f3j\u00e1t! Fedezze fel k\u00fcldet\u00e9s\u00fcnket, \u00e9rt\u00e9keinket \u00e9s szak\u00e9rt\u0151i csapatunkat. Innovat\u00edv megold\u00e1saink \u00e9s \u00fcgyf\u00e9lk\u00f6zpont\u00fa szeml\u00e9let\u00fcnk garant\u00e1lja v\u00e1llalkoz\u00e1sa technol\u00f3giai siker\u00e9t","breadcrumb":{"@id":"https:\/\/itop.hu\/ceginfo\/#breadcrumb"},"inLanguage":"en-GB","potentialAction":[{"@type":"ReadAction","target":["https:\/\/itop.hu\/ceginfo\/"]}]},{"@type":"BreadcrumbList","@id":"https:\/\/itop.hu\/ceginfo\/#breadcrumb","itemListElement":[{"@type":"ListItem","position":1,"name":"Kezd\u0151lap","item":"https:\/\/itop.hu\/"},{"@type":"ListItem","position":2,"name":"C\u00e9ginfo"}]},{"@type":"WebSite","@id":"https:\/\/itop.hu\/#website","url":"https:\/\/itop.hu\/","name":"ITOP","description":"Ha nyugodtan akar haj\u00f3zni, b\u00edzza r\u00e1nk az \u00fczemeltet\u00e9st!","publisher":{"@id":"https:\/\/itop.hu\/#organization"},"potentialAction":[{"@type":"SearchAction","target":{"@type":"EntryPoint","urlTemplate":"https:\/\/itop.hu\/?s={search_term_string}"},"query-input":{"@type":"PropertyValueSpecification","valueRequired":true,"valueName":"search_term_string"}}],"inLanguage":"en-GB"},{"@type":"Organization","@id":"https:\/\/itop.hu\/#organization","name":"itop - A legjobb ITSM megold\u00e1s a piacon! - CMDB - \u00fczemeltet\u00e9s - kiberbiztons\u00e1g","url":"https:\/\/itop.hu\/","logo":{"@type":"ImageObject","inLanguage":"en-GB","@id":"https:\/\/itop.hu\/#\/schema\/logo\/image\/","url":"https:\/\/itop.hu\/wp-content\/uploads\/2024\/02\/logoitop.png","contentUrl":"https:\/\/itop.hu\/wp-content\/uploads\/2024\/02\/logoitop.png","width":144,"height":71,"caption":"itop - A legjobb ITSM megold\u00e1s a piacon! - CMDB - \u00fczemeltet\u00e9s - kiberbiztons\u00e1g"},"image":{"@id":"https:\/\/itop.hu\/#\/schema\/logo\/image\/"},"sameAs":["https:\/\/www.facebook.com\/profile.php?id=61560571456979"]}]}},"_links":{"self":[{"href":"https:\/\/itop.hu\/eng\/wp-json\/wp\/v2\/pages\/929","targetHints":{"allow":["GET"]}}],"collection":[{"href":"https:\/\/itop.hu\/eng\/wp-json\/wp\/v2\/pages"}],"about":[{"href":"https:\/\/itop.hu\/eng\/wp-json\/wp\/v2\/types\/page"}],"author":[{"embeddable":true,"href":"https:\/\/itop.hu\/eng\/wp-json\/wp\/v2\/users\/1"}],"replies":[{"embeddable":true,"href":"https:\/\/itop.hu\/eng\/wp-json\/wp\/v2\/comments?post=929"}],"version-history":[{"count":5,"href":"https:\/\/itop.hu\/eng\/wp-json\/wp\/v2\/pages\/929\/revisions"}],"predecessor-version":[{"id":1074,"href":"https:\/\/itop.hu\/eng\/wp-json\/wp\/v2\/pages\/929\/revisions\/1074"}],"wp:attachment":[{"href":"https:\/\/itop.hu\/eng\/wp-json\/wp\/v2\/media?parent=929"}],"curies":[{"name":"wp","href":"https:\/\/api.w.org\/{rel}","templated":true}]}}